{"id":18213,"date":"2022-07-28T16:54:50","date_gmt":"2022-07-28T19:54:50","guid":{"rendered":"https:\/\/www.casadainjecao.com.br\/loja\/?post_type=product&#038;p=18213"},"modified":"2026-05-04T16:15:59","modified_gmt":"2026-05-04T19:15:59","slug":"bico-injetor-golf-polo-fox-voyage-1-6-flex-0280156403","status":"publish","type":"product","link":"https:\/\/www.casadainjecao.com.br\/loja\/autopecas\/injecao-eletronica\/bico-injetor\/bico-injetor-golf-polo-fox-voyage-1-6-flex-0280156403\/","title":{"rendered":"Bico Injetor Golf Polo Fox Voyage 1.6 Flex &#8211; 028015640"},"content":{"rendered":"<h1>Bico Injetor Golf Polo Fox Voyage 1.6 Flex &#8211; 0280156403<\/h1>\n","protected":false},"excerpt":{"rendered":"<h2>Bico Injetor Multiponto<\/h2>\n<h2>Volkswagen Golf Polo Fox Voyage 1.6 Flex<\/h2>\n<h2>Codigo:- 0280156403\/0820651403\u00a0 c=197<\/h2>\n","protected":false},"featured_media":18225,"template":"","meta":{"_seopress_robots_primary_cat":"none","_seopress_titles_title":"","_seopress_titles_desc":"","_seopress_robots_index":"","_seopress_analysis_target_kw":"","_kad_blocks_custom_css":"","_kad_blocks_head_custom_js":"","_kad_blocks_body_custom_js":"","_kad_blocks_footer_custom_js":"","_kadence_starter_templates_imported_post":false,"_joinchat":[]},"product_brand":[],"product_cat":[256,259,21,266],"product_tag":[698,75,1496,1086],"berocket_brand":[396],"class_list":{"0":"post-18213","1":"product","2":"type-product","3":"status-publish","4":"has-post-thumbnail","6":"product_cat-bico-injetor","7":"product_cat-filtro-bico-injetor","8":"product_cat-injecao-eletronica","9":"product_cat-orings","10":"product_tag-golf","11":"product_tag-polo","12":"product_tag-savero","13":"product_tag-voyage","14":"berocket_brand-volkswagen","15":"thunk-woo-product-list","16":"big-store-woo-hover-zoom","17":"open-single-product-tab-horizontal","18":"open-shadow-","19":"open-shadow-hover-","21":"first","22":"instock","23":"sale","24":"taxable","25":"shipping-taxable","26":"purchasable","27":"product-type-simple"},"taxonomy_info":{"product_cat":[{"value":256,"label":"Bico Injetor"},{"value":259,"label":"Filtro Bico Injetor"},{"value":21,"label":"Inje\u00e7\u00e3o Eletr\u00f4nica"},{"value":266,"label":"Orings"}],"product_tag":[{"value":698,"label":"Golf"},{"value":75,"label":"polo"},{"value":1496,"label":"Savero"},{"value":1086,"label":"Voyage"}],"berocket_brand":[{"value":396,"label":"Volkswagen"}]},"featured_image_src_large":["https:\/\/www.casadainjecao.com.br\/loja\/wp-content\/uploads\/2022\/07\/Bico-Injetor-Golf-Polo-Fox-Voyage-1.6-Flex-0280156403-d.jpg",640,480,false],"author_info":[],"comment_info":"","_links":{"self":[{"href":"https:\/\/www.casadainjecao.com.br\/loja\/wp-json\/wp\/v2\/product\/18213","targetHints":{"allow":["GET"]}}],"collection":[{"href":"https:\/\/www.casadainjecao.com.br\/loja\/wp-json\/wp\/v2\/product"}],"about":[{"href":"https:\/\/www.casadainjecao.com.br\/loja\/wp-json\/wp\/v2\/types\/product"}],"wp:featuredmedia":[{"embeddable":true,"href":"https:\/\/www.casadainjecao.com.br\/loja\/wp-json\/wp\/v2\/media\/18225"}],"wp:attachment":[{"href":"https:\/\/www.casadainjecao.com.br\/loja\/wp-json\/wp\/v2\/media?parent=18213"}],"wp:term":[{"taxonomy":"product_brand","embeddable":true,"href":"https:\/\/www.casadainjecao.com.br\/loja\/wp-json\/wp\/v2\/product_brand?post=18213"},{"taxonomy":"product_cat","embeddable":true,"href":"https:\/\/www.casadainjecao.com.br\/loja\/wp-json\/wp\/v2\/product_cat?post=18213"},{"taxonomy":"product_tag","embeddable":true,"href":"https:\/\/www.casadainjecao.com.br\/loja\/wp-json\/wp\/v2\/product_tag?post=18213"},{"taxonomy":"berocket_brand","embeddable":true,"href":"https:\/\/www.casadainjecao.com.br\/loja\/wp-json\/wp\/v2\/berocket_brand?post=18213"}],"curies":[{"name":"wp","href":"https:\/\/api.w.org\/{rel}","templated":true}]}}