{"id":18268,"date":"2022-07-29T14:31:50","date_gmt":"2022-07-29T17:31:50","guid":{"rendered":"https:\/\/www.casadainjecao.com.br\/loja\/?post_type=product&#038;p=18268"},"modified":"2024-01-15T15:23:20","modified_gmt":"2024-01-15T18:23:20","slug":"rele-auxiliar-renault-clio-12v-40a-20240041","status":"publish","type":"product","link":"https:\/\/www.casadainjecao.com.br\/loja\/autopecas\/eletrica\/reles\/rele-auxiliar-renault-clio-12v-40a-20240041\/","title":{"rendered":"Rele Auxiliar 12V 40A Rosa Renault Clio 12v 40A &#8211; 2024"},"content":{"rendered":"<h1>Rele Auxiliar 12v 40A Rosa<\/h1>\n<p><strong>Serve para Renault modelos: Clio, Duster, Laguna, Trafic, Kangoo, Master<\/strong><\/p>\n<h2>APLICA\u00c7\u00c3O:<\/h2>\n<p>O Rele Auxiliar \u00e9 compat\u00edvel com os seguintes modelos:<\/p>\n<ul>\n<li><strong>RENAULT<\/strong><\/li>\n<li>Clio 2008 a 2019<\/li>\n<li>Duster 2008 a 2019<\/li>\n<li>Laguna 2008 a 2019<\/li>\n<li>Trafic 2008 2019<\/li>\n<li>Kangoo 2008 a 2019<\/li>\n<li>Master 2008 a 2019<\/li>\n<\/ul>\n<p><strong>O que \u00e9 e para que serve o Rele Auxiliar?<\/strong><\/p>\n<p>O Rel\u00e9 Auxiliar controla o circuito de alta corrente, ele atua como um interruptor controlado eletricamente, permitindo que um circuito de baixa corrente controle um dispositivo de alta corrente sem a necessidade de passar corrente diretamente pelo interruptor de controle.<\/p>\n<p><strong>C\u00f3digo de refer\u00eancia:<\/strong><\/p>\n<p>20240041<\/p>\n<p><strong>Condi\u00e7\u00f5es:<\/strong><\/p>\n<p>Novo Original \/ Marca G. Cartier<\/p>\n<h4>Garantia:<\/h4>\n<p>3 Meses<\/p>\n<p>A Casa da Inje\u00e7\u00e3o oferece total garantia nos produtos comprados em nosso site.<\/p>\n<ol>\n<li>Cada item \u00e9 rigorosamente testado antes do envio<\/li>\n<li>Se os itens estiverem danificados ou parcialmente defeituosos, entre em contato conosco.<\/li>\n<\/ol>\n<p>Se houver qualquer defeito, n\u00f3s lhe enviaremos uma substitui\u00e7\u00e3o ap\u00f3s receber o pacote ou devolvemos seu dinheiro.<\/p>\n<p>Leia nossa <a href=\"https:\/\/www.casadainjecao.com.br\/loja\/politica-de-devolucao\">pol\u00edtica de devolu\u00e7\u00e3o aqui<\/a><\/p>\n<p>&#8212;&#8212;&#8212;&#8212;&#8212;&#8212;&#8212;&#8212;&#8212;&#8212;&#8212;&#8212;&#8212;&#8212;&#8212;&#8212;&#8212;&#8212;&#8212;&#8211;<\/p>\n<p><strong>ATEN\u00c7\u00c3O<\/strong>: Antes de efetuar a compra verifique o c\u00f3digo do Rele Auxiliar que est\u00e1 instalado no seu ve\u00edculo.<\/p>\n<p>O Rele Auxiliar \u00e9 compat\u00edvel com as marcas Renault Clio, Duster, Laguna, Trafic, Kangoo, Master<\/p>\n<p>&#8212;&#8212;&#8212;&#8212;&#8212;&#8212;&#8212;&#8212;&#8212;&#8212;&#8212;&#8212;&#8212;&#8212;&#8212;&#8212;&#8212;&#8212;&#8212;&#8212;-<\/p>\n<h4>Tem alguma d\u00favida?<\/h4>\n<p>Entre em contato que podemos ajudar!<\/p>\n<p>Confira as informa\u00e7\u00f5es adicionais abaixo:<\/p>\n<ul>\n<li>Todos os nossos produtos s\u00e3o novos, semi-novos, originais, paralelos e possuem garantia.<\/li>\n<li>Todos os produtos anunciados est\u00e3o dispon\u00edveis em estoque e s\u00e3o enviados com extrema rapidez.<\/li>\n<li>O frete pode ser simulado antes de efetuar a compra, basta clicar em \u201cver custos de envio\u201d.<\/li>\n<li>Verifique o endere\u00e7o de entrega cadastrado e atualize caso necess\u00e1rio.<\/li>\n<li>Confirme se a pe\u00e7a \u00e9 correta para o seu modelo de ve\u00edculo.<\/li>\n<li>Para pe\u00e7as automotivas, recomendamos a instala\u00e7\u00e3o por um profissional especializado.<\/li>\n<\/ul>\n<p>Caso possua outras d\u00favidas, entre em contato.<\/p>\n<p>&nbsp;<\/p>\n<p>&nbsp;<\/p>\n","protected":false},"excerpt":{"rendered":"<h2>Rele Auxiliar 12v 40A Rosa<\/h2>\n<h2>Renault Clio Duster Laguna Trafic Kangoo Master<\/h2>\n<h2>Codigo: 20240041, 8200308271, 8200338692, 8200052596, 7700844253<\/h2>\n","protected":false},"featured_media":18284,"template":"","meta":{"_seopress_robots_primary_cat":"none","_seopress_titles_title":"","_seopress_titles_desc":"","_seopress_robots_index":"","_seopress_analysis_target_kw":"","_kad_blocks_custom_css":"","_kad_blocks_head_custom_js":"","_kad_blocks_body_custom_js":"","_kad_blocks_footer_custom_js":"","_kadence_starter_templates_imported_post":false,"_joinchat":[]},"product_brand":[],"product_cat":[17,153],"product_tag":[49,52,57,128,81,50,152],"berocket_brand":[394],"class_list":{"0":"post-18268","1":"product","2":"type-product","3":"status-publish","4":"has-post-thumbnail","6":"product_cat-eletrica","7":"product_cat-reles","8":"product_tag-clio","9":"product_tag-duster","10":"product_tag-kangoo","11":"product_tag-laguna","12":"product_tag-master","13":"product_tag-megane","14":"product_tag-trafic","15":"berocket_brand-renault","16":"thunk-woo-product-list","17":"big-store-woo-hover-zoom","18":"open-single-product-tab-horizontal","19":"open-shadow-","20":"open-shadow-hover-","22":"first","23":"outofstock","24":"sale","25":"taxable","26":"shipping-taxable","27":"purchasable","28":"product-type-simple"},"taxonomy_info":{"product_cat":[{"value":17,"label":"El\u00e9trica"},{"value":153,"label":"Reles"}],"product_tag":[{"value":49,"label":"Clio"},{"value":52,"label":"Duster"},{"value":57,"label":"Kangoo"},{"value":128,"label":"Laguna"},{"value":81,"label":"Master"},{"value":50,"label":"Megane"},{"value":152,"label":"Trafic"}],"berocket_brand":[{"value":394,"label":"Renault"}]},"featured_image_src_large":["https:\/\/www.casadainjecao.com.br\/loja\/wp-content\/uploads\/2022\/07\/Rele-Auxiliar-Renault-Clio-12v-40A-20240041-688x780.jpg",640,726,true],"author_info":[],"comment_info":"","_links":{"self":[{"href":"https:\/\/www.casadainjecao.com.br\/loja\/wp-json\/wp\/v2\/product\/18268","targetHints":{"allow":["GET"]}}],"collection":[{"href":"https:\/\/www.casadainjecao.com.br\/loja\/wp-json\/wp\/v2\/product"}],"about":[{"href":"https:\/\/www.casadainjecao.com.br\/loja\/wp-json\/wp\/v2\/types\/product"}],"wp:featuredmedia":[{"embeddable":true,"href":"https:\/\/www.casadainjecao.com.br\/loja\/wp-json\/wp\/v2\/media\/18284"}],"wp:attachment":[{"href":"https:\/\/www.casadainjecao.com.br\/loja\/wp-json\/wp\/v2\/media?parent=18268"}],"wp:term":[{"taxonomy":"product_brand","embeddable":true,"href":"https:\/\/www.casadainjecao.com.br\/loja\/wp-json\/wp\/v2\/product_brand?post=18268"},{"taxonomy":"product_cat","embeddable":true,"href":"https:\/\/www.casadainjecao.com.br\/loja\/wp-json\/wp\/v2\/product_cat?post=18268"},{"taxonomy":"product_tag","embeddable":true,"href":"https:\/\/www.casadainjecao.com.br\/loja\/wp-json\/wp\/v2\/product_tag?post=18268"},{"taxonomy":"berocket_brand","embeddable":true,"href":"https:\/\/www.casadainjecao.com.br\/loja\/wp-json\/wp\/v2\/berocket_brand?post=18268"}],"curies":[{"name":"wp","href":"https:\/\/api.w.org\/{rel}","templated":true}]}}