{"id":18422,"date":"2022-08-05T11:53:21","date_gmt":"2022-08-05T14:53:21","guid":{"rendered":"https:\/\/www.casadainjecao.com.br\/loja\/?post_type=product&#038;p=18422"},"modified":"2026-03-30T16:23:09","modified_gmt":"2026-03-30T19:23:09","slug":"botao-vidro-eletrico-renault-kangoo-5-pinos-7700838100","status":"publish","type":"product","link":"https:\/\/www.casadainjecao.com.br\/loja\/autopecas\/eletrica\/botoes\/botao-vidro-eletrico-renault-kangoo-5-pinos-7700838100\/","title":{"rendered":"Bot\u00e3o Vidro El\u00e9trico Renault Scenic Kangoo &#8211; 7700838"},"content":{"rendered":"<h1>Bot\u00e3o Vidro El\u00e9trico 5 Pinos Original<\/h1>\n<p data-start=\"1673\" data-end=\"1727\">Renault <strong data-start=\"1681\" data-end=\"1691\">Scenic<\/strong> (vidros el\u00e9tricos) \u2014 1997 1998 1999 2000 2001 2002 2003 2004 2005 2006 2007 2008 2009<\/p>\n<p data-start=\"1730\" data-end=\"1782\">Renault <strong data-start=\"1738\" data-end=\"1748\">Kangoo<\/strong> (vidros el\u00e9tricos) \u2014 1998 1999 2000 2001 2002 2003 2004 2005 2006 2007 2008 2009 2010 2011 2012 2013<\/p>\n<p data-start=\"1730\" data-end=\"1782\">\n<p data-start=\"2104\" data-end=\"2180\"><strong data-start=\"2104\" data-end=\"2180\">Poss\u00edveis compat\u00edveis dependendo do painel\/encaixe (verifique conector):<\/strong><\/p>\n<ul data-start=\"2181\" data-end=\"2375\">\n<li data-start=\"2181\" data-end=\"2246\">\n<p data-start=\"2183\" data-end=\"2246\">Renault <strong data-start=\"2191\" data-end=\"2199\">Clio<\/strong> (1\u00aa\/2\u00aa gera\u00e7\u00e3o) \u2014 vers\u00f5es com vidro el\u00e9trico<\/p>\n<\/li>\n<li data-start=\"2247\" data-end=\"2325\">\n<p data-start=\"2249\" data-end=\"2325\">Renault <strong data-start=\"2257\" data-end=\"2281\">Megane Hatch \/ Sedan<\/strong> (1\u00aa gera\u00e7\u00e3o) \u2014 vers\u00f5es com vidro el\u00e9trico<\/p>\n<\/li>\n<li data-start=\"2326\" data-end=\"2375\">\n<p data-start=\"2328\" data-end=\"2375\">Renault <strong data-start=\"2336\" data-end=\"2346\">Twingo<\/strong> \u2014 vers\u00f5es com vidro el\u00e9trico<\/p>\n<\/li>\n<\/ul>\n<p data-start=\"1730\" data-end=\"1782\">\n<h1>Codigo: 7700838100<\/h1>\n<p>Condi\u00e7\u00e3o do item: Novo<\/p>\n<p>Marca: Renault<\/p>\n<p>garantia: 3 meses<\/p>\n<p>ATEN\u00c7\u00c3O: Antes de efetuar a compra verifique o c\u00f3digo da sua pe\u00e7a que est\u00e1 instalado no seu ve\u00edculo. e confirme se corresponde ao c\u00f3digo informado neste an\u00fancio.<br \/>\nEm caso de d\u00favida, utilize o campo de perguntas.<\/p>\n<p>&nbsp;<\/p>\n<p>A Casa da Inje\u00e7\u00e3o oferece total garantia nos produtos comprados em nosso site.<br \/>\nCada item \u00e9 rigorosamente testado antes do envio<br \/>\nSe os itens estiverem danificados ou parcialmente defeituosos, entre em contato conosco.<br \/>\nProcure um profissional devidamente licenciado para a instala\u00e7\u00e3o e fa\u00e7a revis\u00f5es periodicamente. A empresa n\u00e3o se responsabiliza por problemas oriundos da m\u00e1 instala\u00e7\u00e3o ou com a falta de cuidados peri\u00f3dicos dos componentes.<br \/>\nSe houver qualquer defeito, n\u00f3s lhe enviaremos uma substitui\u00e7\u00e3o ap\u00f3s receber o pacote ou devolvemos seu dinheiro.<br \/>\nLeia nossa pol\u00edtica de devolu\u00e7\u00e3o aqui<br \/>\nTem alguma d\u00favida?<br \/>\nEntre em contato que podemos ajudar!<br \/>\nConfira as informa\u00e7\u00f5es adicionais abaixo:<br \/>\nTodos os nossos produtos s\u00e3o novos, semi-novos, originais e paralelos possuem garantia.<br \/>\nTodos os produtos anunciados est\u00e3o dispon\u00edveis em estoque e s\u00e3o enviados com extrema rapidez.<br \/>\nO frete pode ser simulado antes de efetuar a compra, basta clicar em \u201cver custos de envio\u201d.<br \/>\nVerifique o endere\u00e7o de entrega cadastrado e atualize caso necess\u00e1rio.<br \/>\nConfirme se a pe\u00e7a \u00e9 correta para o seu modelo de ve\u00edculo.<br \/>\nPara pe\u00e7as automotivas, recomendamos a instala\u00e7\u00e3o por um profissional especializado.<br \/>\nCaso possua outras d\u00favidas, entre em contato.<\/p>\n","protected":false},"excerpt":{"rendered":"<h2>Bot\u00e3o Vidro El\u00e9trico Kangoo Megane Scenic &#8211;\u00a07700838100<\/h2>\n","protected":false},"featured_media":18428,"template":"","meta":{"_seopress_robots_primary_cat":"none","_seopress_titles_title":"","_seopress_titles_desc":"","_seopress_robots_index":"","_joinchat":[]},"product_cat":[118,17],"product_tag":[57,50,51],"berocket_brand":[394],"_links":{"self":[{"href":"https:\/\/www.casadainjecao.com.br\/loja\/wp-json\/wp\/v2\/product\/18422"}],"collection":[{"href":"https:\/\/www.casadainjecao.com.br\/loja\/wp-json\/wp\/v2\/product"}],"about":[{"href":"https:\/\/www.casadainjecao.com.br\/loja\/wp-json\/wp\/v2\/types\/product"}],"wp:featuredmedia":[{"embeddable":true,"href":"https:\/\/www.casadainjecao.com.br\/loja\/wp-json\/wp\/v2\/media\/18428"}],"wp:attachment":[{"href":"https:\/\/www.casadainjecao.com.br\/loja\/wp-json\/wp\/v2\/media?parent=18422"}],"wp:term":[{"taxonomy":"product_cat","embeddable":true,"href":"https:\/\/www.casadainjecao.com.br\/loja\/wp-json\/wp\/v2\/product_cat?post=18422"},{"taxonomy":"product_tag","embeddable":true,"href":"https:\/\/www.casadainjecao.com.br\/loja\/wp-json\/wp\/v2\/product_tag?post=18422"},{"taxonomy":"berocket_brand","embeddable":true,"href":"https:\/\/www.casadainjecao.com.br\/loja\/wp-json\/wp\/v2\/berocket_brand?post=18422"}],"curies":[{"name":"wp","href":"https:\/\/api.w.org\/{rel}","templated":true}]}}