{"id":18480,"date":"2022-08-08T11:54:05","date_gmt":"2022-08-08T14:54:05","guid":{"rendered":"https:\/\/www.casadainjecao.com.br\/loja\/?post_type=product&#038;p=18480"},"modified":"2026-05-11T12:31:07","modified_gmt":"2026-05-11T15:31:07","slug":"bico-injetor-mpfi-gm-corsa-1-0-8v-25319300","status":"publish","type":"product","link":"https:\/\/www.casadainjecao.com.br\/loja\/autopecas\/injecao-eletronica\/bico-injetor\/bico-injetor-mpfi-gm-corsa-1-0-8v-25319300\/","title":{"rendered":"Bico Injetor MPFI Chevrolet Corsa 1.0 8V &#8211; 25319300"},"content":{"rendered":"<h2>BICO INJETOR CORSA \/ CELTA \/ CLASSIC 1.0 8V<\/h2>\n<p>C\u00f3digo original: 25319300<br \/>\nC\u00f3digos compat\u00edveis: 25314927 \/ ICD00111<\/p>\n<p>Produto novo<br \/>\nMarca Torken<br \/>\nPronta entrega<br \/>\nGarantia de 3 meses<\/p>\n<p>APLICA\u00c7\u00c3O:<\/p>\n<p>Chevrolet Corsa Hatch 1.0 8v (1999 1998 1999 2000 2001 2002 2003 2004 2005 2006 2007 2008 2009)<\/p>\n<p>Chevrolet Corsa Sedan 1.0 8v (1999 1998 1999 2000 2001 2002 2003 2004 2005 2006 2007 2008 2009)<\/p>\n<p>Chevrolet Celta 1.0 8v (1999 2000 2001 2002 2003 2004)<\/p>\n<p>Chevrolet Classic 1.0 8v ( 1999 2000 2001 2002 2003 2004)<\/p>\n<p>ESPECIFICA\u00c7\u00d5ES:<\/p>\n<p>Tipo: Bico Injetor Multiponto (MPFI)<br \/>\nCombust\u00edvel: Flex<br \/>\nAlta precis\u00e3o na inje\u00e7\u00e3o de combust\u00edvel<\/p>\n<p>CONTE\u00daDO:<\/p>\n<p>1 Bico Injetor<\/p>\n<p>IMPORTANTE:<\/p>\n<p>Verifique o c\u00f3digo da pe\u00e7a antes da compra<br \/>\nConfirme a compatibilidade com seu ve\u00edculo<br \/>\nEm caso de d\u00favida, envie o chassi<\/p>\n<p>FUN\u00c7\u00c3O DO PRODUTO:<\/p>\n<p>Respons\u00e1vel por pulverizar o combust\u00edvel de forma precisa, garantindo melhor desempenho do motor, economia e funcionamento correto do ve\u00edculo.<\/p>\n<p><strong>O que \u00e9 e para que serve o Bico Injetor da V\u00e1lvula de Inje\u00e7\u00e3o Multiponto?<\/strong><\/p>\n<p>O Bico Injetor da V\u00e1lvula de Inje\u00e7\u00e3o Multiponto \u00e9 um componente fundamental do sistema de inje\u00e7\u00e3o de combust\u00edvel em ve\u00edculos. A fun\u00e7\u00e3o principal desse bico injetor \u00e9 pulverizar precisamente o combust\u00edvel no coletor de admiss\u00e3o pr\u00f3ximo \u00e0s v\u00e1lvulas de cada cilindro do motor. Em resumo, o bico injetor da v\u00e1lvula de inje\u00e7\u00e3o multiponto desempenha um papel cr\u00edtico na entrega precisa de combust\u00edvel ao motor, influenciando diretamente o desempenho, a efici\u00eancia e as emiss\u00f5es do ve\u00edculo.<\/p>\n<p>&nbsp;<\/p>\n<p>A Casa da Inje\u00e7\u00e3o oferece total garantia nos produtos comprados em nosso site.<\/p>\n<ol>\n<li>Cada item \u00e9 rigorosamente testado antes do envio<\/li>\n<li>Se os itens estiverem danificados ou parcialmente defeituosos, entre em contato conosco.<\/li>\n<\/ol>\n<p>Se houver qualquer defeito, n\u00f3s lhe enviaremos uma substitui\u00e7\u00e3o ap\u00f3s receber o pacote ou devolvemos seu dinheiro.<\/p>\n<p>Leia nossa<span style=\"color: #ff0000;\"> <a style=\"color: #ff0000;\" href=\"https:\/\/www.casadainjecao.com.br\/loja\/politica-de-devolucao\">pol\u00edtica de devolu\u00e7\u00e3o aqui<\/a><\/span><\/p>\n<p>&#8212;&#8212;&#8212;&#8212;&#8212;&#8212;&#8212;&#8212;&#8212;&#8212;&#8212;&#8212;&#8212;&#8212;&#8212;&#8212;&#8212;&#8212;&#8212;-<\/p>\n<h4>Tem alguma d\u00favida?<\/h4>\n<p>Entre em contato que podemos ajudar!<\/p>\n<p>Confira as informa\u00e7\u00f5es adicionais abaixo:<\/p>\n<ul>\n<li>Todos os nossos produtos s\u00e3o novos, semi-novos, originais, paralelos e possuem garantia.<\/li>\n<li>Todos os produtos anunciados est\u00e3o dispon\u00edveis em estoque e s\u00e3o enviados com extrema rapidez.<\/li>\n<li>O frete pode ser simulado antes de efetuar a compra, basta clicar em \u201cver custos de envio\u201d.<\/li>\n<li>Verifique o endere\u00e7o de entrega cadastrado e atualize caso necess\u00e1rio.<\/li>\n<li>Confirme se a pe\u00e7a \u00e9 correta para o seu modelo de ve\u00edculo.<\/li>\n<li>Para pe\u00e7as automotivas, recomendamos a instala\u00e7\u00e3o por um profissional especializado.<\/li>\n<\/ul>\n<p>Caso possua outras d\u00favidas, entre em contato.<\/p>\n","protected":false},"excerpt":{"rendered":"<h2>Bico Injetor V\u00e1lvula de Inje\u00e7\u00e3o Multiponto MPFI<\/h2>\n<h2>Chevrolet Corsa 1.0 8V &#8211; 25319300\/ ICD00111<\/h2>\n","protected":false},"featured_media":30540,"template":"","meta":{"_seopress_robots_primary_cat":"none","_seopress_titles_title":"","_seopress_titles_desc":"","_seopress_robots_index":"","_seopress_analysis_target_kw":"","_kad_blocks_custom_css":"","_kad_blocks_head_custom_js":"","_kad_blocks_body_custom_js":"","_kad_blocks_footer_custom_js":"","_kadence_starter_templates_imported_post":false,"_joinchat":[]},"product_brand":[],"product_cat":[256,21],"product_tag":[115],"berocket_brand":[381],"class_list":{"0":"post-18480","1":"product","2":"type-product","3":"status-publish","4":"has-post-thumbnail","6":"product_cat-bico-injetor","7":"product_cat-injecao-eletronica","8":"product_tag-corsa","9":"berocket_brand-chevrolet","10":"thunk-woo-product-list","11":"big-store-woo-hover-zoom","12":"open-single-product-tab-horizontal","13":"open-shadow-","14":"open-shadow-hover-","16":"first","17":"instock","18":"sale","19":"taxable","20":"shipping-taxable","21":"purchasable","22":"product-type-simple"},"taxonomy_info":{"product_cat":[{"value":256,"label":"Bico Injetor"},{"value":21,"label":"Inje\u00e7\u00e3o Eletr\u00f4nica"}],"product_tag":[{"value":115,"label":"Corsa"}],"berocket_brand":[{"value":381,"label":"Chevrolet"}]},"featured_image_src_large":["https:\/\/www.casadainjecao.com.br\/loja\/wp-content\/uploads\/2022\/08\/25314927-920x920.jpg",640,640,true],"author_info":[],"comment_info":"","_links":{"self":[{"href":"https:\/\/www.casadainjecao.com.br\/loja\/wp-json\/wp\/v2\/product\/18480","targetHints":{"allow":["GET"]}}],"collection":[{"href":"https:\/\/www.casadainjecao.com.br\/loja\/wp-json\/wp\/v2\/product"}],"about":[{"href":"https:\/\/www.casadainjecao.com.br\/loja\/wp-json\/wp\/v2\/types\/product"}],"wp:featuredmedia":[{"embeddable":true,"href":"https:\/\/www.casadainjecao.com.br\/loja\/wp-json\/wp\/v2\/media\/30540"}],"wp:attachment":[{"href":"https:\/\/www.casadainjecao.com.br\/loja\/wp-json\/wp\/v2\/media?parent=18480"}],"wp:term":[{"taxonomy":"product_brand","embeddable":true,"href":"https:\/\/www.casadainjecao.com.br\/loja\/wp-json\/wp\/v2\/product_brand?post=18480"},{"taxonomy":"product_cat","embeddable":true,"href":"https:\/\/www.casadainjecao.com.br\/loja\/wp-json\/wp\/v2\/product_cat?post=18480"},{"taxonomy":"product_tag","embeddable":true,"href":"https:\/\/www.casadainjecao.com.br\/loja\/wp-json\/wp\/v2\/product_tag?post=18480"},{"taxonomy":"berocket_brand","embeddable":true,"href":"https:\/\/www.casadainjecao.com.br\/loja\/wp-json\/wp\/v2\/berocket_brand?post=18480"}],"curies":[{"name":"wp","href":"https:\/\/api.w.org\/{rel}","templated":true}]}}