{"id":18548,"date":"2022-08-09T09:18:10","date_gmt":"2022-08-09T12:18:10","guid":{"rendered":"https:\/\/www.casadainjecao.com.br\/loja\/?post_type=product&#038;p=18548"},"modified":"2025-10-16T22:21:16","modified_gmt":"2025-10-17T01:21:16","slug":"anel-vedacao-bomba-alta-pressao-renault-master-ii-7701048962","status":"publish","type":"product","link":"https:\/\/www.casadainjecao.com.br\/loja\/autopecas\/motor\/bombas\/anel-vedacao-bomba-alta-pressao-renault-master-ii-7701048962\/","title":{"rendered":"Anel Veda\u00e7\u00e3o Bomba Alta Press\u00e3o Renault Master II &#8211;"},"content":{"rendered":"<h1>Anel Veda\u00e7\u00e3o Bomba Alta Press\u00e3o Renault Master II &#8211; 7701048962<\/h1>\n","protected":false},"excerpt":{"rendered":"<h2>Anel Veda\u00e7\u00e3o Bomba Alta Press\u00e3o<\/h2>\n<h2>Renault Master II 2.5 16v<\/h2>\n<h2>Codigo: &#8211; 7701048962\u00a0 \u00a0c=129<\/h2>\n","protected":false},"featured_media":18559,"template":"","meta":{"_seopress_robots_primary_cat":"none","_seopress_titles_title":"","_seopress_titles_desc":"","_seopress_robots_index":"","_joinchat":[]},"product_cat":[195,222,22,228,238],"product_tag":[193],"berocket_brand":[394],"_links":{"self":[{"href":"https:\/\/www.casadainjecao.com.br\/loja\/wp-json\/wp\/v2\/product\/18548"}],"collection":[{"href":"https:\/\/www.casadainjecao.com.br\/loja\/wp-json\/wp\/v2\/product"}],"about":[{"href":"https:\/\/www.casadainjecao.com.br\/loja\/wp-json\/wp\/v2\/types\/product"}],"wp:featuredmedia":[{"embeddable":true,"href":"https:\/\/www.casadainjecao.com.br\/loja\/wp-json\/wp\/v2\/media\/18559"}],"wp:attachment":[{"href":"https:\/\/www.casadainjecao.com.br\/loja\/wp-json\/wp\/v2\/media?parent=18548"}],"wp:term":[{"taxonomy":"product_cat","embeddable":true,"href":"https:\/\/www.casadainjecao.com.br\/loja\/wp-json\/wp\/v2\/product_cat?post=18548"},{"taxonomy":"product_tag","embeddable":true,"href":"https:\/\/www.casadainjecao.com.br\/loja\/wp-json\/wp\/v2\/product_tag?post=18548"},{"taxonomy":"berocket_brand","embeddable":true,"href":"https:\/\/www.casadainjecao.com.br\/loja\/wp-json\/wp\/v2\/berocket_brand?post=18548"}],"curies":[{"name":"wp","href":"https:\/\/api.w.org\/{rel}","templated":true}]}}