{"id":18592,"date":"2022-08-09T10:56:14","date_gmt":"2022-08-09T13:56:14","guid":{"rendered":"https:\/\/www.casadainjecao.com.br\/loja\/?post_type=product&#038;p=18592"},"modified":"2025-08-22T19:27:03","modified_gmt":"2025-08-22T22:27:03","slug":"jogo-de-aneis-de-vedacao-caixa-de-velocidade-renault-trafic-7703065092","status":"publish","type":"product","link":"https:\/\/www.casadainjecao.com.br\/loja\/autopecas\/transmissao\/cambio\/jogo-de-aneis-de-vedacao-caixa-de-velocidade-renault-trafic-7703065092\/","title":{"rendered":"Oring Veda\u00e7\u00e3o Radiador Valvula Trafic 7703065092"},"content":{"rendered":"<h1>Oring Veda\u00e7\u00e3o Radiador Valvula Termostatica Renault Trafic &#8211; 7703065092<\/h1>\n","protected":false},"excerpt":{"rendered":"<h2>Oring de Veda\u00e7\u00e3o Radiador Valvula Termostatica (16,90&#215;2,70 )<\/h2>\n<h2>Renault Trafic<\/h2>\n<h2>Codigo:- 7703065092\u00a0 c=129<\/h2>\n","protected":false},"featured_media":18600,"template":"","meta":{"_seopress_robots_primary_cat":"none","_seopress_titles_title":"","_seopress_titles_desc":"","_seopress_robots_index":"","_joinchat":[]},"product_cat":[320,26],"product_tag":[152],"berocket_brand":[394],"_links":{"self":[{"href":"https:\/\/www.casadainjecao.com.br\/loja\/wp-json\/wp\/v2\/product\/18592"}],"collection":[{"href":"https:\/\/www.casadainjecao.com.br\/loja\/wp-json\/wp\/v2\/product"}],"about":[{"href":"https:\/\/www.casadainjecao.com.br\/loja\/wp-json\/wp\/v2\/types\/product"}],"wp:featuredmedia":[{"embeddable":true,"href":"https:\/\/www.casadainjecao.com.br\/loja\/wp-json\/wp\/v2\/media\/18600"}],"wp:attachment":[{"href":"https:\/\/www.casadainjecao.com.br\/loja\/wp-json\/wp\/v2\/media?parent=18592"}],"wp:term":[{"taxonomy":"product_cat","embeddable":true,"href":"https:\/\/www.casadainjecao.com.br\/loja\/wp-json\/wp\/v2\/product_cat?post=18592"},{"taxonomy":"product_tag","embeddable":true,"href":"https:\/\/www.casadainjecao.com.br\/loja\/wp-json\/wp\/v2\/product_tag?post=18592"},{"taxonomy":"berocket_brand","embeddable":true,"href":"https:\/\/www.casadainjecao.com.br\/loja\/wp-json\/wp\/v2\/berocket_brand?post=18592"}],"curies":[{"name":"wp","href":"https:\/\/api.w.org\/{rel}","templated":true}]}}