{"id":18694,"date":"2022-08-10T10:13:51","date_gmt":"2022-08-10T13:13:51","guid":{"rendered":"https:\/\/www.casadainjecao.com.br\/loja\/?post_type=product&#038;p=18694"},"modified":"2025-12-21T11:06:16","modified_gmt":"2025-12-21T14:06:16","slug":"manopla-alavvanca-bola-de-cambio-completa-jac-j3-1703100u2090","status":"publish","type":"product","link":"https:\/\/www.casadainjecao.com.br\/loja\/autopecas\/interior\/bola-de-cambio\/manopla-alavvanca-bola-de-cambio-completa-jac-j3-1703100u2090\/","title":{"rendered":"Manopla Alavanca Bola De Cambio Completa Jac &#8211; 1703100"},"content":{"rendered":"<h2>Manopla Alavanca Bola Cambio Completa com Detalhes<\/h2>\n<p><strong>JAC<\/strong><\/p>\n<p><span class=\"bloco-modelo-veiculo\"><label class=\"nome-veiculo\">JAC J3 Hatch G2<\/label><\/span><label class=\"nome-veiculo\"><\/label><label class=\"nome-veiculo\"><\/label><\/p>\n<p><span class=\"bloco-modelo-veiculo\"><label class=\"nome-veiculo\">JAC J3 S Hatch G2<\/label><\/span><\/p>\n<p><span class=\"bloco-modelo-veiculo\"><label class=\"nome-veiculo\">JAC J3 S Turin G2<\/label><\/span><br \/>\n<label class=\"nome-veiculo\"><\/label><\/p>\n<p><span class=\"bloco-modelo-veiculo\"><label class=\"nome-veiculo\">JAC J3 Turin G2<\/label><\/span><\/p>\n<h4>C\u00f3digo de Refer\u00eancia:<\/h4>\n<p>1703100U2090<\/p>\n<h4>Condi\u00e7\u00f5es:<\/h4>\n<p>Produto Semi-Novo Original \/ Marca Jac<\/p>\n<h4>Garantia:<\/h4>\n<p>3 Meses<\/p>\n<h3>ATEN\u00c7\u00c3O: Antes de efetuar a compra verifique o c\u00f3digo da sua pe\u00e7a que est\u00e1 instalada no seu ve\u00edculo.<\/h3>\n<p>A Casa da Inje\u00e7\u00e3o oferece total garantia nos produtos comprados em nosso site.<\/p>\n<p>Cada item \u00e9 rigorosamente testado antes do envio<\/p>\n<p>Se os itens estiverem danificados ou parcialmente defeituosos, entre em contato conosco.<\/p>\n<p>Procure um profissional devidamente licenciado para a instala\u00e7\u00e3o e fa\u00e7a revis\u00f5es periodicamente. A empresa n\u00e3o se responsabiliza por problemas oriundos da m\u00e1 instala\u00e7\u00e3o ou com a falta de cuidados peri\u00f3dicos dos componentes.<\/p>\n<p>Se houver qualquer defeito, n\u00f3s lhe enviaremos uma substitui\u00e7\u00e3o ap\u00f3s receber o pacote ou devolvemos seu dinheiro.<\/p>\n<p>Leia nossa\u00a0<a href=\"https:\/\/www.casadainjecao.com.br\/loja\/politica-de-devolucao\">pol\u00edtica de devolu\u00e7\u00e3o aqui<\/a><\/p>\n<p>\u2014\u2014\u2014\u2014\u2014\u2014\u2014\u2014\u2014\u2014\u2014\u2014\u2014\u2014\u2014\u2014\u2014\u2014\u2014\u2013<\/p>\n<p>Tem alguma d\u00favida?<\/p>\n<p>Entre em contato que podemos ajudar!<\/p>\n<p>Confira as informa\u00e7\u00f5es adicionais abaixo:<\/p>\n<p>Todos os nossos produtos s\u00e3o novos, semi-novos, originais e paralelos possuem garantia.<\/p>\n<p>Todos os produtos anunciados est\u00e3o dispon\u00edveis em estoque e s\u00e3o enviados com extrema rapidez.<\/p>\n<p>O frete pode ser simulado antes de efetuar a compra, basta clicar em \u201cver custos de envio\u201d.<\/p>\n<p>Verifique o endere\u00e7o de entrega cadastrado e atualize caso necess\u00e1rio.<\/p>\n<p>Confirme se a pe\u00e7a \u00e9 correta para o seu modelo de ve\u00edculo.<\/p>\n<p>Para pe\u00e7as automotivas, recomendamos a instala\u00e7\u00e3o por um profissional especializado.<\/p>\n<p>Caso possua outras d\u00favidas, entre em contato.<\/p>\n","protected":false},"excerpt":{"rendered":"<h2>Manopla Alavanca Bola Cambio Completa Jac J3 &#8211; 1703100U2090<\/h2>\n","protected":false},"featured_media":43146,"template":"","meta":{"_seopress_robots_primary_cat":"none","_seopress_titles_title":"","_seopress_titles_desc":"","_seopress_robots_index":"","_seopress_analysis_target_kw":"","_kad_blocks_custom_css":"","_kad_blocks_head_custom_js":"","_kad_blocks_body_custom_js":"","_kad_blocks_footer_custom_js":"","_kadence_starter_templates_imported_post":false,"_joinchat":[]},"product_brand":[],"product_cat":[341,24,1181],"product_tag":[1127],"berocket_brand":[1134],"class_list":{"0":"post-18694","1":"product","2":"type-product","3":"status-publish","4":"has-post-thumbnail","6":"product_cat-bola-de-cambio","7":"product_cat-interior","8":"product_cat-trambulador","9":"product_tag-jac-j3","10":"berocket_brand-jac","11":"thunk-woo-product-list","12":"big-store-woo-hover-zoom","13":"open-single-product-tab-horizontal","14":"open-shadow-","15":"open-shadow-hover-","17":"first","18":"instock","19":"sale","20":"taxable","21":"shipping-taxable","22":"purchasable","23":"product-type-simple"},"taxonomy_info":{"product_cat":[{"value":341,"label":"Bola de Cambio"},{"value":24,"label":"Interior"},{"value":1181,"label":"Trambulador"}],"product_tag":[{"value":1127,"label":"Jac J3"}],"berocket_brand":[{"value":1134,"label":"Jac"}]},"featured_image_src_large":["https:\/\/www.casadainjecao.com.br\/loja\/wp-content\/uploads\/2022\/08\/cats20.jpg",392,500,false],"author_info":[],"comment_info":"","_links":{"self":[{"href":"https:\/\/www.casadainjecao.com.br\/loja\/wp-json\/wp\/v2\/product\/18694","targetHints":{"allow":["GET"]}}],"collection":[{"href":"https:\/\/www.casadainjecao.com.br\/loja\/wp-json\/wp\/v2\/product"}],"about":[{"href":"https:\/\/www.casadainjecao.com.br\/loja\/wp-json\/wp\/v2\/types\/product"}],"wp:featuredmedia":[{"embeddable":true,"href":"https:\/\/www.casadainjecao.com.br\/loja\/wp-json\/wp\/v2\/media\/43146"}],"wp:attachment":[{"href":"https:\/\/www.casadainjecao.com.br\/loja\/wp-json\/wp\/v2\/media?parent=18694"}],"wp:term":[{"taxonomy":"product_brand","embeddable":true,"href":"https:\/\/www.casadainjecao.com.br\/loja\/wp-json\/wp\/v2\/product_brand?post=18694"},{"taxonomy":"product_cat","embeddable":true,"href":"https:\/\/www.casadainjecao.com.br\/loja\/wp-json\/wp\/v2\/product_cat?post=18694"},{"taxonomy":"product_tag","embeddable":true,"href":"https:\/\/www.casadainjecao.com.br\/loja\/wp-json\/wp\/v2\/product_tag?post=18694"},{"taxonomy":"berocket_brand","embeddable":true,"href":"https:\/\/www.casadainjecao.com.br\/loja\/wp-json\/wp\/v2\/berocket_brand?post=18694"}],"curies":[{"name":"wp","href":"https:\/\/api.w.org\/{rel}","templated":true}]}}