{"id":18783,"date":"2022-08-11T16:30:23","date_gmt":"2022-08-11T19:30:23","guid":{"rendered":"https:\/\/www.casadainjecao.com.br\/loja\/?post_type=product&#038;p=18783"},"modified":"2024-03-20T17:19:47","modified_gmt":"2024-03-20T20:19:47","slug":"tucho-da-valvula-do-motor-renault-megane-7700103630","status":"publish","type":"product","link":"https:\/\/www.casadainjecao.com.br\/loja\/autopecas\/motor\/valvulas\/tucho-da-valvula-do-motor-renault-megane-7700103630\/","title":{"rendered":"Tucho da V\u00e1lvula do Motor Renault Megane &#8211; 7700103630"},"content":{"rendered":"<h2>Tucho da V\u00e1lvula do Motor<\/h2>\n<p><strong>RENAULT<\/strong><\/p>\n<p>Renault M\u00e9gane I RN, RT, RXE, Alize, Egeus, Expression 1.6 8v 1.6 16v 2.0 8v (1995 a 2016)<\/p>\n<p>Renault Laguna RT, RXE, V6, Executive 2.0 8v 2.0 16v 3.0 12v (1993 a 2011)<\/p>\n<p>Renault Sc\u00e9nic I RN, RT, RXE, Alize, Egeus, Expression, Privil\u00e9ge, Privil\u00e9ge flex, Authentique, Sportway 1.6 16v 2.0 8v 2.0 16v (1996 a 2017)<\/p>\n<p>Renault M\u00e9gane I Sedan RT, RXE, Alize, Egeus, Privil\u00e9ge 1.6 8v 1.6 16v 2.0 8v (1996 a 2017)<\/p>\n<h4>C\u00f3digo de Refer\u00eancia:<\/h4>\n<p>7700103630<\/p>\n<h4><strong>Condi\u00e7\u00f5es:<\/strong><\/h4>\n<p>Produto Novo Original \/ Marca Renault<\/p>\n<h4><strong>Garantia:<\/strong><\/h4>\n<p>3 Meses<\/p>\n<h3><strong>ATEN\u00c7\u00c3O: Antes de efetuar a compra verifique o c\u00f3digo da sua pe\u00e7a que est\u00e1 instalada no seu ve\u00edculo.<\/strong><\/h3>\n<p><strong>O que \u00e9 e para que serve o Tucho da V\u00e1lvula do Motor?<\/strong><\/p>\n<p>O Tucho da V\u00e1lvula \u00e9 uma pe\u00e7a essencial no mecanismo de opera\u00e7\u00e3o das v\u00e1lvulas do motor de um ve\u00edculo de combust\u00e3o interna. Sua fun\u00e7\u00e3o \u00e9 atuar como um intermedi\u00e1rio entre o sistema de comando de v\u00e1lvulas e as pr\u00f3prias v\u00e1lvulas do motor.<\/p>\n<p>&nbsp;<\/p>\n<p>A Casa da Inje\u00e7\u00e3o oferece total garantia nos produtos comprados em nosso site.<\/p>\n<ol>\n<li>Cada item \u00e9 rigorosamente testado antes do envio<\/li>\n<li>Se os itens estiverem danificados ou parcialmente defeituosos, entre em contato conosco.<\/li>\n<\/ol>\n<p>Se houver qualquer defeito, n\u00f3s lhe enviaremos uma substitui\u00e7\u00e3o ap\u00f3s receber o pacote ou devolvemos seu dinheiro.<\/p>\n<p>Leia nossa<span style=\"color: #ff0000;\">\u00a0<a style=\"color: #ff0000;\" href=\"https:\/\/www.casadainjecao.com.br\/loja\/politica-de-devolucao\">pol\u00edtica de devolu\u00e7\u00e3o aqui<\/a><\/span><\/p>\n<p>\u2014\u2014\u2014\u2014\u2014\u2014\u2014\u2014\u2014\u2014\u2014\u2014\u2014\u2014\u2014\u2014\u2014\u2014\u2014\u2013<\/p>\n<p><strong>Tem alguma d\u00favida?<\/strong><\/p>\n<p>Entre em contato que podemos ajudar!<\/p>\n<p>Confira as informa\u00e7\u00f5es adicionais abaixo:<\/p>\n<ul>\n<li>Todos os nossos produtos s\u00e3o novos, semi-novos, originais e paralelos possuem garantia.<\/li>\n<li>Todos os produtos anunciados est\u00e3o dispon\u00edveis em estoque e s\u00e3o enviados com extrema rapidez.<\/li>\n<li>O frete pode ser simulado antes de efetuar a compra, basta clicar em \u201cver custos de envio\u201d.<\/li>\n<li>Verifique o endere\u00e7o de entrega cadastrado e atualize caso necess\u00e1rio.<\/li>\n<li>Confirme se a pe\u00e7a \u00e9 correta para o seu modelo de ve\u00edculo.<\/li>\n<li>Para pe\u00e7as automotivas, recomendamos a instala\u00e7\u00e3o por um profissional especializado.<\/li>\n<\/ul>\n<p>Caso possua outras d\u00favidas, entre em contato.<\/p>\n","protected":false},"excerpt":{"rendered":"<h2>Tucho da V\u00e1lvula do Motor Renault M\u00e9gane &#8211; 7700103630<\/h2>\n<h2><\/h2>\n","protected":false},"featured_media":18845,"template":"","meta":{"_seopress_robots_primary_cat":"none","_seopress_titles_title":"","_seopress_titles_desc":"","_seopress_robots_index":"","_joinchat":[]},"product_cat":[22,244],"product_tag":[],"berocket_brand":[394],"_links":{"self":[{"href":"https:\/\/www.casadainjecao.com.br\/loja\/wp-json\/wp\/v2\/product\/18783"}],"collection":[{"href":"https:\/\/www.casadainjecao.com.br\/loja\/wp-json\/wp\/v2\/product"}],"about":[{"href":"https:\/\/www.casadainjecao.com.br\/loja\/wp-json\/wp\/v2\/types\/product"}],"wp:featuredmedia":[{"embeddable":true,"href":"https:\/\/www.casadainjecao.com.br\/loja\/wp-json\/wp\/v2\/media\/18845"}],"wp:attachment":[{"href":"https:\/\/www.casadainjecao.com.br\/loja\/wp-json\/wp\/v2\/media?parent=18783"}],"wp:term":[{"taxonomy":"product_cat","embeddable":true,"href":"https:\/\/www.casadainjecao.com.br\/loja\/wp-json\/wp\/v2\/product_cat?post=18783"},{"taxonomy":"product_tag","embeddable":true,"href":"https:\/\/www.casadainjecao.com.br\/loja\/wp-json\/wp\/v2\/product_tag?post=18783"},{"taxonomy":"berocket_brand","embeddable":true,"href":"https:\/\/www.casadainjecao.com.br\/loja\/wp-json\/wp\/v2\/berocket_brand?post=18783"}],"curies":[{"name":"wp","href":"https:\/\/api.w.org\/{rel}","templated":true}]}}