{"id":18826,"date":"2022-08-13T10:25:15","date_gmt":"2022-08-13T13:25:15","guid":{"rendered":"https:\/\/www.casadainjecao.com.br\/loja\/?post_type=product&#038;p=18826"},"modified":"2023-05-29T10:23:21","modified_gmt":"2023-05-29T13:23:21","slug":"porca-eixo-dianteiro-renault-trafic-7703034240","status":"publish","type":"product","link":"https:\/\/www.casadainjecao.com.br\/loja\/autopecas\/suspencao\/porca-eixo-suspencao\/porca-eixo-dianteiro-renault-trafic-7703034240\/","title":{"rendered":"Porca Eixo Dianteiro Renault Trafic &#8211; 7703034240"},"content":{"rendered":"<h1>Porca de A\u00e7o Eixo Dianteiro Renault Trafic &#8211; 7703034240<\/h1>\n","protected":false},"excerpt":{"rendered":"<h2>Porca de A\u00e7o Eixo Dianteiro<\/h2>\n<h2>Renault Trafic<\/h2>\n<h2>Codigo:- 7703034240\/7703034068\u00a0 c=130<\/h2>\n","protected":false},"featured_media":18856,"template":"","meta":{"_seopress_robots_primary_cat":"none","_seopress_titles_title":"","_seopress_titles_desc":"","_seopress_robots_index":"","_seopress_analysis_target_kw":"","_kad_blocks_custom_css":"","_kad_blocks_head_custom_js":"","_kad_blocks_body_custom_js":"","_kad_blocks_footer_custom_js":"","_kadence_starter_templates_imported_post":false,"_joinchat":[]},"product_brand":[],"product_cat":[1511,1104],"product_tag":[1445,1158,152],"berocket_brand":[394],"class_list":{"0":"post-18826","1":"product","2":"type-product","3":"status-publish","4":"has-post-thumbnail","6":"product_cat-porca-eixo-suspencao","7":"product_cat-suspencao","8":"product_tag-cherokee","9":"product_tag-r21","10":"product_tag-trafic","11":"berocket_brand-renault","12":"thunk-woo-product-list","13":"big-store-woo-hover-zoom","14":"open-single-product-tab-horizontal","15":"open-shadow-","16":"open-shadow-hover-","18":"first","19":"outofstock","20":"sale","21":"taxable","22":"shipping-taxable","23":"purchasable","24":"product-type-simple"},"taxonomy_info":{"product_cat":[{"value":1511,"label":"Porca de A\u00e7o"},{"value":1104,"label":"Suspen\u00e7\u00e3o"}],"product_tag":[{"value":1445,"label":"Cherokee"},{"value":1158,"label":"R21"},{"value":152,"label":"Trafic"}],"berocket_brand":[{"value":394,"label":"Renault"}]},"featured_image_src_large":["https:\/\/www.casadainjecao.com.br\/loja\/wp-content\/uploads\/2022\/08\/Porca-Eixo-Dianteiro-Renault-Trafic-7703034240.jpg",640,480,false],"author_info":[],"comment_info":"","_links":{"self":[{"href":"https:\/\/www.casadainjecao.com.br\/loja\/wp-json\/wp\/v2\/product\/18826","targetHints":{"allow":["GET"]}}],"collection":[{"href":"https:\/\/www.casadainjecao.com.br\/loja\/wp-json\/wp\/v2\/product"}],"about":[{"href":"https:\/\/www.casadainjecao.com.br\/loja\/wp-json\/wp\/v2\/types\/product"}],"wp:featuredmedia":[{"embeddable":true,"href":"https:\/\/www.casadainjecao.com.br\/loja\/wp-json\/wp\/v2\/media\/18856"}],"wp:attachment":[{"href":"https:\/\/www.casadainjecao.com.br\/loja\/wp-json\/wp\/v2\/media?parent=18826"}],"wp:term":[{"taxonomy":"product_brand","embeddable":true,"href":"https:\/\/www.casadainjecao.com.br\/loja\/wp-json\/wp\/v2\/product_brand?post=18826"},{"taxonomy":"product_cat","embeddable":true,"href":"https:\/\/www.casadainjecao.com.br\/loja\/wp-json\/wp\/v2\/product_cat?post=18826"},{"taxonomy":"product_tag","embeddable":true,"href":"https:\/\/www.casadainjecao.com.br\/loja\/wp-json\/wp\/v2\/product_tag?post=18826"},{"taxonomy":"berocket_brand","embeddable":true,"href":"https:\/\/www.casadainjecao.com.br\/loja\/wp-json\/wp\/v2\/berocket_brand?post=18826"}],"curies":[{"name":"wp","href":"https:\/\/api.w.org\/{rel}","templated":true}]}}