{"id":18837,"date":"2022-08-13T16:00:54","date_gmt":"2022-08-13T19:00:54","guid":{"rendered":"https:\/\/www.casadainjecao.com.br\/loja\/?post_type=product&#038;p=18837"},"modified":"2023-08-30T16:36:06","modified_gmt":"2023-08-30T19:36:06","slug":"volante-de-direcao-de-couro-renault-sandero-484005216r","status":"publish","type":"product","link":"https:\/\/www.casadainjecao.com.br\/loja\/autopecas\/interior\/volante-de-direcao-de-couro-renault-sandero-484005216r\/","title":{"rendered":"Volante De Dire\u00e7\u00e3o De Couro Renault Logan Sandero &#8211; "},"content":{"rendered":"<h1>Volante De Dire\u00e7\u00e3o De Couro Renault Logan Sandero &#8211;\u00a0484002969r<\/h1>\n","protected":false},"excerpt":{"rendered":"<h2>Volante De Dire\u00e7\u00e3o De Couro Parcial Original<\/h2>\n<h2>Renault Logan Sandero &#8211; 2007 a 2013<\/h2>\n<h2>Renault Sandero Stepway &#8211; at\u00e9 2013<\/h2>\n<h2>C\u00f3digo: -484002969r\/484005216r\u00a0 \u00a0P=10<\/h2>\n","protected":false},"featured_media":18841,"template":"","meta":{"_seopress_robots_primary_cat":"none","_seopress_titles_title":"","_seopress_titles_desc":"","_seopress_robots_index":"","_joinchat":[]},"product_cat":[24],"product_tag":[66,91],"berocket_brand":[394],"_links":{"self":[{"href":"https:\/\/www.casadainjecao.com.br\/loja\/wp-json\/wp\/v2\/product\/18837"}],"collection":[{"href":"https:\/\/www.casadainjecao.com.br\/loja\/wp-json\/wp\/v2\/product"}],"about":[{"href":"https:\/\/www.casadainjecao.com.br\/loja\/wp-json\/wp\/v2\/types\/product"}],"wp:featuredmedia":[{"embeddable":true,"href":"https:\/\/www.casadainjecao.com.br\/loja\/wp-json\/wp\/v2\/media\/18841"}],"wp:attachment":[{"href":"https:\/\/www.casadainjecao.com.br\/loja\/wp-json\/wp\/v2\/media?parent=18837"}],"wp:term":[{"taxonomy":"product_cat","embeddable":true,"href":"https:\/\/www.casadainjecao.com.br\/loja\/wp-json\/wp\/v2\/product_cat?post=18837"},{"taxonomy":"product_tag","embeddable":true,"href":"https:\/\/www.casadainjecao.com.br\/loja\/wp-json\/wp\/v2\/product_tag?post=18837"},{"taxonomy":"berocket_brand","embeddable":true,"href":"https:\/\/www.casadainjecao.com.br\/loja\/wp-json\/wp\/v2\/berocket_brand?post=18837"}],"curies":[{"name":"wp","href":"https:\/\/api.w.org\/{rel}","templated":true}]}}