{"id":18929,"date":"2022-08-15T09:14:45","date_gmt":"2022-08-15T12:14:45","guid":{"rendered":"https:\/\/www.casadainjecao.com.br\/loja\/?post_type=product&#038;p=18929"},"modified":"2026-01-29T16:16:07","modified_gmt":"2026-01-29T19:16:07","slug":"bujao-sextavado-aco-suporte-valvula-termostatica-renault-master-7703075319","status":"publish","type":"product","link":"https:\/\/www.casadainjecao.com.br\/loja\/autopecas\/motor\/parafuso-motor\/bujao-sextavado-aco-suporte-valvula-termostatica-renault-master-7703075319\/","title":{"rendered":"Buj\u00e3o Sextavado A\u00e7o 14&#215;125 Renault Master Megane &#82"},"content":{"rendered":"<h1>Buj\u00e3o Sextavado Renault Master Megane Laguna &#8211; 7703075319<\/h1>\n","protected":false},"excerpt":{"rendered":"<h2>Buj\u00e3o Sextavado A\u00e7o (14&#215;125)<\/h2>\n<h2>Renault Master Megane Laguna Clio Cherokee<\/h2>\n<h2>Codigo:- 7703075319\/7703075310\/77030754343<\/h2>\n","protected":false},"featured_media":18933,"template":"","meta":{"_seopress_robots_primary_cat":"none","_seopress_titles_title":"","_seopress_titles_desc":"","_seopress_robots_index":"","_seopress_analysis_target_kw":"","_kad_blocks_custom_css":"","_kad_blocks_head_custom_js":"","_kad_blocks_body_custom_js":"","_kad_blocks_footer_custom_js":"","_kadence_starter_templates_imported_post":false,"_joinchat":[]},"product_brand":[],"product_cat":[22,1374,244],"product_tag":[1445,49,128,81,50],"berocket_brand":[394],"class_list":{"0":"post-18929","1":"product","2":"type-product","3":"status-publish","4":"has-post-thumbnail","6":"product_cat-motor","7":"product_cat-parafuso-motor","8":"product_cat-valvulas","9":"product_tag-cherokee","10":"product_tag-clio","11":"product_tag-laguna","12":"product_tag-master","13":"product_tag-megane","14":"berocket_brand-renault","15":"thunk-woo-product-list","16":"big-store-woo-hover-zoom","17":"open-single-product-tab-horizontal","18":"open-shadow-","19":"open-shadow-hover-","21":"first","22":"instock","23":"sale","24":"taxable","25":"shipping-taxable","26":"purchasable","27":"product-type-simple"},"taxonomy_info":{"product_cat":[{"value":22,"label":"Motor"},{"value":1374,"label":"Parafuso"},{"value":244,"label":"Valvulas"}],"product_tag":[{"value":1445,"label":"Cherokee"},{"value":49,"label":"Clio"},{"value":128,"label":"Laguna"},{"value":81,"label":"Master"},{"value":50,"label":"Megane"}],"berocket_brand":[{"value":394,"label":"Renault"}]},"featured_image_src_large":["https:\/\/www.casadainjecao.com.br\/loja\/wp-content\/uploads\/2022\/08\/7703075319-parafuso-de-aco-suporte-da-valvula-termostatica-master-I.jpg",611,700,false],"author_info":[],"comment_info":"","_links":{"self":[{"href":"https:\/\/www.casadainjecao.com.br\/loja\/wp-json\/wp\/v2\/product\/18929","targetHints":{"allow":["GET"]}}],"collection":[{"href":"https:\/\/www.casadainjecao.com.br\/loja\/wp-json\/wp\/v2\/product"}],"about":[{"href":"https:\/\/www.casadainjecao.com.br\/loja\/wp-json\/wp\/v2\/types\/product"}],"wp:featuredmedia":[{"embeddable":true,"href":"https:\/\/www.casadainjecao.com.br\/loja\/wp-json\/wp\/v2\/media\/18933"}],"wp:attachment":[{"href":"https:\/\/www.casadainjecao.com.br\/loja\/wp-json\/wp\/v2\/media?parent=18929"}],"wp:term":[{"taxonomy":"product_brand","embeddable":true,"href":"https:\/\/www.casadainjecao.com.br\/loja\/wp-json\/wp\/v2\/product_brand?post=18929"},{"taxonomy":"product_cat","embeddable":true,"href":"https:\/\/www.casadainjecao.com.br\/loja\/wp-json\/wp\/v2\/product_cat?post=18929"},{"taxonomy":"product_tag","embeddable":true,"href":"https:\/\/www.casadainjecao.com.br\/loja\/wp-json\/wp\/v2\/product_tag?post=18929"},{"taxonomy":"berocket_brand","embeddable":true,"href":"https:\/\/www.casadainjecao.com.br\/loja\/wp-json\/wp\/v2\/berocket_brand?post=18929"}],"curies":[{"name":"wp","href":"https:\/\/api.w.org\/{rel}","templated":true}]}}