{"id":18944,"date":"2022-08-15T13:52:18","date_gmt":"2022-08-15T16:52:18","guid":{"rendered":"https:\/\/www.casadainjecao.com.br\/loja\/?post_type=product&#038;p=18944"},"modified":"2022-09-10T13:53:46","modified_gmt":"2022-09-10T16:53:46","slug":"motor-de-passo-automotivo-painel-de-instrumento-pm20t-036","status":"publish","type":"product","link":"https:\/\/www.casadainjecao.com.br\/loja\/autopecas\/injecao-eletronica\/motor-de-passo\/motor-de-passo-automotivo-painel-de-instrumento-pm20t-036\/","title":{"rendered":"Motor de Passo Automotivo Painel de Instrumento &#8211; PM20"},"content":{"rendered":"<h1>Motor de Passo Automotivo Painel de Instrumento &#8211; PM20T-036<\/h1>\n","protected":false},"excerpt":{"rendered":"<h2>Motor de Passo Automotivo Painel de Instrumento<\/h2>\n<h2>Peugeot 207<\/h2>\n<h2>Audi A6<\/h2>\n<h2>&#8211; Tens\u00e3o de opera\u00e7\u00e3o: 5VDC<br \/>\n&#8211; Corrente \/ Fase: 30mA<br \/>\n&#8211; Passos por rota\u00e7\u00e3o: 36 (10\u00ba \/ passo)<br \/>\n&#8211; Rota\u00e7\u00e3o m\u00e1xima: 320\u00ba<br \/>\n&#8211; Resist\u00eancia: 180\u03a9\/fase<br \/>\n&#8211; Tipo: \u00edm\u00e3 permanente<br \/>\n&#8211; Temperatura de opera\u00e7\u00e3o: -40\u00ba a 85\u00ba celsius<\/h2>\n<h2>Codigo:- PM20T-036\/TA2321J\/557109000000\u00a0 c=195<\/h2>\n","protected":false},"featured_media":18947,"template":"","meta":{"_seopress_robots_primary_cat":"none","_seopress_titles_title":"","_seopress_titles_desc":"","_seopress_robots_index":"","_seopress_analysis_target_kw":"","_kad_blocks_custom_css":"","_kad_blocks_head_custom_js":"","_kad_blocks_body_custom_js":"","_kad_blocks_footer_custom_js":"","_kadence_starter_templates_imported_post":false,"_joinchat":[]},"product_brand":[],"product_cat":[17,21,24,265,1178],"product_tag":[1414,1516],"berocket_brand":[392,393,394,396],"class_list":{"0":"post-18944","1":"product","2":"type-product","3":"status-publish","4":"has-post-thumbnail","6":"product_cat-eletrica","7":"product_cat-injecao-eletronica","8":"product_cat-interior","9":"product_cat-motor-de-passo","10":"product_cat-painel-de-instrumentos","11":"product_tag-audi-a6","12":"product_tag-peigeout-207","13":"berocket_brand-nissan","14":"berocket_brand-peugeot","15":"berocket_brand-renault","16":"berocket_brand-volkswagen","17":"thunk-woo-product-list","18":"big-store-woo-hover-zoom","19":"open-single-product-tab-horizontal","20":"open-shadow-","21":"open-shadow-hover-","23":"first","24":"outofstock","25":"sale","26":"taxable","27":"shipping-taxable","28":"purchasable","29":"product-type-simple"},"taxonomy_info":{"product_cat":[{"value":17,"label":"El\u00e9trica"},{"value":21,"label":"Inje\u00e7\u00e3o Eletr\u00f4nica"},{"value":24,"label":"Interior"},{"value":265,"label":"Motor de Passo"},{"value":1178,"label":"Painel de Instrumentos"}],"product_tag":[{"value":1414,"label":"Audi A6"},{"value":1516,"label":"Peigeout 207"}],"berocket_brand":[{"value":392,"label":"Nissan"},{"value":393,"label":"Peugeot"},{"value":394,"label":"Renault"},{"value":396,"label":"Volkswagen"}]},"featured_image_src_large":["https:\/\/www.casadainjecao.com.br\/loja\/wp-content\/uploads\/2022\/08\/Motor-de-Passo-Automotivo-Painel-de-Instrumento-PM20T-036.jpg",640,599,false],"author_info":[],"comment_info":"","_links":{"self":[{"href":"https:\/\/www.casadainjecao.com.br\/loja\/wp-json\/wp\/v2\/product\/18944","targetHints":{"allow":["GET"]}}],"collection":[{"href":"https:\/\/www.casadainjecao.com.br\/loja\/wp-json\/wp\/v2\/product"}],"about":[{"href":"https:\/\/www.casadainjecao.com.br\/loja\/wp-json\/wp\/v2\/types\/product"}],"wp:featuredmedia":[{"embeddable":true,"href":"https:\/\/www.casadainjecao.com.br\/loja\/wp-json\/wp\/v2\/media\/18947"}],"wp:attachment":[{"href":"https:\/\/www.casadainjecao.com.br\/loja\/wp-json\/wp\/v2\/media?parent=18944"}],"wp:term":[{"taxonomy":"product_brand","embeddable":true,"href":"https:\/\/www.casadainjecao.com.br\/loja\/wp-json\/wp\/v2\/product_brand?post=18944"},{"taxonomy":"product_cat","embeddable":true,"href":"https:\/\/www.casadainjecao.com.br\/loja\/wp-json\/wp\/v2\/product_cat?post=18944"},{"taxonomy":"product_tag","embeddable":true,"href":"https:\/\/www.casadainjecao.com.br\/loja\/wp-json\/wp\/v2\/product_tag?post=18944"},{"taxonomy":"berocket_brand","embeddable":true,"href":"https:\/\/www.casadainjecao.com.br\/loja\/wp-json\/wp\/v2\/berocket_brand?post=18944"}],"curies":[{"name":"wp","href":"https:\/\/api.w.org\/{rel}","templated":true}]}}