{"id":18978,"date":"2022-08-15T18:33:53","date_gmt":"2022-08-15T21:33:53","guid":{"rendered":"https:\/\/www.casadainjecao.com.br\/loja\/?post_type=product&#038;p=18978"},"modified":"2026-01-29T10:38:39","modified_gmt":"2026-01-29T13:38:39","slug":"carcaca-valvula-termostatica-renault-8200065390","status":"publish","type":"product","link":"https:\/\/www.casadainjecao.com.br\/loja\/autopecas\/motor\/valvulas\/carcaca-valvula-termostatica-renault-8200065390\/","title":{"rendered":"Carca\u00e7a Valvula Termostatica Renault Megane &#8211; 8200065"},"content":{"rendered":"<h1>Carca\u00e7a Valvula Termostatica Renault Megane &#8211; 8200065390<\/h1>\n","protected":false},"excerpt":{"rendered":"<h2 class=\"QN2lPu\">Carca\u00e7a Valvula Termostatica<\/h2>\n<h3 class=\"QN2lPu\"><\/h3>\n<h3 class=\"QN2lPu\"><\/h3>\n<h3 class=\"QN2lPu\">Aplica\u00e7ao:<\/h3>\n<h3 class=\"QN2lPu\"><\/h3>\n<h3 class=\"QN2lPu\">Renault Megane I (1.6 \/ 2.0) \u2014 1995 1996 1997 1999 2000 2001 2002<\/h3>\n<h3 class=\"QN2lPu\"><\/h3>\n<h3 class=\"QN2lPu\">Renault Megane II (1.6 \/ 2.0) \u2014 2006 2007 2008<\/h3>\n<h3 class=\"QN2lPu\"><\/h3>\n<h3 class=\"QN2lPu\">Renault Scenic I (1.6 \/ 1.9) \u2014 1996 1997 1998 1999 2000 2001 2002 2003<\/h3>\n<h3 class=\"QN2lPu\"><\/h3>\n<h3 class=\"QN2lPu\">Renault Scenic I facelift (1.9 Diesel) \u2014 1999 2000 2001 2002 2003<\/h3>\n<h3 class=\"QN2lPu\"><\/h3>\n<h3 class=\"QN2lPu\">Renault Kangoo I (1.9 \/ alguns 1.6) \u2014 1997 1998 1999 2000 2001 2002\u00a0 2003<\/h3>\n<h3 class=\"QN2lPu\"><\/h3>\n<h3 class=\"QN2lPu\">Renault Laguna I &amp; II \u2014 1994 1995 1996 1997 1998 1999 2000 2001 2002 2003 2004 2005 2006\u00a0 2007<\/h3>\n<h3 class=\"QN2lPu\"><\/h3>\n<h3 class=\"QN2lPu\">Renault Clio II (1.2 \/ 1.4 \/ 1.6) \u2014 1998 1999 2000 2001<\/h3>\n<h3 class=\"QN2lPu\"><\/h3>\n<h3 class=\"QN2lPu\"><\/h3>\n<h3 class=\"QN2lPu\">Fun\u00e7\u00e3o da pe\u00e7a: Mant\u00e9m o controle da temperatura do motor regulando o fluxo do fluido de arrefecimento entre o radiador e o bloco do motor.<\/h3>\n<h3 class=\"QN2lPu\"><\/h3>\n<h3 class=\"QN2lPu\"><\/h3>\n<h3 class=\"QN2lPu\">Caracter\u00edsticas:<\/h3>\n<h3 class=\"QN2lPu\"><\/h3>\n<h3 class=\"QN2lPu\">C\u00f3digo: 8200065390 &#8211; 8200065392<\/h3>\n<h3 class=\"QN2lPu\"><\/h3>\n<h3 class=\"QN2lPu\">Condi\u00e7\u00e3o do item: Novo<\/h3>\n<h3 class=\"QN2lPu\"><\/h3>\n<h3 class=\"QN2lPu\">Marca: Renault<\/h3>\n<h3 class=\"QN2lPu\"><\/h3>\n<p class=\"QN2lPu\">garantia: 3 meses<\/p>\n<p class=\"QN2lPu\">\n<p class=\"QN2lPu\">\n<p class=\"QN2lPu\">ATEN\u00c7\u00c3O: Antes de efetuar a compra verifique o c\u00f3digo da sua pe\u00e7a que est\u00e1 instalado no seu ve\u00edculo. e confirme se corresponde ao c\u00f3digo informado neste an\u00fancio.<\/p>\n<p class=\"QN2lPu\">Em caso de d\u00favida, utilize o campo de perguntas.<\/p>\n<p class=\"QN2lPu\">\n","protected":false},"featured_media":18982,"template":"","meta":{"_seopress_robots_primary_cat":"none","_seopress_titles_title":"","_seopress_titles_desc":"","_seopress_robots_index":"","_joinchat":[]},"product_cat":[22,244],"product_tag":[50],"berocket_brand":[394],"_links":{"self":[{"href":"https:\/\/www.casadainjecao.com.br\/loja\/wp-json\/wp\/v2\/product\/18978"}],"collection":[{"href":"https:\/\/www.casadainjecao.com.br\/loja\/wp-json\/wp\/v2\/product"}],"about":[{"href":"https:\/\/www.casadainjecao.com.br\/loja\/wp-json\/wp\/v2\/types\/product"}],"wp:featuredmedia":[{"embeddable":true,"href":"https:\/\/www.casadainjecao.com.br\/loja\/wp-json\/wp\/v2\/media\/18982"}],"wp:attachment":[{"href":"https:\/\/www.casadainjecao.com.br\/loja\/wp-json\/wp\/v2\/media?parent=18978"}],"wp:term":[{"taxonomy":"product_cat","embeddable":true,"href":"https:\/\/www.casadainjecao.com.br\/loja\/wp-json\/wp\/v2\/product_cat?post=18978"},{"taxonomy":"product_tag","embeddable":true,"href":"https:\/\/www.casadainjecao.com.br\/loja\/wp-json\/wp\/v2\/product_tag?post=18978"},{"taxonomy":"berocket_brand","embeddable":true,"href":"https:\/\/www.casadainjecao.com.br\/loja\/wp-json\/wp\/v2\/berocket_brand?post=18978"}],"curies":[{"name":"wp","href":"https:\/\/api.w.org\/{rel}","templated":true}]}}