{"id":19002,"date":"2022-08-16T09:59:18","date_gmt":"2022-08-16T12:59:18","guid":{"rendered":"https:\/\/www.casadainjecao.com.br\/loja\/?post_type=product&#038;p=19002"},"modified":"2023-05-08T16:33:37","modified_gmt":"2023-05-08T19:33:37","slug":"sensor-velocidade-honda-civic-accord-78410sr3004","status":"publish","type":"product","link":"https:\/\/www.casadainjecao.com.br\/loja\/autopecas\/injecao-eletronica\/sensores-injecao-eletronica\/sensor-velocidade-honda-civic-accord-78410sr3004\/","title":{"rendered":"Sensor Velocidade Honda Civic Accord &#8211; 78410sr3004"},"content":{"rendered":"<h1>Sensor Velocidade Honda Civic Accord &#8211; 78410sr3004<\/h1>\n","protected":false},"excerpt":{"rendered":"<h2>Sensor Velocidade<\/h2>\n<h2>Honda Civic Accord<\/h2>\n<h2>Codigo:- 78410sr3004<\/h2>\n<h2>c=269<\/h2>\n","protected":false},"featured_media":19104,"template":"","meta":{"_seopress_robots_primary_cat":"none","_seopress_titles_title":"","_seopress_titles_desc":"","_seopress_robots_index":"","_kad_blocks_custom_css":"","_kad_blocks_head_custom_js":"","_kad_blocks_body_custom_js":"","_kad_blocks_footer_custom_js":"","_joinchat":[]},"product_cat":[21,1472,269],"product_tag":[1473,273],"berocket_brand":[385],"taxonomy_info":{"product_cat":[{"value":21,"label":"Inje\u00e7\u00e3o Eletr\u00f4nica"},{"value":1472,"label":"Sensor de Velocidade"},{"value":269,"label":"Sensores"}],"product_tag":[{"value":1473,"label":"Honda Accord"},{"value":273,"label":"Honda Civic"}],"berocket_brand":[{"value":385,"label":"Honda"}]},"featured_image_src_large":["https:\/\/www.casadainjecao.com.br\/loja\/wp-content\/uploads\/2022\/08\/78410sr3004.b-700x780.jpg",640,713,true],"author_info":[],"comment_info":"","_links":{"self":[{"href":"https:\/\/www.casadainjecao.com.br\/loja\/wp-json\/wp\/v2\/product\/19002"}],"collection":[{"href":"https:\/\/www.casadainjecao.com.br\/loja\/wp-json\/wp\/v2\/product"}],"about":[{"href":"https:\/\/www.casadainjecao.com.br\/loja\/wp-json\/wp\/v2\/types\/product"}],"wp:featuredmedia":[{"embeddable":true,"href":"https:\/\/www.casadainjecao.com.br\/loja\/wp-json\/wp\/v2\/media\/19104"}],"wp:attachment":[{"href":"https:\/\/www.casadainjecao.com.br\/loja\/wp-json\/wp\/v2\/media?parent=19002"}],"wp:term":[{"taxonomy":"product_cat","embeddable":true,"href":"https:\/\/www.casadainjecao.com.br\/loja\/wp-json\/wp\/v2\/product_cat?post=19002"},{"taxonomy":"product_tag","embeddable":true,"href":"https:\/\/www.casadainjecao.com.br\/loja\/wp-json\/wp\/v2\/product_tag?post=19002"},{"taxonomy":"berocket_brand","embeddable":true,"href":"https:\/\/www.casadainjecao.com.br\/loja\/wp-json\/wp\/v2\/berocket_brand?post=19002"}],"curies":[{"name":"wp","href":"https:\/\/api.w.org\/{rel}","templated":true}]}}