{"id":19010,"date":"2022-08-16T10:27:39","date_gmt":"2022-08-16T13:27:39","guid":{"rendered":"https:\/\/www.casadainjecao.com.br\/loja\/?post_type=product&#038;p=19010"},"modified":"2026-02-10T13:43:47","modified_gmt":"2026-02-10T16:43:47","slug":"regulador-de-voltagem-palio-tempra-siena-ixj30007","status":"publish","type":"product","link":"https:\/\/www.casadainjecao.com.br\/loja\/autopecas\/eletrica\/alternadores\/regulador-de-voltagem-palio-tempra-siena-ixj30007\/","title":{"rendered":"Regulador De Voltagem Uno Palio Tempra Siena &#8211; IXJ3000"},"content":{"rendered":"<h1>Regulador De Voltagem Palio Tempra Siena &#8211; IXJ30007<\/h1>\n","protected":false},"excerpt":{"rendered":"<h2>Regulador De Voltagem Altenador Marelli<\/h2>\n<p>&nbsp;<\/p>\n<p>&nbsp;<\/p>\n<p data-start=\"2156\" data-end=\"2186\">Fiat <strong data-start=\"2161\" data-end=\"2170\">Palio<\/strong> \u2014 1996\u00a0 1997 1998 1999 2000 2001 2002 2003 2004 2005 2006 2007 2008 2009 2010 2011 2012<\/p>\n<p data-start=\"2189\" data-end=\"2219\">Fiat <strong data-start=\"2194\" data-end=\"2203\">Siena<\/strong> \u2014 1997 1998 1999 2000 2001 2002 2003 2004 2005 2006 2007 2008 2009 2010 2011 2012<\/p>\n<p data-start=\"2222\" data-end=\"2253\">Fiat <strong data-start=\"2227\" data-end=\"2237\">Strada<\/strong> \u2014 1998 1999 2000 2001 2002 2003 2004 2005 2006 2007 2008 2009 2010 2011 2012 2013<\/p>\n<p data-start=\"2256\" data-end=\"2284\">Fiat <strong data-start=\"2261\" data-end=\"2268\">Uno<\/strong> \u2014 1990 1991 1992 1993 1994 1995 1996 1997 1998 1999 2000 2001 2002 2003 2004 2005 2006 2007 2008 2009 2010 2011 2012 2013\u00a0 2014<\/p>\n<p data-start=\"2287\" data-end=\"2318\">Fiat <strong data-start=\"2292\" data-end=\"2302\">Tempra<\/strong> \u2014 1992 1993 1994 1995 1996 1997 1998<\/p>\n<p data-start=\"2287\" data-end=\"2318\">\n<p data-start=\"2321\" data-end=\"2376\">Fiat <strong data-start=\"2326\" data-end=\"2352\">Fiorino \/ Idea \/ Punto<\/strong> \u2014 conforme alternador<\/p>\n<p data-start=\"2321\" data-end=\"2376\">\n<p data-start=\"2379\" data-end=\"2475\">GM <strong data-start=\"2382\" data-end=\"2416\">Chevrolet Corsa, Celta, Prisma<\/strong> \u2014 em vers\u00f5es que usam alternador com regulador equivalente<\/p>\n<h2><\/h2>\n<p>&nbsp;<\/p>\n<p>&nbsp;<\/p>\n<p>&nbsp;<\/p>\n<h2>Codigo:- IXJ30007<\/h2>\n<p>&nbsp;<\/p>\n<p>Condi\u00e7\u00e3o do item: Novo<\/p>\n<p>&nbsp;<\/p>\n<p>&nbsp;<\/p>\n<p>Marca: Torken<\/p>\n<p>&nbsp;<\/p>\n<p>garantia: 3 meses<\/p>\n<p>&nbsp;<\/p>\n<p>&nbsp;<\/p>\n<p>ATEN\u00c7\u00c3O: Antes de efetuar a compra verifique o c\u00f3digo da sua pe\u00e7a que est\u00e1 instalado no seu ve\u00edculo. e confirme se corresponde ao c\u00f3digo informado neste an\u00fancio.<br \/>\nEm caso de d\u00favida, utilize o campo de perguntas.<\/p>\n<p>&nbsp;<\/p>\n<p>&nbsp;<\/p>\n<p>A Casa da Inje\u00e7\u00e3o oferece total garantia nos produtos comprados em nosso site.<br \/>\nCada item \u00e9 rigorosamente testado antes do envio<br \/>\nSe os itens estiverem danificados ou parcialmente defeituosos, entre em contato conosco.<br \/>\nProcure um profissional devidamente licenciado para a instala\u00e7\u00e3o e fa\u00e7a revis\u00f5es periodicamente. A empresa n\u00e3o se responsabiliza por problemas oriundos da m\u00e1 instala\u00e7\u00e3o ou com a falta de cuidados peri\u00f3dicos dos componentes.<br \/>\nSe houver qualquer defeito, n\u00f3s lhe enviaremos uma substitui\u00e7\u00e3o ap\u00f3s receber o pacote ou devolvemos seu dinheiro.<br \/>\nLeia nossa pol\u00edtica de devolu\u00e7\u00e3o aqui<br \/>\nTem alguma d\u00favida?<br \/>\nEntre em contato que podemos ajudar!<br \/>\nConfira as informa\u00e7\u00f5es adicionais abaixo:<br \/>\nTodos os nossos produtos s\u00e3o novos, semi-novos, originais e paralelos possuem garantia.<br \/>\nTodos os produtos anunciados est\u00e3o dispon\u00edveis em estoque e s\u00e3o enviados com extrema rapidez.<br \/>\nO frete pode ser simulado antes de efetuar a compra, basta clicar em \u201cver custos de envio\u201d.<br \/>\nVerifique o endere\u00e7o de entrega cadastrado e atualize caso necess\u00e1rio.<br \/>\nConfirme se a pe\u00e7a \u00e9 correta para o seu modelo de ve\u00edculo.<br \/>\nPara pe\u00e7as automotivas, recomendamos a instala\u00e7\u00e3o por um profissional especializado.<br \/>\nCaso possua outras d\u00favidas, entre em contato.<\/p>\n","protected":false},"featured_media":19015,"template":"","meta":{"_seopress_robots_primary_cat":"none","_seopress_titles_title":"","_seopress_titles_desc":"","_seopress_robots_index":"","_joinchat":[]},"product_cat":[99,17,1522],"product_tag":[115,296,119,1263,120,1521],"berocket_brand":[381,383],"_links":{"self":[{"href":"https:\/\/www.casadainjecao.com.br\/loja\/wp-json\/wp\/v2\/product\/19010"}],"collection":[{"href":"https:\/\/www.casadainjecao.com.br\/loja\/wp-json\/wp\/v2\/product"}],"about":[{"href":"https:\/\/www.casadainjecao.com.br\/loja\/wp-json\/wp\/v2\/types\/product"}],"wp:featuredmedia":[{"embeddable":true,"href":"https:\/\/www.casadainjecao.com.br\/loja\/wp-json\/wp\/v2\/media\/19015"}],"wp:attachment":[{"href":"https:\/\/www.casadainjecao.com.br\/loja\/wp-json\/wp\/v2\/media?parent=19010"}],"wp:term":[{"taxonomy":"product_cat","embeddable":true,"href":"https:\/\/www.casadainjecao.com.br\/loja\/wp-json\/wp\/v2\/product_cat?post=19010"},{"taxonomy":"product_tag","embeddable":true,"href":"https:\/\/www.casadainjecao.com.br\/loja\/wp-json\/wp\/v2\/product_tag?post=19010"},{"taxonomy":"berocket_brand","embeddable":true,"href":"https:\/\/www.casadainjecao.com.br\/loja\/wp-json\/wp\/v2\/berocket_brand?post=19010"}],"curies":[{"name":"wp","href":"https:\/\/api.w.org\/{rel}","templated":true}]}}