{"id":19020,"date":"2022-08-16T15:10:24","date_gmt":"2022-08-16T18:10:24","guid":{"rendered":"https:\/\/www.casadainjecao.com.br\/loja\/?post_type=product&#038;p=19020"},"modified":"2026-02-09T16:32:40","modified_gmt":"2026-02-09T19:32:40","slug":"tensor-correia-dentada-renault-clio-megane-scenic-8200989172","status":"publish","type":"product","link":"https:\/\/www.casadainjecao.com.br\/loja\/autopecas\/motor\/correias\/tensor-correia-dentada-renault-clio-megane-scenic-8200989172\/","title":{"rendered":"Tensor Correia Dentada Renault Clio Megane Scenic &#8211; 82"},"content":{"rendered":"<h1>Tensor Correia Dentada Renault Clio Megane Scenic &#8211; 8200989172<\/h1>\n","protected":false},"excerpt":{"rendered":"<h2>Tensor Correia Dentada<\/h2>\n<h3><strong data-start=\"666\" data-end=\"692\">Renault Megane 2.0 16V<\/strong> \u2013\u00a0 <strong data-start=\"711\" data-end=\"726\">1998 1999 2000 2001 2002 2003 2004 2005 2006 2007 2008 2009 2010 2011<\/strong> <br data-start=\"764\" data-end=\"767\" \/>\u00a0<strong data-start=\"770\" data-end=\"796\">Renault Scenic 2.0 16V<\/strong> \u2013\u00a0 <strong data-start=\"815\" data-end=\"830\">2001 2002 2003 2004 2005 2006 2007 2008 2009 2010 2011<\/strong> <br data-start=\"868\" data-end=\"871\" \/>\u00a0<strong data-start=\"874\" data-end=\"900\">Renault Duster 2.0 16V<\/strong> \u2013 <strong data-start=\"903\" data-end=\"921\">2012 em diante<\/strong> <br data-start=\"959\" data-end=\"962\" \/>\u00a0<strong data-start=\"965\" data-end=\"998\">Renault Fluence 2.0 16V Turbo<\/strong> \u2013 <strong data-start=\"1001\" data-end=\"1019\">2013 em diante<\/strong> <br data-start=\"1057\" data-end=\"1060\" \/>\u00a0<strong data-start=\"1063\" data-end=\"1089\">Renault Laguna 2.0 16V<\/strong> \u2013 <strong data-start=\"1092\" data-end=\"1107\">2000\u00a0 2001<\/strong> <br data-start=\"1145\" data-end=\"1148\" \/>\u00a0<strong data-start=\"1151\" data-end=\"1178\">Renault Sandero 2.0 16V<\/strong> \u2013 <strong data-start=\"1181\" data-end=\"1199\">2015 em diante<\/strong><\/h3>\n<h3>Codigo: 8200989172<\/h3>\n<h3>Condi\u00e7\u00e3o do item: Novo<\/h3>\n<h3>Marca: Renault<\/h3>\n<p>garantia: 3 meses<\/p>\n<p>ATEN\u00c7\u00c3O: Antes de efetuar a compra verifique o c\u00f3digo da sua pe\u00e7a que est\u00e1 instalado no seu ve\u00edculo. e confirme se corresponde ao c\u00f3digo informado neste an\u00fancio.<br \/>\nEm caso de d\u00favida, utilize o campo de perguntas.<\/p>\n<p>&nbsp;<\/p>\n<p>A Casa da Inje\u00e7\u00e3o oferece total garantia nos produtos comprados em nosso site.<br \/>\nCada item \u00e9 rigorosamente testado antes do envio<br \/>\nSe os itens estiverem danificados ou parcialmente defeituosos, entre em contato conosco.<br \/>\nProcure um profissional devidamente licenciado para a instala\u00e7\u00e3o e fa\u00e7a revis\u00f5es periodicamente. A empresa n\u00e3o se responsabiliza por problemas oriundos da m\u00e1 instala\u00e7\u00e3o ou com a falta de cuidados peri\u00f3dicos dos componentes.<br \/>\nSe houver qualquer defeito, n\u00f3s lhe enviaremos uma substitui\u00e7\u00e3o ap\u00f3s receber o pacote ou devolvemos seu dinheiro.<br \/>\nLeia nossa pol\u00edtica de devolu\u00e7\u00e3o aqui<br \/>\nTem alguma d\u00favida?<br \/>\nEntre em contato que podemos ajudar!<br \/>\nConfira as informa\u00e7\u00f5es adicionais abaixo:<br \/>\nTodos os nossos produtos s\u00e3o novos, semi-novos, originais e paralelos possuem garantia.<br \/>\nTodos os produtos anunciados est\u00e3o dispon\u00edveis em estoque e s\u00e3o enviados com extrema rapidez.<br \/>\nO frete pode ser simulado antes de efetuar a compra, basta clicar em \u201cver custos de envio\u201d.<br \/>\nVerifique o endere\u00e7o de entrega cadastrado e atualize caso necess\u00e1rio.<br \/>\nConfirme se a pe\u00e7a \u00e9 correta para o seu modelo de ve\u00edculo.<br \/>\nPara pe\u00e7as automotivas, recomendamos a instala\u00e7\u00e3o por um profissional especializado.<br \/>\nCaso possua outras d\u00favidas, entre em contato.<\/p>\n","protected":false},"featured_media":19023,"template":"","meta":{"_seopress_robots_primary_cat":"none","_seopress_titles_title":"","_seopress_titles_desc":"","_seopress_robots_index":"","_seopress_analysis_target_kw":"","_kad_blocks_custom_css":"","_kad_blocks_head_custom_js":"","_kad_blocks_body_custom_js":"","_kad_blocks_footer_custom_js":"","_kadence_starter_templates_imported_post":false,"_joinchat":[]},"product_brand":[],"product_cat":[213,22,1523],"product_tag":[49,50,51],"berocket_brand":[394],"class_list":{"0":"post-19020","1":"product","2":"type-product","3":"status-publish","4":"has-post-thumbnail","6":"product_cat-correias","7":"product_cat-motor","8":"product_cat-tensor-correia-dentada","9":"product_tag-clio","10":"product_tag-megane","11":"product_tag-scenic","12":"berocket_brand-renault","13":"thunk-woo-product-list","14":"big-store-woo-hover-zoom","15":"open-single-product-tab-horizontal","16":"open-shadow-","17":"open-shadow-hover-","19":"first","20":"instock","21":"sale","22":"taxable","23":"shipping-taxable","24":"purchasable","25":"product-type-simple"},"taxonomy_info":{"product_cat":[{"value":213,"label":"Correias"},{"value":22,"label":"Motor"},{"value":1523,"label":"Tensor Correia"}],"product_tag":[{"value":49,"label":"Clio"},{"value":50,"label":"Megane"},{"value":51,"label":"Scenic"}],"berocket_brand":[{"value":394,"label":"Renault"}]},"featured_image_src_large":["https:\/\/www.casadainjecao.com.br\/loja\/wp-content\/uploads\/2022\/08\/8200989172-tensor-da-correia-dentada-do-renault-megane-clio-scenic-original.jpg",640,679,false],"author_info":[],"comment_info":"","_links":{"self":[{"href":"https:\/\/www.casadainjecao.com.br\/loja\/wp-json\/wp\/v2\/product\/19020","targetHints":{"allow":["GET"]}}],"collection":[{"href":"https:\/\/www.casadainjecao.com.br\/loja\/wp-json\/wp\/v2\/product"}],"about":[{"href":"https:\/\/www.casadainjecao.com.br\/loja\/wp-json\/wp\/v2\/types\/product"}],"wp:featuredmedia":[{"embeddable":true,"href":"https:\/\/www.casadainjecao.com.br\/loja\/wp-json\/wp\/v2\/media\/19023"}],"wp:attachment":[{"href":"https:\/\/www.casadainjecao.com.br\/loja\/wp-json\/wp\/v2\/media?parent=19020"}],"wp:term":[{"taxonomy":"product_brand","embeddable":true,"href":"https:\/\/www.casadainjecao.com.br\/loja\/wp-json\/wp\/v2\/product_brand?post=19020"},{"taxonomy":"product_cat","embeddable":true,"href":"https:\/\/www.casadainjecao.com.br\/loja\/wp-json\/wp\/v2\/product_cat?post=19020"},{"taxonomy":"product_tag","embeddable":true,"href":"https:\/\/www.casadainjecao.com.br\/loja\/wp-json\/wp\/v2\/product_tag?post=19020"},{"taxonomy":"berocket_brand","embeddable":true,"href":"https:\/\/www.casadainjecao.com.br\/loja\/wp-json\/wp\/v2\/berocket_brand?post=19020"}],"curies":[{"name":"wp","href":"https:\/\/api.w.org\/{rel}","templated":true}]}}