{"id":19117,"date":"2022-08-17T14:47:58","date_gmt":"2022-08-17T17:47:58","guid":{"rendered":"https:\/\/www.casadainjecao.com.br\/loja\/?post_type=product&#038;p=19117"},"modified":"2023-09-21T10:22:21","modified_gmt":"2023-09-21T13:22:21","slug":"botao-luz-de-leitura-caminhao-mercedes-24v-codigo-3595458714","status":"publish","type":"product","link":"https:\/\/www.casadainjecao.com.br\/loja\/autopecas\/eletrica\/botoes\/botao-luz-de-leitura-caminhao-mercedes-24v-codigo-3595458714\/","title":{"rendered":"Bot\u00e3o Luz de Leitura Caminh\u00e3o Mercedes 24v &#8211; 3595458"},"content":{"rendered":"<h2>Bot\u00e3o Luz de Leitura\u00a0Caminh\u00e3o Mercedes 24v &#8211; A3595458714<\/h2>\n","protected":false},"excerpt":{"rendered":"<h2>Bot\u00e3o Luz de Leitura<\/h2>\n<h2>Caminh\u00e3o Mercedes 24v<\/h2>\n<h2>Codigo refer\u00eancis: 3595458714, 3595458714, A3595458714<\/h2>\n","protected":false},"featured_media":19116,"template":"","meta":{"_seopress_robots_primary_cat":"none","_seopress_titles_title":"","_seopress_titles_desc":"","_seopress_robots_index":"","_joinchat":[]},"product_cat":[118,17],"product_tag":[],"berocket_brand":[390],"_links":{"self":[{"href":"https:\/\/www.casadainjecao.com.br\/loja\/wp-json\/wp\/v2\/product\/19117"}],"collection":[{"href":"https:\/\/www.casadainjecao.com.br\/loja\/wp-json\/wp\/v2\/product"}],"about":[{"href":"https:\/\/www.casadainjecao.com.br\/loja\/wp-json\/wp\/v2\/types\/product"}],"wp:featuredmedia":[{"embeddable":true,"href":"https:\/\/www.casadainjecao.com.br\/loja\/wp-json\/wp\/v2\/media\/19116"}],"wp:attachment":[{"href":"https:\/\/www.casadainjecao.com.br\/loja\/wp-json\/wp\/v2\/media?parent=19117"}],"wp:term":[{"taxonomy":"product_cat","embeddable":true,"href":"https:\/\/www.casadainjecao.com.br\/loja\/wp-json\/wp\/v2\/product_cat?post=19117"},{"taxonomy":"product_tag","embeddable":true,"href":"https:\/\/www.casadainjecao.com.br\/loja\/wp-json\/wp\/v2\/product_tag?post=19117"},{"taxonomy":"berocket_brand","embeddable":true,"href":"https:\/\/www.casadainjecao.com.br\/loja\/wp-json\/wp\/v2\/berocket_brand?post=19117"}],"curies":[{"name":"wp","href":"https:\/\/api.w.org\/{rel}","templated":true}]}}