{"id":19175,"date":"2022-08-18T11:18:14","date_gmt":"2022-08-18T14:18:14","guid":{"rendered":"https:\/\/www.casadainjecao.com.br\/loja\/?post_type=product&#038;p=19175"},"modified":"2022-10-27T15:18:53","modified_gmt":"2022-10-27T18:18:53","slug":"botao-ventilacao-teto-solar-s32-s34-scania-1421864","status":"publish","type":"product","link":"https:\/\/www.casadainjecao.com.br\/loja\/autopecas\/eletrica\/botoes\/botao-ventilacao-teto-solar-s32-s34-scania-1421864\/","title":{"rendered":"Bot\u00e3o Ventila\u00e7\u00e3o Teto Solar S32\/S49 Scania &#8211; 142186"},"content":{"rendered":"<h1>Bot\u00e3o Ventila\u00e7\u00e3o Teto Solar S32\/S49 Scania &#8211; 1421864<\/h1>\n","protected":false},"excerpt":{"rendered":"<h2>Bot\u00e3o Ventila\u00e7\u00e3o Teto Solar S32\/S49<\/h2>\n<h2>Scania<\/h2>\n<h2>Codigo:- 1421864\u00a0 c=134<\/h2>\n","protected":false},"featured_media":19181,"template":"","meta":{"_seopress_robots_primary_cat":"none","_seopress_titles_title":"","_seopress_titles_desc":"","_seopress_robots_index":"","_joinchat":[]},"product_cat":[118,17],"product_tag":[1529],"berocket_brand":[1528],"_links":{"self":[{"href":"https:\/\/www.casadainjecao.com.br\/loja\/wp-json\/wp\/v2\/product\/19175"}],"collection":[{"href":"https:\/\/www.casadainjecao.com.br\/loja\/wp-json\/wp\/v2\/product"}],"about":[{"href":"https:\/\/www.casadainjecao.com.br\/loja\/wp-json\/wp\/v2\/types\/product"}],"wp:featuredmedia":[{"embeddable":true,"href":"https:\/\/www.casadainjecao.com.br\/loja\/wp-json\/wp\/v2\/media\/19181"}],"wp:attachment":[{"href":"https:\/\/www.casadainjecao.com.br\/loja\/wp-json\/wp\/v2\/media?parent=19175"}],"wp:term":[{"taxonomy":"product_cat","embeddable":true,"href":"https:\/\/www.casadainjecao.com.br\/loja\/wp-json\/wp\/v2\/product_cat?post=19175"},{"taxonomy":"product_tag","embeddable":true,"href":"https:\/\/www.casadainjecao.com.br\/loja\/wp-json\/wp\/v2\/product_tag?post=19175"},{"taxonomy":"berocket_brand","embeddable":true,"href":"https:\/\/www.casadainjecao.com.br\/loja\/wp-json\/wp\/v2\/berocket_brand?post=19175"}],"curies":[{"name":"wp","href":"https:\/\/api.w.org\/{rel}","templated":true}]}}