{"id":19485,"date":"2022-08-23T15:11:11","date_gmt":"2022-08-23T18:11:11","guid":{"rendered":"https:\/\/www.casadainjecao.com.br\/loja\/?post_type=product&#038;p=19485"},"modified":"2025-07-16T06:51:52","modified_gmt":"2025-07-16T09:51:52","slug":"reservatorio-fluido-de-freio-asia-towner-aa10043550a","status":"publish","type":"product","link":"https:\/\/www.casadainjecao.com.br\/loja\/autopecas\/suspencao\/reservatorio-fluido-de-freio-asia-towner-aa10043550a\/","title":{"rendered":"Reservat\u00f3rio Fluido De Freio \u00c1sia Towner &#8211; AA1004355"},"content":{"rendered":"<h2>Reservat\u00f3rio Fluido De Freio<\/h2>\n<p>\u00c1sia Motors Towner 1993 a 1998<\/p>\n<h4>C\u00f3digo de Refer\u00eancia:<\/h4>\n<p>AA10043550A<\/p>\n<h4 class=\"western\"><span style=\"color: #1c1d1e;\"><span style=\"font-family: Arial, sans-serif;\"><span style=\"font-size: medium;\">Condi\u00e7\u00f5es:<\/span><\/span><\/span><\/h4>\n<p><span style=\"color: #1c1d1e;\"><span style=\"font-family: Arial, sans-serif;\"><span style=\"font-size: medium;\">Produto Novo \/ Marca<\/span><\/span><\/span><\/p>\n<h4 class=\"western\"><span style=\"color: #1c1d1e;\"><span style=\"font-family: Arial, sans-serif;\"><span style=\"font-size: medium;\">Garantia:<\/span><\/span><\/span><\/h4>\n<p><span style=\"color: #1c1d1e;\"><span style=\"font-family: Arial, sans-serif;\"><span style=\"font-size: medium;\">3 Meses<\/span><\/span><\/span><\/p>\n<h3 class=\"western\"><span style=\"color: #1c1d1e;\"><span style=\"font-family: Arial, sans-serif;\"><span style=\"font-size: medium;\">ATEN\u00c7\u00c3O: Antes de efetuar a compra verifique o c\u00f3digo da sua pe\u00e7a que est\u00e1 instalada no seu ve\u00edculo.<\/span><\/span><\/span><\/h3>\n<p><span style=\"color: #1c1d1e;\">\u00a0<\/span><\/p>\n<p><span style=\"color: #1c1d1e;\"><span style=\"font-family: Arial, sans-serif;\"><span style=\"font-size: medium;\">A Casa da Inje\u00e7\u00e3o oferece total garantia nos produtos comprados em nosso site.<\/span><\/span><\/span><\/p>\n<p><span style=\"color: #1c1d1e;\"><span style=\"font-family: Arial, sans-serif;\"><span style=\"font-size: medium;\">1. Cada item \u00e9 rigorosamente testado antes do envio<\/span><\/span><\/span><\/p>\n<p><span style=\"color: #1c1d1e;\"><span style=\"font-family: Arial, sans-serif;\"><span style=\"font-size: medium;\">2. Se os itens estiverem danificados ou parcialmente defeituosos, entre em contato conosco.<\/span><\/span><\/span><\/p>\n<p><span style=\"color: #1c1d1e;\"><span style=\"font-family: Arial, sans-serif;\"><span style=\"font-size: medium;\">3. Procure um profissional devidamente licenciado para a instala\u00e7\u00e3o e fa\u00e7a revis\u00f5es periodicamente. A empresa n\u00e3o se responsabiliza por problemas oriundos da m\u00e1 instala\u00e7\u00e3o ou com a falta de cuidados peri\u00f3dicos dos componentes.<\/span><\/span><\/span><\/p>\n<p><span style=\"color: #1c1d1e;\"><span style=\"font-family: Arial, sans-serif;\"><span style=\"font-size: medium;\">Se houver qualquer defeito, n\u00f3s lhe enviaremos uma substitui\u00e7\u00e3o ap\u00f3s receber o pacote ou devolvemos seu dinheiro.<\/span><\/span><\/span><\/p>\n<p><span style=\"color: #1c1d1e;\"><span style=\"font-family: Arial, sans-serif;\"><span style=\"font-size: medium;\">Leia nossa\u00a0pol\u00edtica de devolu\u00e7\u00e3o aqui<br \/>\n\u2014\u2014\u2014\u2014\u2014\u2014\u2014\u2014\u2014\u2014\u2014\u2014\u2014\u2014\u2014\u2014\u2014\u2014\u2014\u2013<\/span><\/span><\/span><\/p>\n<p><span style=\"color: #1c1d1e;\"><span style=\"font-family: Arial, sans-serif;\"><span style=\"font-size: medium;\">Tem alguma d\u00favida?<\/span><\/span><\/span><\/p>\n<p><span style=\"color: #1c1d1e;\"><span style=\"font-family: Arial, sans-serif;\"><span style=\"font-size: medium;\">Entre em contato que podemos ajudar!<\/span><\/span><\/span><\/p>\n<p><span style=\"color: #1c1d1e;\"><span style=\"font-family: Arial, sans-serif;\"><span style=\"font-size: medium;\">Confira as informa\u00e7\u00f5es adicionais abaixo:<\/span><\/span><\/span><\/p>\n<p><span style=\"color: #1c1d1e;\">\u2022 <span style=\"font-family: Arial, sans-serif;\"><span style=\"font-size: medium;\">Todos os nossos produtos s\u00e3o novos, semi-novos, originais e paralelos possuem garantia.<\/span><\/span><\/span><\/p>\n<p><span style=\"color: #1c1d1e;\">\u2022 <span style=\"font-family: Arial, sans-serif;\"><span style=\"font-size: medium;\">Todos os produtos anunciados est\u00e3o dispon\u00edveis em estoque e s\u00e3o enviados com extrema rapidez.<\/span><\/span><\/span><\/p>\n<p><span style=\"color: #1c1d1e;\">\u2022 <span style=\"font-family: Arial, sans-serif;\"><span style=\"font-size: medium;\">O frete pode ser simulado antes de efetuar a compra, basta clicar em \u201cver custos de envio\u201d.<\/span><\/span><\/span><\/p>\n<p><span style=\"color: #1c1d1e;\">\u2022 <span style=\"font-family: Arial, sans-serif;\"><span style=\"font-size: medium;\">Verifique o endere\u00e7o de entrega cadastrado e atualize caso necess\u00e1rio.<br \/>\n\u2022 Confirme se a pe\u00e7a \u00e9 correta para o seu modelo de ve\u00edculo.<\/span><\/span><\/span><\/p>\n<p><span style=\"color: #1c1d1e;\">\u2022 <span style=\"font-family: Arial, sans-serif;\"><span style=\"font-size: medium;\">Para pe\u00e7as automotivas, recomendamos a instala\u00e7\u00e3o por um profissional especializado.<\/span><\/span><\/span><\/p>\n<p><span style=\"color: #1c1d1e;\">\u2022 <span style=\"font-family: Arial, sans-serif;\"><span style=\"font-size: medium;\">Caso possua outras d\u00favidas, entre em contato.<\/span><\/span><\/span><\/p>\n","protected":false},"excerpt":{"rendered":"<h2>Reservat\u00f3rio Fluido De Freio \u00c1sia Towner &#8211; AA10043550A<\/h2>\n","protected":false},"featured_media":39398,"template":"","meta":{"_seopress_robots_primary_cat":"none","_seopress_titles_title":"","_seopress_titles_desc":"","_seopress_robots_index":"","_seopress_analysis_target_kw":"","_kad_blocks_custom_css":"","_kad_blocks_head_custom_js":"","_kad_blocks_body_custom_js":"","_kad_blocks_footer_custom_js":"","_kadence_starter_templates_imported_post":false,"_joinchat":[]},"product_brand":[],"product_cat":[1104],"product_tag":[1549],"berocket_brand":[1326],"class_list":{"0":"post-19485","1":"product","2":"type-product","3":"status-publish","4":"has-post-thumbnail","6":"product_cat-suspencao","7":"product_tag-towner","8":"berocket_brand-asia-motors","9":"thunk-woo-product-list","10":"big-store-woo-hover-zoom","11":"open-single-product-tab-horizontal","12":"open-shadow-","13":"open-shadow-hover-","15":"first","16":"outofstock","17":"sale","18":"taxable","19":"shipping-taxable","20":"purchasable","21":"product-type-simple"},"taxonomy_info":{"product_cat":[{"value":1104,"label":"Suspen\u00e7\u00e3o"}],"product_tag":[{"value":1549,"label":"Towner"}],"berocket_brand":[{"value":1326,"label":"Asia Motors"}]},"featured_image_src_large":["https:\/\/www.casadainjecao.com.br\/loja\/wp-content\/uploads\/2022\/08\/Reservatorio-Fluido-De-Freio-Asia-Towner-AA10043550A-880x920.jpg",640,669,true],"author_info":[],"comment_info":"","_links":{"self":[{"href":"https:\/\/www.casadainjecao.com.br\/loja\/wp-json\/wp\/v2\/product\/19485","targetHints":{"allow":["GET"]}}],"collection":[{"href":"https:\/\/www.casadainjecao.com.br\/loja\/wp-json\/wp\/v2\/product"}],"about":[{"href":"https:\/\/www.casadainjecao.com.br\/loja\/wp-json\/wp\/v2\/types\/product"}],"wp:featuredmedia":[{"embeddable":true,"href":"https:\/\/www.casadainjecao.com.br\/loja\/wp-json\/wp\/v2\/media\/39398"}],"wp:attachment":[{"href":"https:\/\/www.casadainjecao.com.br\/loja\/wp-json\/wp\/v2\/media?parent=19485"}],"wp:term":[{"taxonomy":"product_brand","embeddable":true,"href":"https:\/\/www.casadainjecao.com.br\/loja\/wp-json\/wp\/v2\/product_brand?post=19485"},{"taxonomy":"product_cat","embeddable":true,"href":"https:\/\/www.casadainjecao.com.br\/loja\/wp-json\/wp\/v2\/product_cat?post=19485"},{"taxonomy":"product_tag","embeddable":true,"href":"https:\/\/www.casadainjecao.com.br\/loja\/wp-json\/wp\/v2\/product_tag?post=19485"},{"taxonomy":"berocket_brand","embeddable":true,"href":"https:\/\/www.casadainjecao.com.br\/loja\/wp-json\/wp\/v2\/berocket_brand?post=19485"}],"curies":[{"name":"wp","href":"https:\/\/api.w.org\/{rel}","templated":true}]}}