{"id":19547,"date":"2022-08-24T09:09:20","date_gmt":"2022-08-24T12:09:20","guid":{"rendered":"https:\/\/www.casadainjecao.com.br\/loja\/?post_type=product&#038;p=19547"},"modified":"2025-06-22T01:03:39","modified_gmt":"2025-06-22T04:03:39","slug":"terminal-cabo-bateria-positivo-renault-megane-7701393251","status":"publish","type":"product","link":"https:\/\/www.casadainjecao.com.br\/loja\/autopecas\/eletrica\/baterias\/terminal-cabo-bateria-positivo-renault-megane-7701393251\/","title":{"rendered":"Terminal Cabo Bateria Positivo Renault Megane &#8211; 770139"},"content":{"rendered":"<h2>Terminal Cabo Bateria Positivo<\/h2>\n<p><strong>RENAULT<\/strong><\/p>\n<p>Renault Megane I RN , RT, RXE, Alize, Egeus, Expression 1.6 8v 1.6 16v 2.0 8v (1995 a 2016)<\/p>\n<p>Renault M\u00e9gane I Sedan RT, RXE, Alize, Egeus, Privil\u00e9ge 1.6 8v 1.6 16v 2.0 8v (1996 a 2017)<\/p>\n<p>Renault Sc\u00e9nic I RN , RT, RXE, Alize, Egeus, Expression, Privil\u00e9ge, Authentique, Privil\u00e9ge flex, Sportway 1.6 16v 2.0 8v 2.0 16v (1996 a 2017)<\/p>\n<p>Renault Laguna RT, RXE, V6, Executive 2.0 8v 2.0 16v 3.0 12v (1993 a 2011)<\/p>\n<p>Renault Laguna NevadaRXE 2.0 16v (1993 a 2011)<\/p>\n<p>Renault Trafic<\/p>\n<p>Renault Safrane RXE (1992 a 2007)<\/p>\n<p>Renault R-19 RN , RT, Cabriolet 1.6 8v 1.8 8v 1.8 8v (1988 a 1997)<\/p>\n<h4>C\u00f3digo de Refer\u00eancia:<\/h4>\n<p>7701393251, 7700813399<\/p>\n<h4>Condi\u00e7\u00f5es:<\/h4>\n<p>Novo Original \/ Marca Renault<\/p>\n<h4>Garantia:<\/h4>\n<p>3 Meses<\/p>\n<h3><strong>ATEN\u00c7\u00c3O<\/strong>: Antes de efetuar a compra verifique o c\u00f3digo da pe\u00e7a que est\u00e1 instalada no seu ve\u00edculo.<\/h3>\n<h3>APLICA\u00c7\u00c3O:<\/h3>\n<p>Linha Renault<\/p>\n<p><strong>O que \u00e9 e para que serve o Terminal Cabo Bateria Positivo?<\/strong><\/p>\n<p>O terminal do cabo da bateria positivo \u00e9 respons\u00e1vel por estabelecer a conex\u00e3o entre o terminal positivo da bateria e o sistema el\u00e9trico do ve\u00edculo. Isso permite que a corrente el\u00e9trica flua para os componentes el\u00e9tricos, como o motor de arranque, far\u00f3is e sistemas de entretenimento.<\/p>\n<p>&nbsp;<\/p>\n<p>A Casa da Inje\u00e7\u00e3o oferece total garantia nos produtos comprados em nosso site.<\/p>\n<ol>\n<li>Cada item \u00e9 rigorosamente testado antes do envio<\/li>\n<li>Se os itens estiverem danificados ou parcialmente defeituosos, entre em contato conosco.<\/li>\n<\/ol>\n<p>Se houver qualquer defeito, n\u00f3s lhe enviaremos uma substitui\u00e7\u00e3o ap\u00f3s receber o pacote ou devolvemos seu dinheiro.<\/p>\n<p>Leia nossa <span style=\"color: #ff0000;\"><a style=\"color: #ff0000;\" href=\"https:\/\/www.casadainjecao.com.br\/loja\/politica-de-devolucao\">pol\u00edtica de devolu\u00e7\u00e3o aqui<\/a><\/span><\/p>\n<p>&#8212;&#8212;&#8212;&#8212;&#8212;&#8212;&#8212;&#8212;&#8212;&#8212;&#8212;&#8212;&#8212;&#8212;&#8212;&#8212;&#8212;&#8212;&#8212;&#8211;<\/p>\n<h4>Tem alguma d\u00favida?<\/h4>\n<p>Entre em contato que podemos ajudar!<\/p>\n<p>Confira as informa\u00e7\u00f5es adicionais abaixo:<\/p>\n<ul>\n<li>Todos os nossos produtos s\u00e3o novos, semi-novos, originais, paralelos e possuem garantia.<\/li>\n<li>Todos os produtos anunciados est\u00e3o dispon\u00edveis em estoque e s\u00e3o enviados com extrema rapidez.<\/li>\n<li>O frete pode ser simulado antes de efetuar a compra, basta clicar em \u201cver custos de envio\u201d.<\/li>\n<li>Verifique o endere\u00e7o de entrega cadastrado e atualize caso necess\u00e1rio.<\/li>\n<li>Confirme se a pe\u00e7a \u00e9 correta para o seu modelo de ve\u00edculo.<\/li>\n<li>Para pe\u00e7as automotivas, recomendamos a instala\u00e7\u00e3o por um profissional especializado.<\/li>\n<\/ul>\n<p>Caso possua outras d\u00favidas, entre em contato.<\/p>\n","protected":false},"excerpt":{"rendered":"<h2>Terminal Cabo Bateria Positivo Renault Megane &#8211; 7701393251, 7700813399<\/h2>\n","protected":false},"featured_media":30433,"template":"","meta":{"_seopress_robots_primary_cat":"none","_seopress_titles_title":"","_seopress_titles_desc":"","_seopress_robots_index":"","_joinchat":[]},"product_cat":[103,17,1550],"product_tag":[1123,128,50,51,152],"berocket_brand":[394],"_links":{"self":[{"href":"https:\/\/www.casadainjecao.com.br\/loja\/wp-json\/wp\/v2\/product\/19547"}],"collection":[{"href":"https:\/\/www.casadainjecao.com.br\/loja\/wp-json\/wp\/v2\/product"}],"about":[{"href":"https:\/\/www.casadainjecao.com.br\/loja\/wp-json\/wp\/v2\/types\/product"}],"wp:featuredmedia":[{"embeddable":true,"href":"https:\/\/www.casadainjecao.com.br\/loja\/wp-json\/wp\/v2\/media\/30433"}],"wp:attachment":[{"href":"https:\/\/www.casadainjecao.com.br\/loja\/wp-json\/wp\/v2\/media?parent=19547"}],"wp:term":[{"taxonomy":"product_cat","embeddable":true,"href":"https:\/\/www.casadainjecao.com.br\/loja\/wp-json\/wp\/v2\/product_cat?post=19547"},{"taxonomy":"product_tag","embeddable":true,"href":"https:\/\/www.casadainjecao.com.br\/loja\/wp-json\/wp\/v2\/product_tag?post=19547"},{"taxonomy":"berocket_brand","embeddable":true,"href":"https:\/\/www.casadainjecao.com.br\/loja\/wp-json\/wp\/v2\/berocket_brand?post=19547"}],"curies":[{"name":"wp","href":"https:\/\/api.w.org\/{rel}","templated":true}]}}