{"id":19622,"date":"2022-08-24T16:13:25","date_gmt":"2022-08-24T19:13:25","guid":{"rendered":"https:\/\/www.casadainjecao.com.br\/loja\/?post_type=product&#038;p=19622"},"modified":"2023-06-05T11:14:55","modified_gmt":"2023-06-05T14:14:55","slug":"borracha-de-vedacao-cilindro-mestre-renault-master-7701041223","status":"publish","type":"product","link":"https:\/\/www.casadainjecao.com.br\/loja\/autopecas\/freios\/cilindro-de-freio\/borracha-de-vedacao-cilindro-mestre-renault-master-7701041223\/","title":{"rendered":"Borracha de Veda\u00e7\u00e3o Cilindro Mestre Renault Master &#8211;"},"content":{"rendered":"<h1>Borracha de Veda\u00e7\u00e3o Cilindro Mestre Renault Master &#8211; 7701041223<\/h1>\n","protected":false},"excerpt":{"rendered":"<h2>Borracha de Veda\u00e7\u00e3o Cilindro Mestre Original<\/h2>\n<h2>Renault Master<\/h2>\n<h2>Codigo:- 7701041223<\/h2>\n<h2>c=153<\/h2>\n","protected":false},"featured_media":19624,"template":"","meta":{"_seopress_robots_primary_cat":"none","_seopress_titles_title":"","_seopress_titles_desc":"","_seopress_robots_index":"","_joinchat":[]},"product_cat":[175,20,187,190],"product_tag":[49,128,50,1158,53],"berocket_brand":[],"_links":{"self":[{"href":"https:\/\/www.casadainjecao.com.br\/loja\/wp-json\/wp\/v2\/product\/19622"}],"collection":[{"href":"https:\/\/www.casadainjecao.com.br\/loja\/wp-json\/wp\/v2\/product"}],"about":[{"href":"https:\/\/www.casadainjecao.com.br\/loja\/wp-json\/wp\/v2\/types\/product"}],"wp:featuredmedia":[{"embeddable":true,"href":"https:\/\/www.casadainjecao.com.br\/loja\/wp-json\/wp\/v2\/media\/19624"}],"wp:attachment":[{"href":"https:\/\/www.casadainjecao.com.br\/loja\/wp-json\/wp\/v2\/media?parent=19622"}],"wp:term":[{"taxonomy":"product_cat","embeddable":true,"href":"https:\/\/www.casadainjecao.com.br\/loja\/wp-json\/wp\/v2\/product_cat?post=19622"},{"taxonomy":"product_tag","embeddable":true,"href":"https:\/\/www.casadainjecao.com.br\/loja\/wp-json\/wp\/v2\/product_tag?post=19622"},{"taxonomy":"berocket_brand","embeddable":true,"href":"https:\/\/www.casadainjecao.com.br\/loja\/wp-json\/wp\/v2\/berocket_brand?post=19622"}],"curies":[{"name":"wp","href":"https:\/\/api.w.org\/{rel}","templated":true}]}}