{"id":19660,"date":"2022-08-25T12:01:39","date_gmt":"2022-08-25T15:01:39","guid":{"rendered":"https:\/\/www.casadainjecao.com.br\/loja\/?post_type=product&#038;p=19660"},"modified":"2025-04-15T13:43:34","modified_gmt":"2025-04-15T16:43:34","slug":"distribuidor-de-ignicao-renault-clio-7700742852","status":"publish","type":"product","link":"https:\/\/www.casadainjecao.com.br\/loja\/autopecas\/motor\/distribuidor-de-ignicao-renault-clio-7700742852\/","title":{"rendered":"Distribuidor de Igni\u00e7\u00e3o Renault Clio &#8211; 7700742853"},"content":{"rendered":"<h1>Distribuidor de Igni\u00e7\u00e3o (Semi Novo)<\/h1>\n<h1>Renault Clio Megane R19 91&gt;96<\/h1>\n<h1>C\u00f3digo:- 7700742853\/2525645A \/H7700742853<\/h1>\n<h2><\/h2>\n","protected":false},"excerpt":{"rendered":"<h2>Distribuidor de Igni\u00e7\u00e3o Renault Clio &#8211; 7700742853<\/h2>\n","protected":false},"featured_media":19955,"template":"","meta":{"_seopress_robots_primary_cat":"none","_seopress_titles_title":"","_seopress_titles_desc":"","_seopress_robots_index":"","_joinchat":[]},"product_cat":[22],"product_tag":[49,50,90],"berocket_brand":[394],"_links":{"self":[{"href":"https:\/\/www.casadainjecao.com.br\/loja\/wp-json\/wp\/v2\/product\/19660"}],"collection":[{"href":"https:\/\/www.casadainjecao.com.br\/loja\/wp-json\/wp\/v2\/product"}],"about":[{"href":"https:\/\/www.casadainjecao.com.br\/loja\/wp-json\/wp\/v2\/types\/product"}],"wp:featuredmedia":[{"embeddable":true,"href":"https:\/\/www.casadainjecao.com.br\/loja\/wp-json\/wp\/v2\/media\/19955"}],"wp:attachment":[{"href":"https:\/\/www.casadainjecao.com.br\/loja\/wp-json\/wp\/v2\/media?parent=19660"}],"wp:term":[{"taxonomy":"product_cat","embeddable":true,"href":"https:\/\/www.casadainjecao.com.br\/loja\/wp-json\/wp\/v2\/product_cat?post=19660"},{"taxonomy":"product_tag","embeddable":true,"href":"https:\/\/www.casadainjecao.com.br\/loja\/wp-json\/wp\/v2\/product_tag?post=19660"},{"taxonomy":"berocket_brand","embeddable":true,"href":"https:\/\/www.casadainjecao.com.br\/loja\/wp-json\/wp\/v2\/berocket_brand?post=19660"}],"curies":[{"name":"wp","href":"https:\/\/api.w.org\/{rel}","templated":true}]}}