{"id":19826,"date":"2022-08-28T08:11:21","date_gmt":"2022-08-28T11:11:21","guid":{"rendered":"https:\/\/www.casadainjecao.com.br\/loja\/?post_type=product&#038;p=19826"},"modified":"2026-05-09T21:58:08","modified_gmt":"2026-05-10T00:58:08","slug":"abracadeira-mangueira-decantador-de-oleo-renault-master-7701407060","status":"publish","type":"product","link":"https:\/\/www.casadainjecao.com.br\/loja\/autopecas\/motor\/abracadeira-motor\/abracadeira-mangueira-decantador-de-oleo-renault-master-7701407060\/","title":{"rendered":"Abra\u00e7adeira Mangueira Decantador de Oleo Renault Master &#8"},"content":{"rendered":"<h2>Abra\u00e7adeira Mangueira Decantador de Ol\u00e9o Renault Master II<\/h2>\n<p>Renault Master II L1H1, L2H2, L3H2, Fuurg\u00e3o, Bus, L2H1 &#8211; 2.5 16v 2.8 8v<\/p>\n<h4>C\u00f3digo de refer\u00eancia:<\/h4>\n<p>7701407060<\/p>\n<h4>Condi\u00e7\u00f5es:<\/h4>\n<p>Novo \/ Marca Renault<\/p>\n<h4>Garantia:<\/h4>\n<p>3 Meses<\/p>\n<h3><strong>ATEN\u00c7\u00c3O<\/strong>: Antes de efetuar a compra verifique o c\u00f3digo da pe\u00e7a que est\u00e1 instalada no seu ve\u00edculo.<\/h3>\n<h3>O que \u00e9 e para que serve o Sensor Rota\u00e7\u00e3o?<\/h3>\n<p>A abra\u00e7adeira de mangueira \u00e9 uma pe\u00e7a importante para fixar mangueiras e tubos em v\u00e1rias partes do ve\u00edculo, incluindo o sistema de ventila\u00e7\u00e3o e decanta\u00e7\u00e3o de \u00f3leo. \u00c9\u00a0usada para fixar mangueiras no decantador de \u00f3leo e em outros componentes relacionados ao sistema de ventila\u00e7\u00e3o.<\/p>\n<p>&nbsp;<\/p>\n<p>A Casa da Inje\u00e7\u00e3o oferece total garantia nos produtos comprados em nosso site.<\/p>\n<ol>\n<li>Cada item \u00e9 rigorosamente testado antes do envio<\/li>\n<li>Se os itens estiverem danificados ou parcialmente defeituosos, entre em contato conosco.<\/li>\n<\/ol>\n<p>Se houver qualquer defeito, n\u00f3s lhe enviaremos uma substitui\u00e7\u00e3o ap\u00f3s receber o pacote ou devolvemos seu dinheiro.<\/p>\n<p>Leia nossa\u00a0<a href=\"https:\/\/www.casadainjecao.com.br\/loja\/politica-de-devolucao\">pol\u00edtica de devolu\u00e7\u00e3o aqui<\/a><\/p>\n<h4>Tem alguma d\u00favida?<\/h4>\n<p>Entre em contato que podemos ajudar!<\/p>\n<p>Confira as informa\u00e7\u00f5es adicionais abaixo:<\/p>\n<ul>\n<li>Todos os nossos produtos s\u00e3o novos, originais e paralelos possuem garantia.<\/li>\n<li>Todos os produtos anunciados est\u00e3o dispon\u00edveis em estoque e s\u00e3o enviados com extrema rapidez.<\/li>\n<li>O frete pode ser simulado antes de efetuar a compra, basta clicar em \u201cver custos de envio\u201d.<\/li>\n<li>Verifique o endere\u00e7o de entrega cadastrado e atualize caso necess\u00e1rio.<\/li>\n<li>Confirme se a pe\u00e7a \u00e9 correta para o seu modelo de ve\u00edculo.<\/li>\n<li>Para pe\u00e7as automotivas, recomendamos a instala\u00e7\u00e3o por um profissional especializado.<\/li>\n<\/ul>\n<p>Caso possua outras d\u00favidas, entre em contato.<\/p>\n","protected":false},"excerpt":{"rendered":"<h2>Abra\u00e7adeira Mangueira Decantador de Oleo Renault Master\u00a0 7701407060<\/h2>\n","protected":false},"featured_media":37763,"template":"","meta":{"_seopress_robots_primary_cat":"none","_seopress_titles_title":"","_seopress_titles_desc":"","_seopress_robots_index":"","_seopress_analysis_target_kw":"","_kad_blocks_custom_css":"","_kad_blocks_head_custom_js":"","_kad_blocks_body_custom_js":"","_kad_blocks_footer_custom_js":"","_kadence_starter_templates_imported_post":false,"_joinchat":[]},"product_brand":[],"product_cat":[1465,1443,16,221,223,22],"product_tag":[1445,128,81,152],"berocket_brand":[387,394],"class_list":{"0":"post-19826","1":"product","2":"type-product","3":"status-publish","4":"has-post-thumbnail","6":"product_cat-abracadeira-motor","7":"product_cat-abracadeira-ar-condicionado","8":"product_cat-ar-condicionado","9":"product_cat-filtros","10":"product_cat-mangueiras-motor","11":"product_cat-motor","12":"product_tag-cherokee","13":"product_tag-laguna","14":"product_tag-master","15":"product_tag-trafic","16":"berocket_brand-jeep","17":"berocket_brand-renault","18":"thunk-woo-product-list","19":"big-store-woo-hover-zoom","20":"open-single-product-tab-horizontal","21":"open-shadow-","22":"open-shadow-hover-","24":"first","25":"instock","26":"taxable","27":"shipping-taxable","28":"purchasable","29":"product-type-simple"},"taxonomy_info":{"product_cat":[{"value":1465,"label":"Abra\u00e7adeira"},{"value":1443,"label":"Abra\u00e7adeira"},{"value":16,"label":"Ar Condicionado"},{"value":221,"label":"Filtros"},{"value":223,"label":"Mangueiras"},{"value":22,"label":"Motor"}],"product_tag":[{"value":1445,"label":"Cherokee"},{"value":128,"label":"Laguna"},{"value":81,"label":"Master"},{"value":152,"label":"Trafic"}],"berocket_brand":[{"value":387,"label":"Jeep"},{"value":394,"label":"Renault"}]},"featured_image_src_large":["https:\/\/www.casadainjecao.com.br\/loja\/wp-content\/uploads\/2022\/08\/Abracadeira-Mangueira-Decantador-de-Oleo-Renault-Master-7701407060-1-1144x920.jpg",640,515,true],"author_info":[],"comment_info":"","_links":{"self":[{"href":"https:\/\/www.casadainjecao.com.br\/loja\/wp-json\/wp\/v2\/product\/19826","targetHints":{"allow":["GET"]}}],"collection":[{"href":"https:\/\/www.casadainjecao.com.br\/loja\/wp-json\/wp\/v2\/product"}],"about":[{"href":"https:\/\/www.casadainjecao.com.br\/loja\/wp-json\/wp\/v2\/types\/product"}],"wp:featuredmedia":[{"embeddable":true,"href":"https:\/\/www.casadainjecao.com.br\/loja\/wp-json\/wp\/v2\/media\/37763"}],"wp:attachment":[{"href":"https:\/\/www.casadainjecao.com.br\/loja\/wp-json\/wp\/v2\/media?parent=19826"}],"wp:term":[{"taxonomy":"product_brand","embeddable":true,"href":"https:\/\/www.casadainjecao.com.br\/loja\/wp-json\/wp\/v2\/product_brand?post=19826"},{"taxonomy":"product_cat","embeddable":true,"href":"https:\/\/www.casadainjecao.com.br\/loja\/wp-json\/wp\/v2\/product_cat?post=19826"},{"taxonomy":"product_tag","embeddable":true,"href":"https:\/\/www.casadainjecao.com.br\/loja\/wp-json\/wp\/v2\/product_tag?post=19826"},{"taxonomy":"berocket_brand","embeddable":true,"href":"https:\/\/www.casadainjecao.com.br\/loja\/wp-json\/wp\/v2\/berocket_brand?post=19826"}],"curies":[{"name":"wp","href":"https:\/\/api.w.org\/{rel}","templated":true}]}}