{"id":19833,"date":"2022-08-28T08:30:02","date_gmt":"2022-08-28T11:30:02","guid":{"rendered":"https:\/\/www.casadainjecao.com.br\/loja\/?post_type=product&#038;p=19833"},"modified":"2024-09-12T12:01:26","modified_gmt":"2024-09-12T15:01:26","slug":"oring-vedacao-bocal-tanque-renault-master-twingo-7701035567","status":"publish","type":"product","link":"https:\/\/www.casadainjecao.com.br\/loja\/autopecas\/carroceria\/tampas-de-combustivel\/oring-vedacao-bocal-tanque-renault-master-twingo-7701035567\/","title":{"rendered":"Oring Veda\u00e7\u00e3o Bocal Tanque Renault Master Twingo &#8211; 7"},"content":{"rendered":"<h1>Oring Veda\u00e7\u00e3o Bocal Tanque Renault Master Twingo &#8211; 7701035567<\/h1>\n","protected":false},"excerpt":{"rendered":"<h2>Oring Veda\u00e7\u00e3o Bocal Enchimento Tanque<\/h2>\n<h2>Renault Master Twingo Clio Megane<\/h2>\n<h2>Codigo: &#8211; 7701035567\u00a0 c=118<\/h2>\n","protected":false},"featured_media":19836,"template":"","meta":{"_seopress_robots_primary_cat":"none","_seopress_titles_title":"","_seopress_titles_desc":"","_seopress_robots_index":"","_joinchat":[]},"product_cat":[1258,83,98],"product_tag":[49,81,50,53],"berocket_brand":[394],"_links":{"self":[{"href":"https:\/\/www.casadainjecao.com.br\/loja\/wp-json\/wp\/v2\/product\/19833"}],"collection":[{"href":"https:\/\/www.casadainjecao.com.br\/loja\/wp-json\/wp\/v2\/product"}],"about":[{"href":"https:\/\/www.casadainjecao.com.br\/loja\/wp-json\/wp\/v2\/types\/product"}],"wp:featuredmedia":[{"embeddable":true,"href":"https:\/\/www.casadainjecao.com.br\/loja\/wp-json\/wp\/v2\/media\/19836"}],"wp:attachment":[{"href":"https:\/\/www.casadainjecao.com.br\/loja\/wp-json\/wp\/v2\/media?parent=19833"}],"wp:term":[{"taxonomy":"product_cat","embeddable":true,"href":"https:\/\/www.casadainjecao.com.br\/loja\/wp-json\/wp\/v2\/product_cat?post=19833"},{"taxonomy":"product_tag","embeddable":true,"href":"https:\/\/www.casadainjecao.com.br\/loja\/wp-json\/wp\/v2\/product_tag?post=19833"},{"taxonomy":"berocket_brand","embeddable":true,"href":"https:\/\/www.casadainjecao.com.br\/loja\/wp-json\/wp\/v2\/berocket_brand?post=19833"}],"curies":[{"name":"wp","href":"https:\/\/api.w.org\/{rel}","templated":true}]}}