{"id":20352,"date":"2022-09-09T14:41:36","date_gmt":"2022-09-09T17:41:36","guid":{"rendered":"https:\/\/www.casadainjecao.com.br\/loja\/?post_type=product&#038;p=20352"},"modified":"2024-09-30T08:54:29","modified_gmt":"2024-09-30T11:54:29","slug":"bobina-de-ignicao-kia-hyundai-27300-2e000","status":"publish","type":"product","link":"https:\/\/www.casadainjecao.com.br\/loja\/autopecas\/eletrica\/bobina-de-ignicao\/bobina-de-ignicao-kia-hyundai-27300-2e000\/","title":{"rendered":"Bobina de Igni\u00e7\u00e3o Kia Hyundai &#8211; 27300-2E000"},"content":{"rendered":"<h1>Bobina de Igni\u00e7\u00e3o Kia Sportage Hyundai IX35 &#8211; 27300-2E000<\/h1>\n","protected":false},"excerpt":{"rendered":"<h2>Bobina de Igni\u00e7\u00e3o<\/h2>\n<h2>Kia Sportage 2.0 Flex DOHC \/ CVVT (169cv gas. 178cv eta.) 2012 &#8230;<\/h2>\n<h2>Hyundai Creta 2.0 Dual CVVT (166cv) Flex 2017&#8230;<\/h2>\n<h2>Hyundai Elantra 1.8\u00a0 Gasolina 11&gt;13<\/h2>\n<h2>Hyundai Elantra 2.0 Flex (169cv gas.\u00a0 178cv eta.) 12&gt;18<\/h2>\n<h2>Hyundai IX35 2.0 Flex (169cv gas.\u00a0 178cv eta.) 2011 &#8230;<\/h2>\n<h2>Codigo:- 27300-2E000\u00a0 c=128<\/h2>\n","protected":false},"featured_media":20361,"template":"","meta":{"_seopress_robots_primary_cat":"none","_seopress_titles_title":"","_seopress_titles_desc":"","_seopress_robots_index":"","_joinchat":[]},"product_cat":[106,17],"product_tag":[794,697,318,696],"berocket_brand":[386],"_links":{"self":[{"href":"https:\/\/www.casadainjecao.com.br\/loja\/wp-json\/wp\/v2\/product\/20352"}],"collection":[{"href":"https:\/\/www.casadainjecao.com.br\/loja\/wp-json\/wp\/v2\/product"}],"about":[{"href":"https:\/\/www.casadainjecao.com.br\/loja\/wp-json\/wp\/v2\/types\/product"}],"wp:featuredmedia":[{"embeddable":true,"href":"https:\/\/www.casadainjecao.com.br\/loja\/wp-json\/wp\/v2\/media\/20361"}],"wp:attachment":[{"href":"https:\/\/www.casadainjecao.com.br\/loja\/wp-json\/wp\/v2\/media?parent=20352"}],"wp:term":[{"taxonomy":"product_cat","embeddable":true,"href":"https:\/\/www.casadainjecao.com.br\/loja\/wp-json\/wp\/v2\/product_cat?post=20352"},{"taxonomy":"product_tag","embeddable":true,"href":"https:\/\/www.casadainjecao.com.br\/loja\/wp-json\/wp\/v2\/product_tag?post=20352"},{"taxonomy":"berocket_brand","embeddable":true,"href":"https:\/\/www.casadainjecao.com.br\/loja\/wp-json\/wp\/v2\/berocket_brand?post=20352"}],"curies":[{"name":"wp","href":"https:\/\/api.w.org\/{rel}","templated":true}]}}