{"id":20415,"date":"2022-09-12T08:08:21","date_gmt":"2022-09-12T11:08:21","guid":{"rendered":"https:\/\/www.casadainjecao.com.br\/loja\/?post_type=product&#038;p=20415"},"modified":"2026-04-20T19:46:02","modified_gmt":"2026-04-20T22:46:02","slug":"correia-estriada-poly-v-fiat-stilo-4pk0917","status":"publish","type":"product","link":"https:\/\/www.casadainjecao.com.br\/loja\/autopecas\/motor\/correias\/correia-estriada-poly-v-fiat-stilo-4pk0917\/","title":{"rendered":"Correia Fiat Stilo Marea &#8211; 4PK0917"},"content":{"rendered":"<div class=\"ui-pdp-collapsable ui-pdp-description-collapse\">\n<div class=\"ui-pdp-collapsable__container\">\n<div class=\"ui-pdp-description\">\n<h2 data-start=\"94\" data-end=\"150\"><strong data-start=\"94\" data-end=\"150\">Correia Estriada Poly V (Dayco) \u2013 Fiat Stilo \/ Marea<\/strong><\/h2>\n<p data-start=\"152\" data-end=\"174\"><strong data-start=\"152\" data-end=\"172\">Compatibilidade:<\/strong><\/p>\n<ul data-start=\"175\" data-end=\"204\">\n<li data-section-id=\"1p32gm7\" data-start=\"175\" data-end=\"189\">Fiat Stilo 1.6 16V:\u00a02001 a 2008.<\/li>\n<li data-section-id=\"11vzkw8\" data-start=\"190\" data-end=\"204\">Fiat Marea 1.8 16V \/ 2.4 20V:\u00a0 1999 e 2007<\/li>\n<\/ul>\n<p data-start=\"206\" data-end=\"234\"><strong data-start=\"206\" data-end=\"232\">C\u00f3digos de Refer\u00eancia:<\/strong><\/p>\n<ul data-start=\"235\" data-end=\"259\">\n<li data-section-id=\"ht2vag\" data-start=\"235\" data-end=\"246\">4PK0917<\/li>\n<li data-section-id=\"2442bp\" data-start=\"247\" data-end=\"259\">46811241<\/li>\n<\/ul>\n<p data-start=\"261\" data-end=\"276\"><strong data-start=\"261\" data-end=\"274\">Condi\u00e7\u00e3o:<\/strong><\/p>\n<ul data-start=\"277\" data-end=\"319\">\n<li data-section-id=\"1g8wn72\" data-start=\"277\" data-end=\"302\">Produto novo original<\/li>\n<li data-section-id=\"lyqcji\" data-start=\"303\" data-end=\"319\">Marca: Dayco<\/li>\n<\/ul>\n<p data-start=\"321\" data-end=\"336\"><strong data-start=\"321\" data-end=\"334\">Garantia:<\/strong><\/p>\n<ul data-start=\"337\" data-end=\"348\">\n<li data-section-id=\"1mefyc6\" data-start=\"337\" data-end=\"348\">3 meses<\/li>\n<\/ul>\n<p data-start=\"355\" data-end=\"461\"><strong data-start=\"355\" data-end=\"370\">\u00a0Aten\u00e7\u00e3o:<\/strong><br data-start=\"370\" data-end=\"373\" \/>Antes de efetuar a compra, verifique se o c\u00f3digo da pe\u00e7a \u00e9 compat\u00edvel com o seu ve\u00edculo.<\/p>\n<h4><strong>O que \u00e9 e para que serve a Correia Estriada Poly V?<\/strong><\/h4>\n<\/div>\n<\/div>\n<\/div>\n<p>A Correia estriada Poly V \u00e9 uma correia que serve para transmitir energia do motor para diversos acess\u00f3rios do ve\u00edculo, como alternador, compressor de ar condicionado, bomba de dire\u00e7\u00e3o hidr\u00e1ulica, bomba de \u00e1gua e outros sistemas que precisam de acionamento para funcionar. Ela transmite a pot\u00eancia do motor para os acess\u00f3rios que precisam ser acionados, como os mencionados acima.<\/p>\n<p>&nbsp;<\/p>\n<div class=\"ui-pdp-collapsable ui-pdp-description-collapse\">\n<div class=\"ui-pdp-collapsable__container\">\n<div class=\"ui-pdp-description\">\n<p>A Casa da Inje\u00e7\u00e3o oferece total garantia nos produtos comprados em nosso site.<\/p>\n<ol>\n<li>Cada item \u00e9 rigorosamente testado antes do envio<\/li>\n<li>Se os itens estiverem danificados ou parcialmente defeituosos, entre em contato conosco.<\/li>\n<\/ol>\n<p>Se houver qualquer defeito, n\u00f3s lhe enviaremos uma substitui\u00e7\u00e3o ap\u00f3s receber o pacote ou devolvemos seu dinheiro.<\/p>\n<p>Leia nossa\u00a0<span style=\"color: #ff0000;\"><a style=\"color: #ff0000;\" href=\"https:\/\/www.casadainjecao.com.br\/loja\/politica-de-devolucao\">pol\u00edtica de devolu\u00e7\u00e3o aqui<\/a><\/span><\/p>\n<p>\u2014\u2014\u2014\u2014\u2014\u2014\u2014\u2014\u2014\u2014\u2014\u2014\u2014\u2014\u2014\u2014\u2014\u2014\u2014\u2013<\/p>\n<p><strong>Tem alguma d\u00favida?<\/strong><\/p>\n<p>Entre em contato que podemos ajudar!<\/p>\n<p>Confira as informa\u00e7\u00f5es adicionais abaixo:<\/p>\n<ul>\n<li>Todos os nossos produtos s\u00e3o novos, semi-novos, originais e paralelos possuem garantia.<\/li>\n<li>Todos os produtos anunciados est\u00e3o dispon\u00edveis em estoque e s\u00e3o enviados com extrema rapidez.<\/li>\n<li>O frete pode ser simulado antes de efetuar a compra, basta clicar em \u201cver custos de envio\u201d.<\/li>\n<li>Verifique o endere\u00e7o de entrega cadastrado e atualize caso necess\u00e1rio.<\/li>\n<li>Confirme se a pe\u00e7a \u00e9 correta para o seu modelo de ve\u00edculo.<\/li>\n<li>Para pe\u00e7as automotivas, recomendamos a instala\u00e7\u00e3o por um profissional especializado.<\/li>\n<\/ul>\n<p>Caso possua outras d\u00favidas, entre em contato.<\/p>\n<\/div>\n<\/div>\n<\/div>\n","protected":false},"excerpt":{"rendered":"<h2>Correia Poly V Fiat Stilo Marea 4PK0917 46811241 Dayco Original<\/h2>\n","protected":false},"featured_media":30924,"template":"","meta":{"_seopress_robots_primary_cat":"none","_seopress_titles_title":"","_seopress_titles_desc":"","_seopress_robots_index":"","_kad_blocks_custom_css":"","_kad_blocks_head_custom_js":"","_kad_blocks_body_custom_js":"","_kad_blocks_footer_custom_js":"","_joinchat":[]},"product_cat":[213,22],"product_tag":[1590,1469],"berocket_brand":[383],"taxonomy_info":{"product_cat":[{"value":213,"label":"Correias"},{"value":22,"label":"Motor"}],"product_tag":[{"value":1590,"label":"Fiat Stilo"},{"value":1469,"label":"Marea"}],"berocket_brand":[{"value":383,"label":"Fiat"}]},"featured_image_src_large":["https:\/\/www.casadainjecao.com.br\/loja\/wp-content\/uploads\/2022\/09\/4pk0917-1.jpg",640,440,false],"author_info":[],"comment_info":"","_links":{"self":[{"href":"https:\/\/www.casadainjecao.com.br\/loja\/wp-json\/wp\/v2\/product\/20415"}],"collection":[{"href":"https:\/\/www.casadainjecao.com.br\/loja\/wp-json\/wp\/v2\/product"}],"about":[{"href":"https:\/\/www.casadainjecao.com.br\/loja\/wp-json\/wp\/v2\/types\/product"}],"wp:featuredmedia":[{"embeddable":true,"href":"https:\/\/www.casadainjecao.com.br\/loja\/wp-json\/wp\/v2\/media\/30924"}],"wp:attachment":[{"href":"https:\/\/www.casadainjecao.com.br\/loja\/wp-json\/wp\/v2\/media?parent=20415"}],"wp:term":[{"taxonomy":"product_cat","embeddable":true,"href":"https:\/\/www.casadainjecao.com.br\/loja\/wp-json\/wp\/v2\/product_cat?post=20415"},{"taxonomy":"product_tag","embeddable":true,"href":"https:\/\/www.casadainjecao.com.br\/loja\/wp-json\/wp\/v2\/product_tag?post=20415"},{"taxonomy":"berocket_brand","embeddable":true,"href":"https:\/\/www.casadainjecao.com.br\/loja\/wp-json\/wp\/v2\/berocket_brand?post=20415"}],"curies":[{"name":"wp","href":"https:\/\/api.w.org\/{rel}","templated":true}]}}