{"id":20428,"date":"2022-09-12T12:39:09","date_gmt":"2022-09-12T15:39:09","guid":{"rendered":"https:\/\/www.casadainjecao.com.br\/loja\/?post_type=product&#038;p=20428"},"modified":"2026-04-16T22:04:27","modified_gmt":"2026-04-17T01:04:27","slug":"presilha-da-mangueira-do-ar-quente-original-renault-captur-7703079857","status":"publish","type":"product","link":"https:\/\/www.casadainjecao.com.br\/loja\/autopecas\/motor\/mangueiras-motor\/presilha-da-mangueira-do-ar-quente-original-renault-captur-7703079857\/","title":{"rendered":"10 Presilha Mangueira Radiador Ar Quente Renault Logan &#821"},"content":{"rendered":"<h2>10 Presilha Mangueira Radiador Ar Quente Original<\/h2>\n<p>Renault Logan Authentique, Expression flex, Privil\u00e9ge flex 1.0 16v 1.6 8v 16v (2002 a 2013)<\/p>\n<p>Renault Sandero Authentique, Expression flex, Privil\u00e9ge flex, Stepway flex, Vibe flex, GT Line 1.0 16v 1.6 8v 16v (2002 a 2013)<\/p>\n<p>Renault Sandero II Authentique, Expression flex, Vibe flex, RS flex 1.0 16v 1.0 12v 1.6 8v 16v 2.0 16v (2001 a 2020)<\/p>\n<p>Renault Zo\u00e9 El\u00e9trico (2001 a 2019)<\/p>\n<p>Renault Clio II SI, RL, RN, Rt, Campus, Clio, Authentique, Expression, Dynamique, Privil\u00e9ge flex, hiflex, power, Alize 1.0 8v 16v 1.6 8v 16v (1998 a 2018)<\/p>\n<p>Renault Duster Expression, Dynamique flex, Duster 1.6 16v 2.0 16v (2001 a 2018)<\/p>\n<p>Renault Captur Intense flex, Zen 1.6 16v 2.0 16v (2001 a 2020)<\/p>\n<p>Renault M\u00e9gane I RN, RT, RXE, Alize, Egeus, Expression 1.6 8v 16v 2.0 8v (1995 a 2016)<\/p>\n<p>Renault M\u00e9gane I Sedan Egeus, RT, RXE, Alize, Privil\u00e9ge 1.6 16v 2.0 8v 16v (1996 a 2017)<\/p>\n<p>Renault Symbol Expression, Privil\u00e9ge, Connection, Privil\u00e9ge flex 1.6 8v 16v (2007 a 2018)<\/p>\n<p>Renault Logan II Authentique, Expression flex, Dynamique, Stepway 1.0 16v 1.6 8v 16v (2013 a 2022)<\/p>\n<p>Renault Sc\u00e9nic I Egeus, RT, RXE, RN, Alize, Privil\u00e9ge, Privil\u00e9ge flex, Sportway, Authentique, Expression flex, 1.6 16v 2.0 8v 16v (1996 a 2017)<\/p>\n<p>Renault Kangoo Express RL, RL hiflex, Authentique flex, Expression flex 1.0 8v 16v 1.6 8v 16v (1997 a 2018)<\/p>\n<p>Renault Laguna II Expression, Privil\u00e9ge V6 2.0 16v 3.0 24v (2000 a 2016)<\/p>\n<p>Renault Fluence Dynamique flex, Privil\u00e9ge flex, Expression, GT Line, El\u00e9trico 1.6 16v 2.0 16v (2001 a 2018)<\/p>\n<p>Renault Twingo E2 Pack, E5 initiale, 22C, 2Pk E2 1.0 8v 16v 1.1 8v 1.2 8v (1993 a 2017)<\/p>\n<h4>C\u00f3digo de Refer\u00eancia:<\/h4>\n<p>7703079857<\/p>\n<h4><strong>Condi\u00e7\u00f5es:<\/strong><\/h4>\n<p>Produto Novo Original \/ Marca Renault<\/p>\n<h4><strong>Garantia:<\/strong><\/h4>\n<p>3 Meses<\/p>\n<h3>ATEN\u00c7\u00c3O: Antes de efetuar a compra, verifique o c\u00f3digo da pe\u00e7a instalada em seu ve\u00edculo. Recomendamos a instala\u00e7\u00e3o por um profissional licenciado e revis\u00f5es peri\u00f3dicas. A empresa n\u00e3o se responsabiliza por problemas decorrentes de m\u00e1 instala\u00e7\u00e3o ou falta de cuidados peri\u00f3dicos.<\/h3>\n<h4>O que \u00e9 e para que serve Presilha Mangueira Radiador?<\/h4>\n<p>A Presilha da mangueira do radiador serve para fixar e assegurar a conex\u00e3o entre a mangueira do radiador e os componentes adjacentes do sistema de arrefecimento do motor, como o radiador e o motor. Ela garante que a mangueira permane\u00e7a firmemente no lugar, evitando vazamentos de l\u00edquido de arrefecimento e garantindo o funcionamento eficiente do sistema de arrefecimento do ve\u00edculo.<\/p>\n<p>&nbsp;<\/p>\n<p>A Casa da Inje\u00e7\u00e3o oferece total garantia nos produtos comprados em nosso site.<\/p>\n<ol>\n<li>Cada item \u00e9 rigorosamente testado antes do envio<\/li>\n<li>Se os itens estiverem danificados ou parcialmente defeituosos, entre em contato conosco.<\/li>\n<li>Procure um profissional devidamente licenciado para a instala\u00e7\u00e3o e fa\u00e7a revis\u00f5es periodicamente. A empresa n\u00e3o se responsabiliza por problemas oriundos da m\u00e1 instala\u00e7\u00e3o ou com a falta de cuidados peri\u00f3dicos dos componentes.<\/li>\n<\/ol>\n<p>Se houver qualquer defeito, n\u00f3s lhe enviaremos uma substitui\u00e7\u00e3o ap\u00f3s receber o pacote ou devolvemos seu dinheiro.<\/p>\n<p>Leia nossa\u00a0<a href=\"https:\/\/www.casadainjecao.com.br\/loja\/politica-de-devolucao\">pol\u00edtica de devolu\u00e7\u00e3o aqui<\/a><\/p>\n<p>\u2014\u2014\u2014\u2014\u2014\u2014\u2014\u2014\u2014\u2014\u2014\u2014\u2014\u2014\u2014\u2014\u2014\u2014\u2014\u2013<\/p>\n<p><strong>Tem alguma d\u00favida?<\/strong><\/p>\n<p>Entre em contato que podemos ajudar!<\/p>\n<p>Confira as informa\u00e7\u00f5es adicionais abaixo:<\/p>\n<ul>\n<li>Todos os nossos produtos s\u00e3o novos, semi-novos, originais e paralelos possuem garantia.<\/li>\n<li>Todos os produtos anunciados est\u00e3o dispon\u00edveis em estoque e s\u00e3o enviados com extrema rapidez.<\/li>\n<li>O frete pode ser simulado antes de efetuar a compra, basta clicar em \u201cver custos de envio\u201d.<\/li>\n<li>Verifique o endere\u00e7o de entrega cadastrado e atualize caso necess\u00e1rio.<\/li>\n<li>Confirme se a pe\u00e7a \u00e9 correta para o seu modelo de ve\u00edculo.<\/li>\n<li>Para pe\u00e7as automotivas, recomendamos a instala\u00e7\u00e3o por um profissional especializado.<\/li>\n<\/ul>\n<p>Caso possua outras d\u00favidas, entre em contato.<\/p>\n","protected":false},"excerpt":{"rendered":"<h2>10 Presilha Clip Mangueira Radiador Ar Quente Loan Sandero &#8211; 7703079857<\/h2>\n","protected":false},"featured_media":31286,"template":"","meta":{"_seopress_robots_primary_cat":"none","_seopress_titles_title":"","_seopress_titles_desc":"","_seopress_robots_index":"","_kad_blocks_custom_css":"","_kad_blocks_head_custom_js":"","_kad_blocks_body_custom_js":"","_kad_blocks_footer_custom_js":"","_joinchat":[]},"product_cat":[1443,16,223,72,22,1487,74,237],"product_tag":[52,139,128,66,50,91,53],"berocket_brand":[394],"taxonomy_info":{"product_cat":[{"value":1443,"label":"Abra\u00e7adeira"},{"value":16,"label":"Ar Condicionado"},{"value":223,"label":"Mangueiras"},{"value":72,"label":"Mangueiras"},{"value":22,"label":"Motor"},{"value":1487,"label":"Presilhas"},{"value":74,"label":"Radiador"},{"value":237,"label":"Radiadores"}],"product_tag":[{"value":52,"label":"Duster"},{"value":139,"label":"Fluence"},{"value":128,"label":"Laguna"},{"value":66,"label":"Logan"},{"value":50,"label":"Megane"},{"value":91,"label":"Sandero"},{"value":53,"label":"Twingo"}],"berocket_brand":[{"value":394,"label":"Renault"}]},"featured_image_src_large":["https:\/\/www.casadainjecao.com.br\/loja\/wp-content\/uploads\/2022\/09\/Presilha-da-Mangueira-Radiador-Ar-Quente-Renault-Logan-original-7703079857-920x920.jpg",640,640,true],"author_info":[],"comment_info":"","_links":{"self":[{"href":"https:\/\/www.casadainjecao.com.br\/loja\/wp-json\/wp\/v2\/product\/20428"}],"collection":[{"href":"https:\/\/www.casadainjecao.com.br\/loja\/wp-json\/wp\/v2\/product"}],"about":[{"href":"https:\/\/www.casadainjecao.com.br\/loja\/wp-json\/wp\/v2\/types\/product"}],"wp:featuredmedia":[{"embeddable":true,"href":"https:\/\/www.casadainjecao.com.br\/loja\/wp-json\/wp\/v2\/media\/31286"}],"wp:attachment":[{"href":"https:\/\/www.casadainjecao.com.br\/loja\/wp-json\/wp\/v2\/media?parent=20428"}],"wp:term":[{"taxonomy":"product_cat","embeddable":true,"href":"https:\/\/www.casadainjecao.com.br\/loja\/wp-json\/wp\/v2\/product_cat?post=20428"},{"taxonomy":"product_tag","embeddable":true,"href":"https:\/\/www.casadainjecao.com.br\/loja\/wp-json\/wp\/v2\/product_tag?post=20428"},{"taxonomy":"berocket_brand","embeddable":true,"href":"https:\/\/www.casadainjecao.com.br\/loja\/wp-json\/wp\/v2\/berocket_brand?post=20428"}],"curies":[{"name":"wp","href":"https:\/\/api.w.org\/{rel}","templated":true}]}}