{"id":20440,"date":"2022-09-12T15:50:51","date_gmt":"2022-09-12T18:50:51","guid":{"rendered":"https:\/\/www.casadainjecao.com.br\/loja\/?post_type=product&#038;p=20440"},"modified":"2023-03-17T09:48:56","modified_gmt":"2023-03-17T12:48:56","slug":"tirante-do-quadro-direito-renault-scenic-8200197452","status":"publish","type":"product","link":"https:\/\/www.casadainjecao.com.br\/loja\/autopecas\/motor\/tirante-do-quadro-direito-renault-scenic-8200197452\/","title":{"rendered":"Suporte Fixa\u00e7\u00e3o Agregado Motor Renault Megane &#8211; 8200"},"content":{"rendered":"<h1>Suporte Fixa\u00e7\u00e3o Ber\u00e7o do Motor Renault Megane\u00a0 8200197452<\/h1>\n","protected":false},"excerpt":{"rendered":"<h2>Suporte Quadro Motor Original<\/h2>\n<h2>Renault Megane<\/h2>\n<h2>C\u00f3digo: &#8211; 8200197452\u00a0 c=48<\/h2>\n","protected":false},"featured_media":21896,"template":"","meta":{"_seopress_robots_primary_cat":"none","_seopress_titles_title":"","_seopress_titles_desc":"","_seopress_robots_index":"","_joinchat":[]},"product_cat":[22,1104],"product_tag":[50],"berocket_brand":[394],"_links":{"self":[{"href":"https:\/\/www.casadainjecao.com.br\/loja\/wp-json\/wp\/v2\/product\/20440"}],"collection":[{"href":"https:\/\/www.casadainjecao.com.br\/loja\/wp-json\/wp\/v2\/product"}],"about":[{"href":"https:\/\/www.casadainjecao.com.br\/loja\/wp-json\/wp\/v2\/types\/product"}],"wp:featuredmedia":[{"embeddable":true,"href":"https:\/\/www.casadainjecao.com.br\/loja\/wp-json\/wp\/v2\/media\/21896"}],"wp:attachment":[{"href":"https:\/\/www.casadainjecao.com.br\/loja\/wp-json\/wp\/v2\/media?parent=20440"}],"wp:term":[{"taxonomy":"product_cat","embeddable":true,"href":"https:\/\/www.casadainjecao.com.br\/loja\/wp-json\/wp\/v2\/product_cat?post=20440"},{"taxonomy":"product_tag","embeddable":true,"href":"https:\/\/www.casadainjecao.com.br\/loja\/wp-json\/wp\/v2\/product_tag?post=20440"},{"taxonomy":"berocket_brand","embeddable":true,"href":"https:\/\/www.casadainjecao.com.br\/loja\/wp-json\/wp\/v2\/berocket_brand?post=20440"}],"curies":[{"name":"wp","href":"https:\/\/api.w.org\/{rel}","templated":true}]}}