{"id":20533,"date":"2022-09-15T13:21:39","date_gmt":"2022-09-15T16:21:39","guid":{"rendered":"https:\/\/www.casadainjecao.com.br\/loja\/?post_type=product&#038;p=20533"},"modified":"2026-04-02T12:07:25","modified_gmt":"2026-04-02T15:07:25","slug":"resistencia-eletroventilador-radiador-renault-duster-255503792r","status":"publish","type":"product","link":"https:\/\/www.casadainjecao.com.br\/loja\/autopecas\/motor\/radiadores\/resistencia-eletroventilador-radiador-renault-duster-255503792r\/","title":{"rendered":"Resist\u00eancia Eletroventilador Duster Oroch Sandero Logan 255"},"content":{"rendered":"<h2>RESIST\u00caNCIA ELETROVENTILADOR DO RADIADOR RENAULT \/ NISSAN<\/h2>\n<p>C\u00f3digo principal: 255509263R<\/p>\n<p>C\u00f3digos compat\u00edveis: 255502585R \/ 255506464R \/ 255503792R \/ MRMK1734 \/ YMX25550 \/ 81124<\/p>\n<p>Produto novo<\/p>\n<p>Marca Torken<\/p>\n<p>Pronta entrega<\/p>\n<p>Garantia de 3 meses<\/p>\n<p>Alta qualidade \u2013 similar ao original<\/p>\n<p>APLICA\u00c7\u00c3O:<\/p>\n<p>RENAULT<\/p>\n<p>Duster \/ Oroch 1.6 16v \/ 2.0 16v (2011 2012 2013 2014 2015 2016 2017 2018)<\/p>\n<p>Captur 1.6 16v \/ 2.0 16v (2017 2018 2019 2020)<\/p>\n<p>Sandero 1.0 \/ 1.6 (2013 2014 2015 2016 2017 2018 2019 2020 2021 2022)<\/p>\n<p>Logan 1.0 \/ 1.6 (2013 2014 2015 2016 2017 2018 2019 2020 2021 2022)<\/p>\n<p>NISSAN<\/p>\n<p>Kicks 1.6 Flex (2016 2017 2018 2019 2020)<\/p>\n<p>(Vers\u00f5es: S, SV, SL, Rio, Direct, Special Edition, UCL)<\/p>\n<p>ESPECIFICA\u00c7\u00d5ES T\u00c9CNICAS:<\/p>\n<p>Conector: Macho<\/p>\n<p>Quantidade de conectores: 2<\/p>\n<p>Terminais: 4 + 2 pinos<\/p>\n<p>CONTE\u00daDO:<\/p>\n<p>1 Resist\u00eancia do Eletroventilador<\/p>\n<h3>IMPORTANTE:<\/h3>\n<h3>Verifique o c\u00f3digo da pe\u00e7a antes da compra<\/h3>\n<h3>Confirme a compatibilidade com seu ve\u00edculo<\/h3>\n<h3>Em caso de d\u00favida, informe o chassi<\/h3>\n<p>FUN\u00c7\u00c3O DO PRODUTO:<\/p>\n<p>Respons\u00e1vel por controlar a velocidade do eletroventilador do radiador, garantindo o correto funcionamento do sistema de arrefecimento do ve\u00edculo.<\/p>\n<p>OBSERVA\u00c7\u00d5ES:<\/p>\n<p>Imagens reais do produto<\/p>\n<p>Produto similar ao original<\/p>\n<p>A Casa da Inje\u00e7\u00e3o oferece total garantia nos produtos comprados em nosso site.<\/p>\n<ol>\n<li>Cada item \u00e9 rigorosamente testado antes do envio<\/li>\n<li>Se os itens estiverem danificados ou parcialmente defeituosos, entre em contato conosco.<\/li>\n<\/ol>\n<p>Se houver qualquer defeito, n\u00f3s lhe enviaremos uma substitui\u00e7\u00e3o ap\u00f3s receber o pacote ou devolvemos seu dinheiro.<\/p>\n<p>Leia nossa\u00a0<a href=\"https:\/\/www.casadainjecao.com.br\/loja\/politica-de-devolucao\">pol\u00edtica de devolu\u00e7\u00e3o aqui<\/a><\/p>\n<p>\u2014\u2014\u2014\u2014\u2014\u2014\u2014\u2014\u2014\u2014\u2014\u2014\u2014\u2014\u2014\u2014\u2014\u2014\u2014\u2014-<\/p>\n<p><strong>Tem alguma d\u00favida?<\/strong><\/p>\n<p>Entre em contato que podemos ajudar!<\/p>\n<p>Confira as informa\u00e7\u00f5es adicionais abaixo:<\/p>\n<ul>\n<li>Todos os nossos produtos s\u00e3o novos, semi-novos, originais e paralelos possuem garantia.<\/li>\n<li>Todos os produtos anunciados est\u00e3o dispon\u00edveis em estoque e s\u00e3o enviados com extrema rapidez.<\/li>\n<li>O frete pode ser simulado antes de efetuar a compra, basta clicar em \u201cver custos de envio\u201d.<\/li>\n<li>Verifique o endere\u00e7o de entrega cadastrado e atualize caso necess\u00e1rio.<\/li>\n<li>Confirme se a pe\u00e7a \u00e9 correta para o seu modelo de ve\u00edculo.<\/li>\n<li>Para pe\u00e7as automotivas, recomendamos a instala\u00e7\u00e3o por um profissional especializado.<\/li>\n<\/ul>\n<p>Caso possua outras d\u00favidas, entre em contato.<\/p>\n<h2><\/h2>\n","protected":false},"excerpt":{"rendered":"<h2>Resist\u00eancia Eletroventilador Duster Oroch Sandero Logan 255509263R<\/h2>\n<h2><\/h2>\n","protected":false},"featured_media":20535,"template":"","meta":{"_seopress_robots_primary_cat":"none","_seopress_titles_title":"","_seopress_titles_desc":"","_seopress_robots_index":"","_joinchat":[]},"product_cat":[16,22,74,237,79,253],"product_tag":[173,52,66,91],"berocket_brand":[392,394],"_links":{"self":[{"href":"https:\/\/www.casadainjecao.com.br\/loja\/wp-json\/wp\/v2\/product\/20533"}],"collection":[{"href":"https:\/\/www.casadainjecao.com.br\/loja\/wp-json\/wp\/v2\/product"}],"about":[{"href":"https:\/\/www.casadainjecao.com.br\/loja\/wp-json\/wp\/v2\/types\/product"}],"wp:featuredmedia":[{"embeddable":true,"href":"https:\/\/www.casadainjecao.com.br\/loja\/wp-json\/wp\/v2\/media\/20535"}],"wp:attachment":[{"href":"https:\/\/www.casadainjecao.com.br\/loja\/wp-json\/wp\/v2\/media?parent=20533"}],"wp:term":[{"taxonomy":"product_cat","embeddable":true,"href":"https:\/\/www.casadainjecao.com.br\/loja\/wp-json\/wp\/v2\/product_cat?post=20533"},{"taxonomy":"product_tag","embeddable":true,"href":"https:\/\/www.casadainjecao.com.br\/loja\/wp-json\/wp\/v2\/product_tag?post=20533"},{"taxonomy":"berocket_brand","embeddable":true,"href":"https:\/\/www.casadainjecao.com.br\/loja\/wp-json\/wp\/v2\/berocket_brand?post=20533"}],"curies":[{"name":"wp","href":"https:\/\/api.w.org\/{rel}","templated":true}]}}