{"id":20719,"date":"2022-09-21T13:33:12","date_gmt":"2022-09-21T16:33:12","guid":{"rendered":"https:\/\/www.casadainjecao.com.br\/loja\/?post_type=product&#038;p=20719"},"modified":"2026-03-09T09:14:37","modified_gmt":"2026-03-09T12:14:37","slug":"kit-4-bico-injetor-gol-g4-flex-ecomotion-1-0-8v-0280157111","status":"publish","type":"product","link":"https:\/\/www.casadainjecao.com.br\/loja\/autopecas\/injecao-eletronica\/bico-injetor\/kit-4-bico-injetor-gol-g4-flex-ecomotion-1-0-8v-0280157111\/","title":{"rendered":"Kit 4 Bico Injetor Gol G4 Flex Ecomotion 1.0 8v &#8211; 0280"},"content":{"rendered":"<h2>Kit com 4 Bicos Injetores V\u00e1lvulas de Inje\u00e7\u00e3o<\/h2>\n<p><strong>VOLKSWAGEN<\/strong><\/p>\n<p>Volkswagen Gol Ecomotion 1.0 Flex 8V 4P (2011 at\u00e9 2014)<\/p>\n<p>Volkswagen Gol Ecomotion 1.0 Flex 8V 2P (2011 at\u00e9 2014)<\/p>\n<p>Volkswagen Gol G4 1.0 8V Flex (2010 at\u00e9 2013)<\/p>\n<p>Volkswagen Gol 8V Flex (2009 at\u00e9 2013)<\/p>\n<p>Volkswagen Voyage 1.0 8V Flex\u00a0 (2009 at\u00e9 2013)<\/p>\n<p>Volkswagen Fox 1.0 8V Flex (2010 at\u00e9 2013)<\/p>\n<p>Volkswagen Parati 1.0 (2011 at\u00e9 2013)<\/p>\n<h4>C\u00f3digo de Refer\u00eancia:<\/h4>\n<p>0280157111, 032906031s, 7013043<\/p>\n<p><strong>Condi\u00e7\u00f5es:<\/strong><\/p>\n<p>Novo Paralelo \/ Marca Torken<\/p>\n<h4>Especifica\u00e7\u00f5es:<\/h4>\n<p>Kit com 4 (unidades de bicos injetores)<\/p>\n<h4>Garantia:<\/h4>\n<p>3 Meses<\/p>\n<h3>ATEN\u00c7\u00c3O: Antes de efetuar a compra verifique o c\u00f3digo da pe\u00e7a que est\u00e1 instalada no seu ve\u00edculo.<\/h3>\n<h4>O que \u00e9 e para que serve o Bico Injetor?<\/h4>\n<p>O Bico injetor \u00e9 um componente fundamental nos motores de combust\u00e3o interna dos ve\u00edculos modernos que utilizam inje\u00e7\u00e3o eletr\u00f4nica de combust\u00edvel. Sua fun\u00e7\u00e3o principal \u00e9 pulverizar o combust\u00edvel diretamente na c\u00e2mara de combust\u00e3o do motor em uma fina n\u00e9voa, onde ele \u00e9 misturado com o ar para formar uma mistura combust\u00edvel.<\/p>\n<p>&nbsp;<\/p>\n<p>A Casa da Inje\u00e7\u00e3o oferece total garantia nos produtos comprados em nosso site.<\/p>\n<p>Cada item \u00e9 rigorosamente testado antes do envio<br \/>\nSe os itens estiverem danificados ou parcialmente defeituosos, entre em contato conosco.<\/p>\n<p>Se houver qualquer defeito, n\u00f3s lhe enviaremos uma substitui\u00e7\u00e3o ap\u00f3s receber o pacote ou devolvemos seu dinheiro.<\/p>\n<p>Leia nossa<span style=\"color: #ff0000;\"> <a style=\"color: #ff0000;\" href=\"https:\/\/www.casadainjecao.com.br\/loja\/politica-de-devolucao\/\">pol\u00edtica de devolu\u00e7\u00e3o aqui<\/a><\/span><\/p>\n<p>&#8212;&#8212;&#8212;&#8212;&#8212;&#8212;&#8212;&#8212;&#8212;&#8212;&#8212;&#8212;&#8212;&#8212;&#8212;&#8212;&#8212;&#8212;&#8212;&#8211;<\/p>\n<p>Tem alguma d\u00favida?<\/p>\n<p>Entre em contato que podemos ajudar!<\/p>\n<p>Confira as informa\u00e7\u00f5es adicionais abaixo:<\/p>\n<p>Todos os nossos produtos s\u00e3o novos, semi-novos, originais, paralelos e possuem garantia.<br \/>\nTodos os produtos anunciados est\u00e3o dispon\u00edveis em estoque e s\u00e3o enviados com extrema rapidez.<br \/>\nO frete pode ser simulado antes de efetuar a compra, basta clicar em \u201cver custos de envio\u201d.<br \/>\nVerifique o endere\u00e7o de entrega cadastrado e atualize caso necess\u00e1rio.<br \/>\nConfirme se a pe\u00e7a \u00e9 correta para o seu modelo de ve\u00edculo.<br \/>\nPara pe\u00e7as automotivas, recomendamos a instala\u00e7\u00e3o por um profissional especializado.<\/p>\n<p>Caso possua outras d\u00favidas, entre em contato.<\/p>\n","protected":false},"excerpt":{"rendered":"<h2>Kit 4 Bicos Injetores Gol G4 Flex Ecomotion 1.0 8v &#8211; 0280157111, 032906031s, 7013043<\/h2>\n","protected":false},"featured_media":44643,"template":"","meta":{"_seopress_robots_primary_cat":"none","_seopress_titles_title":"","_seopress_titles_desc":"","_seopress_robots_index":"","_joinchat":[]},"product_cat":[256,21,1104],"product_tag":[76,1619,1086],"berocket_brand":[396],"_links":{"self":[{"href":"https:\/\/www.casadainjecao.com.br\/loja\/wp-json\/wp\/v2\/product\/20719"}],"collection":[{"href":"https:\/\/www.casadainjecao.com.br\/loja\/wp-json\/wp\/v2\/product"}],"about":[{"href":"https:\/\/www.casadainjecao.com.br\/loja\/wp-json\/wp\/v2\/types\/product"}],"wp:featuredmedia":[{"embeddable":true,"href":"https:\/\/www.casadainjecao.com.br\/loja\/wp-json\/wp\/v2\/media\/44643"}],"wp:attachment":[{"href":"https:\/\/www.casadainjecao.com.br\/loja\/wp-json\/wp\/v2\/media?parent=20719"}],"wp:term":[{"taxonomy":"product_cat","embeddable":true,"href":"https:\/\/www.casadainjecao.com.br\/loja\/wp-json\/wp\/v2\/product_cat?post=20719"},{"taxonomy":"product_tag","embeddable":true,"href":"https:\/\/www.casadainjecao.com.br\/loja\/wp-json\/wp\/v2\/product_tag?post=20719"},{"taxonomy":"berocket_brand","embeddable":true,"href":"https:\/\/www.casadainjecao.com.br\/loja\/wp-json\/wp\/v2\/berocket_brand?post=20719"}],"curies":[{"name":"wp","href":"https:\/\/api.w.org\/{rel}","templated":true}]}}