{"id":20791,"date":"2022-09-26T14:00:09","date_gmt":"2022-09-26T17:00:09","guid":{"rendered":"https:\/\/www.casadainjecao.com.br\/loja\/?post_type=product&#038;p=20791"},"modified":"2026-04-29T11:46:24","modified_gmt":"2026-04-29T14:46:24","slug":"bico-injetor-mercedes-benz-c180-c200-c250-c300-a2710781123","status":"publish","type":"product","link":"https:\/\/www.casadainjecao.com.br\/loja\/autopecas\/injecao-eletronica\/bico-injetor\/bico-injetor-mercedes-benz-c180-c200-c250-c300-a2710781123\/","title":{"rendered":"Bico Injetor Mercedes Benz C180 C200 C250 C300 &#8211; A2710"},"content":{"rendered":"<h1 class=\"ui-pdp-title\">Bico Injetor<\/h1>\n<h3>Mercedes Benz C 250 CGI 1.8 16V\u00a0 Gasolina 2009 a 2014<\/h3>\n<h3>Mercedes Benz\u00a0 C 180 CGI 1.8 16V\u00a0 Gasolina Kompressor 2007 a 2014<\/h3>\n<h3>Mercedes Benz\u00a0 C 200 CGI 1.8 16V 2007 a 2014<\/h3>\n<h3>Mercedes Benz C300 3.0 6cc\u00a0 Gasolina 2011 a 2014<\/h3>\n<h3>Mercedes Benz C350 3.5 6cc\u00a0 Gasolina 2011 a 2014<\/h3>\n<h3>Mercedes Benz SLK 250 1.8 16V Turbo 2011 a 2015<\/h3>\n<h3>Mercedes Benz SLK 200\u00a0 1.8 16V\u00a0 Gasolina 2011 a 2013<\/h3>\n<h3 class=\"ui-pdp-title\">C\u00f3digo de Refer\u00eancia:<\/h3>\n<h3 class=\"ui-pdp-title\">A2710781123, 1105320438-2<\/h3>\n<h5><strong>Condi\u00e7\u00f5es:<\/strong><\/h5>\n<h5>Produto Novo \/ Marca<\/h5>\n<h5><strong>Garantia:<\/strong><\/h5>\n<h5>3 Meses<\/h5>\n<h5><strong>ATEN\u00c7\u00c3O: Antes de efetuar a compra verifique o c\u00f3digo da sua pe\u00e7a que est\u00e1 instalado no seu ve\u00edculo.<\/strong><\/h5>\n<h5>A Casa da Inje\u00e7\u00e3o oferece total garantia nos produtos comprados em nosso site.<\/h5>\n<h5>Cada item \u00e9 rigorosamente testado antes do envio<\/h5>\n<h5>Se os itens estiverem danificados ou parcialmente defeituosos, entre em contato conosco.<\/h5>\n<h5>Procure um profissional devidamente licenciado para a instala\u00e7\u00e3o e fa\u00e7a revis\u00f5es periodicamente. A empresa n\u00e3o se responsabiliza por problemas oriundos da m\u00e1 instala\u00e7\u00e3o ou com a falta de cuidados peri\u00f3dicos dos componentes.<\/h5>\n<h5>Se houver qualquer defeito, n\u00f3s lhe enviaremos uma substitui\u00e7\u00e3o ap\u00f3s receber o pacote ou devolvemos seu dinheiro.<\/h5>\n<h5>Leia nossa\u00a0<a href=\"https:\/\/www.casadainjecao.com.br\/loja\/politica-de-devolucao\">pol\u00edtica de devolu\u00e7\u00e3o aqui<\/a><\/h5>\n<h5>\u2014\u2014\u2014\u2014\u2014\u2014\u2014\u2014\u2014\u2014\u2014\u2014\u2014\u2014\u2014\u2014\u2014\u2014\u2014\u2013<\/h5>\n<h5><strong>Tem alguma d\u00favida?<\/strong><\/h5>\n<h5>Entre em contato que podemos ajudar!<\/h5>\n<h5>Confira as informa\u00e7\u00f5es adicionais abaixo:<\/h5>\n<h5>Todos os nossos produtos s\u00e3o novos, semi-novos, originais e paralelos possuem garantia.<\/h5>\n<h5>Todos os produtos anunciados est\u00e3o dispon\u00edveis em estoque e s\u00e3o enviados com extrema rapidez.<\/h5>\n<h5>O frete pode ser simulado antes de efetuar a compra, basta clicar em \u201cver custos de envio\u201d.<\/h5>\n<h5>Verifique o endere\u00e7o de entrega cadastrado e atualize caso necess\u00e1rio.<\/h5>\n<h5>Confirme se a pe\u00e7a \u00e9 correta para o seu modelo de ve\u00edculo.<\/h5>\n<h5>Para pe\u00e7as automotivas, recomendamos a instala\u00e7\u00e3o por um profissional especializado.<\/h5>\n<h5>Caso possua outras d\u00favidas, entre em contato.<\/h5>\n","protected":false},"excerpt":{"rendered":"<h2 class=\"ui-pdp-title\">Bico Injetor Mercedes Benz C180 C200 C250 C300 &#8211; A2710781123<\/h2>\n","protected":false},"featured_media":25294,"template":"","meta":{"_seopress_robots_primary_cat":"none","_seopress_titles_title":"","_seopress_titles_desc":"","_seopress_robots_index":"","_kad_blocks_custom_css":"","_kad_blocks_head_custom_js":"","_kad_blocks_body_custom_js":"","_kad_blocks_footer_custom_js":"","_joinchat":[]},"product_cat":[256,21],"product_tag":[1628,1461,1626,1457,1627],"berocket_brand":[390],"taxonomy_info":{"product_cat":[{"value":256,"label":"Bico Injetor"},{"value":21,"label":"Inje\u00e7\u00e3o Eletr\u00f4nica"}],"product_tag":[{"value":1628,"label":"C180"},{"value":1461,"label":"C200"},{"value":1626,"label":"C250"},{"value":1457,"label":"C350"},{"value":1627,"label":"SLK200"}],"berocket_brand":[{"value":390,"label":"Mercedes-Benz"}]},"featured_image_src_large":["https:\/\/www.casadainjecao.com.br\/loja\/wp-content\/uploads\/2022\/09\/A2710781123-1-900x450.jpg",640,320,true],"author_info":[],"comment_info":"","_links":{"self":[{"href":"https:\/\/www.casadainjecao.com.br\/loja\/wp-json\/wp\/v2\/product\/20791"}],"collection":[{"href":"https:\/\/www.casadainjecao.com.br\/loja\/wp-json\/wp\/v2\/product"}],"about":[{"href":"https:\/\/www.casadainjecao.com.br\/loja\/wp-json\/wp\/v2\/types\/product"}],"wp:featuredmedia":[{"embeddable":true,"href":"https:\/\/www.casadainjecao.com.br\/loja\/wp-json\/wp\/v2\/media\/25294"}],"wp:attachment":[{"href":"https:\/\/www.casadainjecao.com.br\/loja\/wp-json\/wp\/v2\/media?parent=20791"}],"wp:term":[{"taxonomy":"product_cat","embeddable":true,"href":"https:\/\/www.casadainjecao.com.br\/loja\/wp-json\/wp\/v2\/product_cat?post=20791"},{"taxonomy":"product_tag","embeddable":true,"href":"https:\/\/www.casadainjecao.com.br\/loja\/wp-json\/wp\/v2\/product_tag?post=20791"},{"taxonomy":"berocket_brand","embeddable":true,"href":"https:\/\/www.casadainjecao.com.br\/loja\/wp-json\/wp\/v2\/berocket_brand?post=20791"}],"curies":[{"name":"wp","href":"https:\/\/api.w.org\/{rel}","templated":true}]}}