{"id":20836,"date":"2022-09-28T20:26:55","date_gmt":"2022-09-28T23:26:55","guid":{"rendered":"https:\/\/www.casadainjecao.com.br\/loja\/?post_type=product&#038;p=20836"},"modified":"2023-03-31T13:23:01","modified_gmt":"2023-03-31T16:23:01","slug":"suporte-de-fixacao-renault-kangoo-scenic-7700435905","status":"publish","type":"product","link":"https:\/\/www.casadainjecao.com.br\/loja\/autopecas\/carroceria\/parachoque\/suporte-de-fixacao-renault-kangoo-scenic-7700435905\/","title":{"rendered":"Clipe de fixa\u00e7\u00e3o da Soleira da Porta Renault Scenic &#8211"},"content":{"rendered":"<h1>Clipe de fixa\u00e7\u00e3o da Soleira da Porta Renault Scenic &#8211; 7700435905<\/h1>\n","protected":false},"excerpt":{"rendered":"<h2>Clipe de fixa\u00e7\u00e3o da Soleira da Porta<\/h2>\n<h2>Renault Kangoo Scenic<\/h2>\n<h2>C\u00f3digo: &#8211; 7700435905\u00a0 c=129<\/h2>\n","protected":false},"featured_media":20854,"template":"","meta":{"_seopress_robots_primary_cat":"none","_seopress_titles_title":"","_seopress_titles_desc":"","_seopress_robots_index":"","_kad_blocks_custom_css":"","_kad_blocks_head_custom_js":"","_kad_blocks_body_custom_js":"","_kad_blocks_footer_custom_js":"","_joinchat":[]},"product_cat":[83,24,95,1097,1214,1370],"product_tag":[57,51],"berocket_brand":[394],"taxonomy_info":{"product_cat":[{"value":83,"label":"Carroceria"},{"value":24,"label":"Interior"},{"value":95,"label":"Parachoque"},{"value":1097,"label":"Presilhas"},{"value":1214,"label":"Presilhas"},{"value":1370,"label":"Suporte"}],"product_tag":[{"value":57,"label":"Kangoo"},{"value":51,"label":"Scenic"}],"berocket_brand":[{"value":394,"label":"Renault"}]},"featured_image_src_large":["https:\/\/www.casadainjecao.com.br\/loja\/wp-content\/uploads\/2022\/09\/Clipe-de-fixacao-da-Soleira-da-Porta-Renault-Scenic-7700435905-585x780.jpg",585,780,true],"author_info":[],"comment_info":"","_links":{"self":[{"href":"https:\/\/www.casadainjecao.com.br\/loja\/wp-json\/wp\/v2\/product\/20836"}],"collection":[{"href":"https:\/\/www.casadainjecao.com.br\/loja\/wp-json\/wp\/v2\/product"}],"about":[{"href":"https:\/\/www.casadainjecao.com.br\/loja\/wp-json\/wp\/v2\/types\/product"}],"wp:featuredmedia":[{"embeddable":true,"href":"https:\/\/www.casadainjecao.com.br\/loja\/wp-json\/wp\/v2\/media\/20854"}],"wp:attachment":[{"href":"https:\/\/www.casadainjecao.com.br\/loja\/wp-json\/wp\/v2\/media?parent=20836"}],"wp:term":[{"taxonomy":"product_cat","embeddable":true,"href":"https:\/\/www.casadainjecao.com.br\/loja\/wp-json\/wp\/v2\/product_cat?post=20836"},{"taxonomy":"product_tag","embeddable":true,"href":"https:\/\/www.casadainjecao.com.br\/loja\/wp-json\/wp\/v2\/product_tag?post=20836"},{"taxonomy":"berocket_brand","embeddable":true,"href":"https:\/\/www.casadainjecao.com.br\/loja\/wp-json\/wp\/v2\/berocket_brand?post=20836"}],"curies":[{"name":"wp","href":"https:\/\/api.w.org\/{rel}","templated":true}]}}