{"id":20979,"date":"2022-10-07T11:04:29","date_gmt":"2022-10-07T14:04:29","guid":{"rendered":"https:\/\/www.casadainjecao.com.br\/loja\/?post_type=product&#038;p=20979"},"modified":"2022-10-07T12:04:43","modified_gmt":"2022-10-07T15:04:43","slug":"sensor-rotacao-fiat-argo-1-8-16v-55261865","status":"publish","type":"product","link":"https:\/\/www.casadainjecao.com.br\/loja\/autopecas\/injecao-eletronica\/sensores-injecao-eletronica\/sensor-rotacao-fiat-argo-1-8-16v-55261865\/","title":{"rendered":"Sensor Rota\u00e7\u00e3o Fiat Argo 1.8 16v &#8211; 55261865"},"content":{"rendered":"<h1>Sensor Rota\u00e7\u00e3o Fiat Argo 1.8 16v 2017 \u00c1 2020 &#8211; 55261865<\/h1>\n","protected":false},"excerpt":{"rendered":"<h2>Sensor Rota\u00e7\u00e3o Continental<\/h2>\n<h2>Renegade Cronos Fiat Argo 1.8 16v 17&gt;20<\/h2>\n<h2>Codigo:- 55261865 \/ A0493580<\/h2>\n","protected":false},"featured_media":0,"template":"","meta":{"_seopress_robots_primary_cat":"none","_seopress_titles_title":"","_seopress_titles_desc":"","_seopress_robots_index":"","_joinchat":[]},"product_cat":[21,269],"product_tag":[289,1635,1324],"berocket_brand":[383],"_links":{"self":[{"href":"https:\/\/www.casadainjecao.com.br\/loja\/wp-json\/wp\/v2\/product\/20979"}],"collection":[{"href":"https:\/\/www.casadainjecao.com.br\/loja\/wp-json\/wp\/v2\/product"}],"about":[{"href":"https:\/\/www.casadainjecao.com.br\/loja\/wp-json\/wp\/v2\/types\/product"}],"wp:attachment":[{"href":"https:\/\/www.casadainjecao.com.br\/loja\/wp-json\/wp\/v2\/media?parent=20979"}],"wp:term":[{"taxonomy":"product_cat","embeddable":true,"href":"https:\/\/www.casadainjecao.com.br\/loja\/wp-json\/wp\/v2\/product_cat?post=20979"},{"taxonomy":"product_tag","embeddable":true,"href":"https:\/\/www.casadainjecao.com.br\/loja\/wp-json\/wp\/v2\/product_tag?post=20979"},{"taxonomy":"berocket_brand","embeddable":true,"href":"https:\/\/www.casadainjecao.com.br\/loja\/wp-json\/wp\/v2\/berocket_brand?post=20979"}],"curies":[{"name":"wp","href":"https:\/\/api.w.org\/{rel}","templated":true}]}}