{"id":21044,"date":"2022-10-13T14:38:17","date_gmt":"2022-10-13T17:38:17","guid":{"rendered":"https:\/\/www.casadainjecao.com.br\/loja\/?post_type=product&#038;p=21044"},"modified":"2024-09-04T09:39:31","modified_gmt":"2024-09-04T12:39:31","slug":"bico-injetor-audi-a4-2-0-16v-tfsi-2013-0280158266","status":"publish","type":"product","link":"https:\/\/www.casadainjecao.com.br\/loja\/autopecas\/injecao-eletronica\/bico-injetor\/bico-injetor-audi-a4-2-0-16v-tfsi-2013-0280158266\/","title":{"rendered":"Bico Injetor Audi A4 2.0 16v Tfsi 2013 &#8211; 0280158266"},"content":{"rendered":"<h2 class=\"ui-pdp-title\">Bico Injetor<\/h2>\n<p class=\"ui-pdp-title\"><strong>AUDI<\/strong><\/p>\n<p>Audi A1 1.8 16V TFSI 2015 \u00e0 2018<\/p>\n<p>Audi A3 1.8 16V TFSI 2013 \u00e0 2016<\/p>\n<p>Audi A3 2.0 16V TFSI 2016 \u00e0 2018<\/p>\n<p>Audi A4 2.0 16V TFSI 2013 \u00e0 2017<\/p>\n<p>Audi A5 1.8 16V TFSI 2007 \u00e0 2016<\/p>\n<p>Audi A5 2.0 16V TFSI 2013 \u00e0 2016<\/p>\n<p>Audi A6 2.0 16V TFSI 2014 \u00e0 2018<\/p>\n<p>Audi Q3 2.0 16V TFSI 2014 \u00e0 2018<\/p>\n<p>Audi Q5 2.0 TFSI 2009 \u00e0 2015<\/p>\n<p>Audi S3 2.0 TFSI 2014 \u00e0 2017<\/p>\n<p>Audi TT 2.0 16V TFSI 2014 \u00e0 2017<\/p>\n<p><strong>VOLKSWAGEN<\/strong><\/p>\n<p>Volkswagen Fusca 2.0 TSI 2013 \u00e0 2016<\/p>\n<p>Volkswagen\u00a0Golf 2.0 16V GTI TSI 2014 \u00e0 2018<\/p>\n<p>Volkswagen\u00a0 Passat 2.0 16V TSI 2015 \u00e0 2017<\/p>\n<p>Volkswagen Tiguan 2.0 16V TSI 2016 \u00e0 2019<\/p>\n<h4 class=\"ui-pdp-title\">C\u00f3digo de Refer\u00eancia:<\/h4>\n<p class=\"ui-pdp-title\">0280158266\/0280158267\/ 0280158360\/ 0280158361\/ 0280158362 0280158363\/ 0280158448 \/0280158449<\/p>\n<h4>Condi\u00e7\u00f5es:<\/h4>\n<p>Produto Novo Original \/ Marca Torken<\/p>\n<h4>Garantia:<\/h4>\n<p>3 Meses<\/p>\n<h3>ATEN\u00c7\u00c3O: Antes de efetuar a compra verifique o c\u00f3digo da sua pe\u00e7a que est\u00e1 instalada no seu ve\u00edculo.<\/h3>\n<h4>O que \u00e9 e para que serve o Bico injetor?<\/h4>\n<p>O Bico injetor \u00e9 um componente crucial do sistema de inje\u00e7\u00e3o de combust\u00edvel dos ve\u00edculos. Sua fun\u00e7\u00e3o principal \u00e9 atomizar o combust\u00edvel e injet\u00e1-lo na c\u00e2mara de combust\u00e3o do motor em quantidades precisas.<\/p>\n<p>&nbsp;<\/p>\n<p>A Casa da Inje\u00e7\u00e3o oferece total garantia nos produtos comprados em nosso site.<\/p>\n<p>Cada item \u00e9 rigorosamente testado antes do envio<\/p>\n<p>Se os itens estiverem danificados ou parcialmente defeituosos, entre em contato conosco.<\/p>\n<p>Procure um profissional devidamente licenciado para a instala\u00e7\u00e3o e fa\u00e7a revis\u00f5es periodicamente. A empresa n\u00e3o se responsabiliza por problemas oriundos da m\u00e1 instala\u00e7\u00e3o ou com a falta de cuidados peri\u00f3dicos dos componentes.<\/p>\n<p>Se houver qualquer defeito, n\u00f3s lhe enviaremos uma substitui\u00e7\u00e3o ap\u00f3s receber o pacote ou devolvemos seu dinheiro.<\/p>\n<p>Leia nossa\u00a0<a href=\"https:\/\/www.casadainjecao.com.br\/loja\/politica-de-devolucao\">pol\u00edtica de devolu\u00e7\u00e3o aqui<\/a><\/p>\n<p>\u2014\u2014\u2014\u2014\u2014\u2014\u2014\u2014\u2014\u2014\u2014\u2014\u2014\u2014\u2014\u2014\u2014\u2014\u2014\u2013<\/p>\n<p>Tem alguma d\u00favida?<\/p>\n<p>Entre em contato que podemos ajudar!<\/p>\n<p>Confira as informa\u00e7\u00f5es adicionais abaixo:<\/p>\n<p>Todos os nossos produtos s\u00e3o novos, semi-novos, originais e paralelos possuem garantia.<\/p>\n<p>Todos os produtos anunciados est\u00e3o dispon\u00edveis em estoque e s\u00e3o enviados com extrema rapidez.<\/p>\n<p>O frete pode ser simulado antes de efetuar a compra, basta clicar em \u201cver custos de envio\u201d.<\/p>\n<p>Verifique o endere\u00e7o de entrega cadastrado e atualize caso necess\u00e1rio.<\/p>\n<p>Confirme se a pe\u00e7a \u00e9 correta para o seu modelo de ve\u00edculo.<\/p>\n<p>Para pe\u00e7as automotivas, recomendamos a instala\u00e7\u00e3o por um profissional especializado.<\/p>\n<p>Caso possua outras d\u00favidas, entre em contato.<\/p>\n","protected":false},"excerpt":{"rendered":"<h2>Bico Injetor Audi A4 2.0 16v Tfsi 2013 &#8211; 0280158266<\/h2>\n","protected":false},"featured_media":25423,"template":"","meta":{"_seopress_robots_primary_cat":"none","_seopress_titles_title":"","_seopress_titles_desc":"","_seopress_robots_index":"","_seopress_analysis_target_kw":"","_kad_blocks_custom_css":"","_kad_blocks_head_custom_js":"","_kad_blocks_body_custom_js":"","_kad_blocks_footer_custom_js":"","_kadence_starter_templates_imported_post":false,"_joinchat":[]},"product_brand":[],"product_cat":[256,21],"product_tag":[1998,1934,1874,2128,1604,698,1475,2129,1999,2130,1497,2131],"berocket_brand":[378,396],"class_list":{"0":"post-21044","1":"product","2":"type-product","3":"status-publish","4":"has-post-thumbnail","6":"product_cat-bico-injetor","7":"product_cat-injecao-eletronica","8":"product_tag-a1","9":"product_tag-a3","10":"product_tag-a4","11":"product_tag-a5-a6","12":"product_tag-fusca","13":"product_tag-golf","14":"product_tag-passat","15":"product_tag-q3","16":"product_tag-q5","17":"product_tag-s3","18":"product_tag-tiguan","19":"product_tag-tt","20":"berocket_brand-audi","21":"berocket_brand-volkswagen","22":"thunk-woo-product-list","23":"big-store-woo-hover-zoom","24":"open-single-product-tab-horizontal","25":"open-shadow-","26":"open-shadow-hover-","28":"first","29":"outofstock","30":"taxable","31":"shipping-taxable","32":"purchasable","33":"product-type-simple"},"taxonomy_info":{"product_cat":[{"value":256,"label":"Bico Injetor"},{"value":21,"label":"Inje\u00e7\u00e3o Eletr\u00f4nica"}],"product_tag":[{"value":1998,"label":"A1"},{"value":1934,"label":"A3"},{"value":1874,"label":"A4"},{"value":2128,"label":"A5 A6"},{"value":1604,"label":"Fusca"},{"value":698,"label":"Golf"},{"value":1475,"label":"Passat"},{"value":2129,"label":"Q3"},{"value":1999,"label":"Q5"},{"value":2130,"label":"S3"},{"value":1497,"label":"Tiguan"},{"value":2131,"label":"TT"}],"berocket_brand":[{"value":378,"label":"Audi"},{"value":396,"label":"Volkswagen"}]},"featured_image_src_large":["https:\/\/www.casadainjecao.com.br\/loja\/wp-content\/uploads\/2022\/10\/0280158266-360x780.jpg",360,780,true],"author_info":[],"comment_info":"","_links":{"self":[{"href":"https:\/\/www.casadainjecao.com.br\/loja\/wp-json\/wp\/v2\/product\/21044","targetHints":{"allow":["GET"]}}],"collection":[{"href":"https:\/\/www.casadainjecao.com.br\/loja\/wp-json\/wp\/v2\/product"}],"about":[{"href":"https:\/\/www.casadainjecao.com.br\/loja\/wp-json\/wp\/v2\/types\/product"}],"wp:featuredmedia":[{"embeddable":true,"href":"https:\/\/www.casadainjecao.com.br\/loja\/wp-json\/wp\/v2\/media\/25423"}],"wp:attachment":[{"href":"https:\/\/www.casadainjecao.com.br\/loja\/wp-json\/wp\/v2\/media?parent=21044"}],"wp:term":[{"taxonomy":"product_brand","embeddable":true,"href":"https:\/\/www.casadainjecao.com.br\/loja\/wp-json\/wp\/v2\/product_brand?post=21044"},{"taxonomy":"product_cat","embeddable":true,"href":"https:\/\/www.casadainjecao.com.br\/loja\/wp-json\/wp\/v2\/product_cat?post=21044"},{"taxonomy":"product_tag","embeddable":true,"href":"https:\/\/www.casadainjecao.com.br\/loja\/wp-json\/wp\/v2\/product_tag?post=21044"},{"taxonomy":"berocket_brand","embeddable":true,"href":"https:\/\/www.casadainjecao.com.br\/loja\/wp-json\/wp\/v2\/berocket_brand?post=21044"}],"curies":[{"name":"wp","href":"https:\/\/api.w.org\/{rel}","templated":true}]}}