{"id":21219,"date":"2022-10-19T18:09:11","date_gmt":"2022-10-19T21:09:11","guid":{"rendered":"https:\/\/www.casadainjecao.com.br\/loja\/?post_type=product&#038;p=21219"},"modified":"2026-01-09T13:04:30","modified_gmt":"2026-01-09T16:04:30","slug":"clip-de-fixacao-renault-master-clio-trafic-7703079037","status":"publish","type":"product","link":"https:\/\/www.casadainjecao.com.br\/loja\/autopecas\/interior\/clip-de-fixacao-renault-master-clio-trafic-7703079037\/","title":{"rendered":"Clip de Fixa\u00e7\u00e3o Renault Master  Clio Trafic &#8211; 770307"},"content":{"rendered":"<h1>Clip de Fixa\u00e7\u00e3o Renault Master Clio Trafic &#8211; 7703079037<\/h1>\n","protected":false},"excerpt":{"rendered":"<h2>Clip de Fixa\u00e7\u00e3o<\/h2>\n<h2>Renault Master Clio Trafic<\/h2>\n<h2>C\u00f3digo: &#8211; 7703079037\u00a0 c=129<\/h2>\n","protected":false},"featured_media":21222,"template":"","meta":{"_seopress_robots_primary_cat":"none","_seopress_titles_title":"","_seopress_titles_desc":"","_seopress_robots_index":"","_joinchat":[]},"product_cat":[24],"product_tag":[49,81,152],"berocket_brand":[394],"_links":{"self":[{"href":"https:\/\/www.casadainjecao.com.br\/loja\/wp-json\/wp\/v2\/product\/21219"}],"collection":[{"href":"https:\/\/www.casadainjecao.com.br\/loja\/wp-json\/wp\/v2\/product"}],"about":[{"href":"https:\/\/www.casadainjecao.com.br\/loja\/wp-json\/wp\/v2\/types\/product"}],"wp:featuredmedia":[{"embeddable":true,"href":"https:\/\/www.casadainjecao.com.br\/loja\/wp-json\/wp\/v2\/media\/21222"}],"wp:attachment":[{"href":"https:\/\/www.casadainjecao.com.br\/loja\/wp-json\/wp\/v2\/media?parent=21219"}],"wp:term":[{"taxonomy":"product_cat","embeddable":true,"href":"https:\/\/www.casadainjecao.com.br\/loja\/wp-json\/wp\/v2\/product_cat?post=21219"},{"taxonomy":"product_tag","embeddable":true,"href":"https:\/\/www.casadainjecao.com.br\/loja\/wp-json\/wp\/v2\/product_tag?post=21219"},{"taxonomy":"berocket_brand","embeddable":true,"href":"https:\/\/www.casadainjecao.com.br\/loja\/wp-json\/wp\/v2\/berocket_brand?post=21219"}],"curies":[{"name":"wp","href":"https:\/\/api.w.org\/{rel}","templated":true}]}}