{"id":21439,"date":"2022-11-03T10:11:31","date_gmt":"2022-11-03T13:11:31","guid":{"rendered":"https:\/\/www.casadainjecao.com.br\/loja\/?post_type=product&#038;p=21439"},"modified":"2025-04-05T10:04:35","modified_gmt":"2025-04-05T13:04:35","slug":"sensor-map-mwm-agrale-iveco-volks-volvo-0281002437","status":"publish","type":"product","link":"https:\/\/www.casadainjecao.com.br\/loja\/autopecas\/injecao-eletronica\/sensor-map\/sensor-map-mwm-agrale-iveco-volks-volvo-0281002437\/","title":{"rendered":"Sensor Map Volkswagen  MWM Volvo VM &#8211; 0281002437"},"content":{"rendered":"<h2>SENSOR MAP<\/h2>\n<p><strong>VOLKSWAGEN<\/strong><\/p>\n<p>8.150 EOD 3.0 (02\/2008&gt;02\/2012) 4.08 TCE<\/p>\n<p>8.150 EOD 4.7 (02\/2004&gt;12\/2011) 4.12 TCE<\/p>\n<p>9.150 EOD 4.7 (02\/2004&gt;12\/2011) 4.12 TCE<\/p>\n<p>15.180 EOD 4.7 (01\/2005&gt;12\/2007) 4.12 TCE<\/p>\n<p>15.190 EOD 4.7 (10\/2006&gt;02\/2012) 4.12 TCE<\/p>\n<p>17.210 EOD 7.1 (02\/2004&gt;12\/2007) 6.12 TCE<\/p>\n<p>17.230 EOD 7.1 (10\/2006&gt;02\/2012) 6.12 TCE<\/p>\n<p>17.260 EOT 7.1 (02\/2004&gt;02\/2012) 6.12 TCE<\/p>\n<p>VOLKSBUS 9.150 4.3 (11\/2006&gt; ACIMA) 4.10 T<\/p>\n<p>CONSTELLATION MWM Acteon<\/p>\n<p>CONSTELLATION 13.180 4.7 (04\/2006&gt;12\/2011) 4.12 TCE<\/p>\n<p>CONSTELLATION 15.180 4.7 (04\/2006&gt;12\/2011) 4.12 TCE<\/p>\n<p>CONSTELLATION 26.260 7.1 (07\/2008&gt;12\/2011) 6.12 TCE<\/p>\n<p>CONSTELLATION 31.260 7.1 (07\/2008&gt;12\/2011) 6.12 TCE<\/p>\n<p>WORKER 13.180 4.7 (06\/2005&gt;12\/2011) 4.12 TCE<\/p>\n<p>WORKER 15.180 4.7 (06\/2005&gt;12\/2011) 4.12 TCE<\/p>\n<p>WORKER 26.260 7.1 (01\/2006&gt;12\/2011) 6.12 TCE<\/p>\n<p>WORKER 31.260 7.1 (01\/2006&gt;12\/2011) 6.12 TCE<\/p>\n<p><strong>VOLVO<\/strong><\/p>\n<p>VM 210 4.8 (01\/2006&gt;12\/2011) 4.12 TCE<\/p>\n<p>VM 260 7.2 (01\/2006&gt;12\/2011) 4.12 TCE<\/p>\n<p>VM 310 7.2 (01\/2006&gt;12\/2011) 4.12 TCE<\/p>\n<p><strong>FORD<\/strong><\/p>\n<p>EVEREST 3.0 TDCi 4X4 3.0 (03\/2009&gt;12\/2014)<\/p>\n<p>RANGER 2.5 TDCi 2.5 (03\/2006&gt;12\/2011)<\/p>\n<p>RANGER 2.5 TDCi 2.5 (03\/2006&gt;12\/2011)<\/p>\n<p>RANGER 3.0 TDCi 2.5 (03\/2006&gt;12\/2011)<\/p>\n<p><strong>AGRALE<\/strong><\/p>\n<p>8500 E-TRONIC 4.8 (10\/2005&gt;12\/2011) 4.12 TCE<\/p>\n<p>9200 E-TRONIC 4.8 (10\/2005&gt;12\/2011) 4.12 TCE<\/p>\n<p>MA 7.5 E-TRONIC 4.8 (01\/2005&gt;12\/2005) 4.12 TCE EURO III<\/p>\n<p>MA 8.5 E-TRONIC 4.8 (01\/2005&gt;12\/2011) 4.12 TCE EURO III<\/p>\n<p>MA 9.2 E-TRONIC 4.8 (01\/2005&gt;11\/2011) 4.12 TCE EURO III<\/p>\n<p>W9 4.8 (01\/2006&gt;11\/2011) 4.12 ACTEON 4.12 TCE<\/p>\n<h4>C\u00f3digo de Refer\u00eancia:<\/h4>\n<p>0281002437<\/p>\n<h4 class=\"western\"><span style=\"font-family: Arial, sans-serif;\"><span style=\"font-size: small;\">Condi\u00e7\u00f5es:<\/span><\/span><\/h4>\n<p><span style=\"font-family: Arial, sans-serif;\"><span style=\"font-size: small;\">Produto Novo \/ Marca Torken<\/span><\/span><\/p>\n<h4 class=\"western\"><strong><span style=\"font-family: Arial, sans-serif;\"><span style=\"font-size: small;\">Garantia:<\/span><\/span><\/strong><\/h4>\n<p><span style=\"font-family: Arial, sans-serif;\"><span style=\"font-size: small;\">3 Meses<\/span><\/span><\/p>\n<h3 class=\"western\"><span style=\"font-family: Arial, sans-serif;\"><span style=\"font-size: small;\">ATEN\u00c7\u00c3O: Antes de efetuar a compra verifique o c\u00f3digo da sua pe\u00e7a que est\u00e1 instalada no seu ve\u00edculo.<\/span><\/span><\/h3>\n<h4 class=\"western\"><\/h4>\n<p><span style=\"font-family: Arial, sans-serif;\"><span style=\"font-size: small;\">A Casa da Inje\u00e7\u00e3o oferece total garantia nos produtos comprados em nosso site.<\/span><\/span><\/p>\n<ol>\n<li><span style=\"font-family: Arial, sans-serif;\"><span style=\"font-size: small;\">Cada item \u00e9 rigorosamente testado antes do envio<\/span><\/span><\/li>\n<li><span style=\"font-family: Arial, sans-serif;\"><span style=\"font-size: small;\">Se os itens estiverem danificados ou parcialmente defeituosos, entre em contato conosco.<\/span><\/span><\/li>\n<li><span style=\"font-family: Arial, sans-serif;\"><span style=\"font-size: small;\">Procure um profissional devidamente licenciado para a instala\u00e7\u00e3o e fa\u00e7a revis\u00f5es periodicamente. A empresa n\u00e3o se responsabiliza por problemas oriundos da m\u00e1 instala\u00e7\u00e3o ou com a falta de cuidados peri\u00f3dicos dos componentes.<\/span><\/span><\/li>\n<\/ol>\n<p><span style=\"font-family: Arial, sans-serif;\"><span style=\"font-size: small;\">Se houver qualquer defeito, n\u00f3s lhe enviaremos uma substitui\u00e7\u00e3o ap\u00f3s receber o pacote ou devolvemos seu dinheiro.<\/span><\/span><\/p>\n<p><span style=\"font-family: Arial, sans-serif;\"><span style=\"font-size: small;\">Leia nossa\u00a0<a href=\"https:\/\/www.casadainjecao.com.br\/loja\/politica-de-devolucao\">pol\u00edtica de devolu\u00e7\u00e3o aqui<\/a><\/span><\/span><\/p>\n<p>\u2014\u2014\u2014\u2014\u2014\u2014\u2014\u2014\u2014\u2014\u2014\u2014\u2014\u2014\u2014\u2014\u2014\u2014\u2014\u2013<\/p>\n<p><strong><span style=\"font-family: Arial, sans-serif;\"><span style=\"font-size: small;\">Tem alguma d\u00favida?<\/span><\/span><\/strong><\/p>\n<p><span style=\"font-family: Arial, sans-serif;\"><span style=\"font-size: small;\">Entre em contato que podemos ajudar!<\/span><\/span><\/p>\n<p><span style=\"font-family: Arial, sans-serif;\"><span style=\"font-size: small;\">Confira as informa\u00e7\u00f5es adicionais abaixo:<\/span><\/span><\/p>\n<ul>\n<li><span style=\"font-family: Arial, sans-serif;\"><span style=\"font-size: small;\">Todos os nossos produtos s\u00e3o novos, semi-novos, originais e paralelos possuem garantia.<\/span><\/span><\/li>\n<li><span style=\"font-family: Arial, sans-serif;\"><span style=\"font-size: small;\">Todos os produtos anunciados est\u00e3o dispon\u00edveis em estoque e s\u00e3o enviados com extrema rapidez.<\/span><\/span><\/li>\n<li><span style=\"font-family: Arial, sans-serif;\"><span style=\"font-size: small;\">O frete pode ser simulado antes de efetuar a compra, basta clicar em \u201cver custos de envio\u201d.<\/span><\/span><\/li>\n<li><span style=\"font-family: Arial, sans-serif;\"><span style=\"font-size: small;\">Verifique o endere\u00e7o de entrega cadastrado e atualize caso necess\u00e1rio.<\/span><\/span><\/li>\n<li><span style=\"font-family: Arial, sans-serif;\"><span style=\"font-size: small;\">Confirme se a pe\u00e7a \u00e9 correta para o seu modelo de ve\u00edculo.<\/span><\/span><\/li>\n<li><span style=\"font-family: Arial, sans-serif;\"><span style=\"font-size: small;\">Para pe\u00e7as automotivas, recomendamos a instala\u00e7\u00e3o por um profissional especializado.<\/span><\/span><\/li>\n<li><span style=\"font-family: Arial, sans-serif;\"><span style=\"font-size: small;\">Caso possua outras d\u00favidas, entre em contato.<\/span><\/span><\/li>\n<\/ul>\n","protected":false},"excerpt":{"rendered":"<h2>Sensor Map Volkswagen MWM Volvo Ford &#8211; 0281002437<\/h2>\n","protected":false},"featured_media":21465,"template":"","meta":{"_seopress_robots_primary_cat":"none","_seopress_titles_title":"","_seopress_titles_desc":"","_seopress_robots_index":"","_joinchat":[]},"product_cat":[21,1610],"product_tag":[1652,1653,1659,1660,1654,1655,1656,1657,1658,1650,1651,1649],"berocket_brand":[1143,396,397],"_links":{"self":[{"href":"https:\/\/www.casadainjecao.com.br\/loja\/wp-json\/wp\/v2\/product\/21439"}],"collection":[{"href":"https:\/\/www.casadainjecao.com.br\/loja\/wp-json\/wp\/v2\/product"}],"about":[{"href":"https:\/\/www.casadainjecao.com.br\/loja\/wp-json\/wp\/v2\/types\/product"}],"wp:featuredmedia":[{"embeddable":true,"href":"https:\/\/www.casadainjecao.com.br\/loja\/wp-json\/wp\/v2\/media\/21465"}],"wp:attachment":[{"href":"https:\/\/www.casadainjecao.com.br\/loja\/wp-json\/wp\/v2\/media?parent=21439"}],"wp:term":[{"taxonomy":"product_cat","embeddable":true,"href":"https:\/\/www.casadainjecao.com.br\/loja\/wp-json\/wp\/v2\/product_cat?post=21439"},{"taxonomy":"product_tag","embeddable":true,"href":"https:\/\/www.casadainjecao.com.br\/loja\/wp-json\/wp\/v2\/product_tag?post=21439"},{"taxonomy":"berocket_brand","embeddable":true,"href":"https:\/\/www.casadainjecao.com.br\/loja\/wp-json\/wp\/v2\/berocket_brand?post=21439"}],"curies":[{"name":"wp","href":"https:\/\/api.w.org\/{rel}","templated":true}]}}