{"id":21489,"date":"2022-11-06T08:17:08","date_gmt":"2022-11-06T11:17:08","guid":{"rendered":"https:\/\/www.casadainjecao.com.br\/loja\/?post_type=product&#038;p=21489"},"modified":"2023-12-18T10:38:15","modified_gmt":"2023-12-18T13:38:15","slug":"anel-de-vedacao-valvula-termostatica-renault-laguna-9616838180","status":"publish","type":"product","link":"https:\/\/www.casadainjecao.com.br\/loja\/autopecas\/motor\/aneis\/anel-de-vedacao-valvula-termostatica-renault-laguna-9616838180\/","title":{"rendered":"Anel de Veda\u00e7\u00e3o Refrigera\u00e7\u00e3o do Motor Renault Espace &#8"},"content":{"rendered":"<h1>Anel de Veda\u00e7\u00e3o Motor Renault Espace &#8211; 9616838180<\/h1>\n","protected":false},"excerpt":{"rendered":"<h2>Anel de Veda\u00e7\u00e3o Refrigera\u00e7\u00e3o<\/h2>\n<h2>Renault Espace<\/h2>\n<h2>Codigo:- 9616838180\u00a0 c=6<\/h2>\n<p>&nbsp;<\/p>\n","protected":false},"featured_media":21607,"template":"","meta":{"_seopress_robots_primary_cat":"none","_seopress_titles_title":"","_seopress_titles_desc":"","_seopress_robots_index":"","_joinchat":[]},"product_cat":[192,22,244],"product_tag":[1123],"berocket_brand":[394],"_links":{"self":[{"href":"https:\/\/www.casadainjecao.com.br\/loja\/wp-json\/wp\/v2\/product\/21489"}],"collection":[{"href":"https:\/\/www.casadainjecao.com.br\/loja\/wp-json\/wp\/v2\/product"}],"about":[{"href":"https:\/\/www.casadainjecao.com.br\/loja\/wp-json\/wp\/v2\/types\/product"}],"wp:featuredmedia":[{"embeddable":true,"href":"https:\/\/www.casadainjecao.com.br\/loja\/wp-json\/wp\/v2\/media\/21607"}],"wp:attachment":[{"href":"https:\/\/www.casadainjecao.com.br\/loja\/wp-json\/wp\/v2\/media?parent=21489"}],"wp:term":[{"taxonomy":"product_cat","embeddable":true,"href":"https:\/\/www.casadainjecao.com.br\/loja\/wp-json\/wp\/v2\/product_cat?post=21489"},{"taxonomy":"product_tag","embeddable":true,"href":"https:\/\/www.casadainjecao.com.br\/loja\/wp-json\/wp\/v2\/product_tag?post=21489"},{"taxonomy":"berocket_brand","embeddable":true,"href":"https:\/\/www.casadainjecao.com.br\/loja\/wp-json\/wp\/v2\/berocket_brand?post=21489"}],"curies":[{"name":"wp","href":"https:\/\/api.w.org\/{rel}","templated":true}]}}