{"id":21511,"date":"2022-11-07T21:08:54","date_gmt":"2022-11-08T00:08:54","guid":{"rendered":"https:\/\/www.casadainjecao.com.br\/loja\/?post_type=product&#038;p=21511"},"modified":"2025-03-06T17:36:10","modified_gmt":"2025-03-06T20:36:10","slug":"macaneta-externa-dianteira-esquerda-vw-polo-virtus-6ea4h0837205c","status":"publish","type":"product","link":"https:\/\/www.casadainjecao.com.br\/loja\/autopecas\/exterior\/macaneta\/macaneta-externa-dianteira-esquerda-vw-polo-virtus-6ea4h0837205c\/","title":{"rendered":"Ma\u00e7aneta Externa Dianteira Esquerda Vw Polo Virtus &#8211; "},"content":{"rendered":"<h2>Ma\u00e7aneta Externa Dianteira Esquerda Preta Original com Detalhe<\/h2>\n<p><strong>Volkswagen<\/strong><\/p>\n<p>Polo 2018<\/p>\n<p>Virtus 2018<\/p>\n<p>Passat 2018<\/p>\n<h4>C\u00f3digo de Refeer\u00eancia:<\/h4>\n<p>6EA4H0837205C<\/p>\n<h4 class=\"western\">Condi\u00e7\u00f5es:<\/h4>\n<p>Produto Novo \/ Marca Volkswagen<\/p>\n<h4 class=\"western\"><strong>Garantia:<\/strong><\/h4>\n<p>3 Meses<\/p>\n<h3 class=\"western\">ATEN\u00c7\u00c3O: Antes de efetuar a compra verifique o c\u00f3digo da sua pe\u00e7a que est\u00e1 instalada no seu ve\u00edculo.<\/h3>\n<h4 class=\"western\"><\/h4>\n","protected":false},"excerpt":{"rendered":"<h2>Ma\u00e7aneta Externa Dianteira Esquerda Vw Polo Virtus &#8211; 6EA4H0837205C<\/h2>\n","protected":false},"featured_media":39075,"template":"","meta":{"_seopress_robots_primary_cat":"none","_seopress_titles_title":"","_seopress_titles_desc":"","_seopress_robots_index":"","_seopress_analysis_target_kw":"","_kad_blocks_custom_css":"","_kad_blocks_head_custom_js":"","_kad_blocks_body_custom_js":"","_kad_blocks_footer_custom_js":"","_kadence_starter_templates_imported_post":false,"_joinchat":[]},"product_brand":[],"product_cat":[23,309],"product_tag":[1475,75],"berocket_brand":[396],"class_list":{"0":"post-21511","1":"product","2":"type-product","3":"status-publish","4":"has-post-thumbnail","6":"product_cat-exterior","7":"product_cat-macaneta","8":"product_tag-passat","9":"product_tag-polo","10":"berocket_brand-volkswagen","11":"thunk-woo-product-list","12":"big-store-woo-hover-zoom","13":"open-single-product-tab-horizontal","14":"open-shadow-","15":"open-shadow-hover-","17":"first","18":"instock","19":"sale","20":"taxable","21":"shipping-taxable","22":"purchasable","23":"product-type-simple"},"taxonomy_info":{"product_cat":[{"value":23,"label":"Exterior"},{"value":309,"label":"Ma\u00e7aneta"}],"product_tag":[{"value":1475,"label":"Passat"},{"value":75,"label":"polo"}],"berocket_brand":[{"value":396,"label":"Volkswagen"}]},"featured_image_src_large":["https:\/\/www.casadainjecao.com.br\/loja\/wp-content\/uploads\/2022\/11\/Macaneta-Externa-Dianteira-Esquerda-Vw-Polo-Virtus-6EA4H0837205C-7-1093x920.jpg",640,539,true],"author_info":[],"comment_info":"","_links":{"self":[{"href":"https:\/\/www.casadainjecao.com.br\/loja\/wp-json\/wp\/v2\/product\/21511","targetHints":{"allow":["GET"]}}],"collection":[{"href":"https:\/\/www.casadainjecao.com.br\/loja\/wp-json\/wp\/v2\/product"}],"about":[{"href":"https:\/\/www.casadainjecao.com.br\/loja\/wp-json\/wp\/v2\/types\/product"}],"wp:featuredmedia":[{"embeddable":true,"href":"https:\/\/www.casadainjecao.com.br\/loja\/wp-json\/wp\/v2\/media\/39075"}],"wp:attachment":[{"href":"https:\/\/www.casadainjecao.com.br\/loja\/wp-json\/wp\/v2\/media?parent=21511"}],"wp:term":[{"taxonomy":"product_brand","embeddable":true,"href":"https:\/\/www.casadainjecao.com.br\/loja\/wp-json\/wp\/v2\/product_brand?post=21511"},{"taxonomy":"product_cat","embeddable":true,"href":"https:\/\/www.casadainjecao.com.br\/loja\/wp-json\/wp\/v2\/product_cat?post=21511"},{"taxonomy":"product_tag","embeddable":true,"href":"https:\/\/www.casadainjecao.com.br\/loja\/wp-json\/wp\/v2\/product_tag?post=21511"},{"taxonomy":"berocket_brand","embeddable":true,"href":"https:\/\/www.casadainjecao.com.br\/loja\/wp-json\/wp\/v2\/berocket_brand?post=21511"}],"curies":[{"name":"wp","href":"https:\/\/api.w.org\/{rel}","templated":true}]}}