{"id":21551,"date":"2022-11-09T15:31:01","date_gmt":"2022-11-09T18:31:01","guid":{"rendered":"https:\/\/www.casadainjecao.com.br\/loja\/?post_type=product&#038;p=21551"},"modified":"2023-11-28T09:30:40","modified_gmt":"2023-11-28T12:30:40","slug":"sensor-map-pressao-chevrolet-agile-montana-1-4-8v-0261230282","status":"publish","type":"product","link":"https:\/\/www.casadainjecao.com.br\/loja\/autopecas\/injecao-eletronica\/sensores-injecao-eletronica\/sensor-map-pressao-chevrolet-agile-montana-1-4-8v-0261230282\/","title":{"rendered":"Sensor Map Press\u00e3o Chevrolet Agile Montana 1.4 8v &#8211; 0"},"content":{"rendered":"<h1>Sensor Map Press\u00e3o Chevrolet Agile Montana 1.4 8v &#8211; 0261230282<\/h1>\n","protected":false},"excerpt":{"rendered":"<h2>Sensor Map Press\u00e3o<\/h2>\n<h2>Chevrolet Agile Montana 1.4 8v<\/h2>\n<h2>Codigo:- 0261230282\/55573248<\/h2>\n<h2>NCM:- 90262090<\/h2>\n<h2>Sensor Map \u00e9 a de\u00a0<b>informar \u00e0 unidade de comando a press\u00e3o absoluta presente no coletor de admiss\u00e3o cuja press\u00e3o \u00e9 uma medida da carga do motor<\/b>. Esta informa\u00e7\u00e3o \u00e9 utilizada no c\u00e1lculo da massa de ar admitida e no c\u00e1lculo do avan\u00e7o do ponto de igni\u00e7\u00e3o.<\/h2>\n<h2>c=269<\/h2>\n","protected":false},"featured_media":21556,"template":"","meta":{"_seopress_robots_primary_cat":"none","_seopress_titles_title":"","_seopress_titles_desc":"","_seopress_robots_index":"","_kad_blocks_custom_css":"","_kad_blocks_head_custom_js":"","_kad_blocks_body_custom_js":"","_kad_blocks_footer_custom_js":"","_joinchat":[]},"product_cat":[21,1610,269],"product_tag":[1410,296],"berocket_brand":[381],"taxonomy_info":{"product_cat":[{"value":21,"label":"Inje\u00e7\u00e3o Eletr\u00f4nica"},{"value":1610,"label":"Sensor Map"},{"value":269,"label":"Sensores"}],"product_tag":[{"value":1410,"label":"AGile"},{"value":296,"label":"Montana"}],"berocket_brand":[{"value":381,"label":"Chevrolet"}]},"featured_image_src_large":["https:\/\/www.casadainjecao.com.br\/loja\/wp-content\/uploads\/2022\/11\/Sensor-Map-Pressao-gm-Chevrolet-Agile-Montana-1.4-8v-original-0261230282-840x780.jpg",640,594,true],"author_info":[],"comment_info":"","_links":{"self":[{"href":"https:\/\/www.casadainjecao.com.br\/loja\/wp-json\/wp\/v2\/product\/21551"}],"collection":[{"href":"https:\/\/www.casadainjecao.com.br\/loja\/wp-json\/wp\/v2\/product"}],"about":[{"href":"https:\/\/www.casadainjecao.com.br\/loja\/wp-json\/wp\/v2\/types\/product"}],"wp:featuredmedia":[{"embeddable":true,"href":"https:\/\/www.casadainjecao.com.br\/loja\/wp-json\/wp\/v2\/media\/21556"}],"wp:attachment":[{"href":"https:\/\/www.casadainjecao.com.br\/loja\/wp-json\/wp\/v2\/media?parent=21551"}],"wp:term":[{"taxonomy":"product_cat","embeddable":true,"href":"https:\/\/www.casadainjecao.com.br\/loja\/wp-json\/wp\/v2\/product_cat?post=21551"},{"taxonomy":"product_tag","embeddable":true,"href":"https:\/\/www.casadainjecao.com.br\/loja\/wp-json\/wp\/v2\/product_tag?post=21551"},{"taxonomy":"berocket_brand","embeddable":true,"href":"https:\/\/www.casadainjecao.com.br\/loja\/wp-json\/wp\/v2\/berocket_brand?post=21551"}],"curies":[{"name":"wp","href":"https:\/\/api.w.org\/{rel}","templated":true}]}}