{"id":21575,"date":"2022-11-09T16:47:50","date_gmt":"2022-11-09T19:47:50","guid":{"rendered":"https:\/\/www.casadainjecao.com.br\/loja\/?post_type=product&#038;p=21575"},"modified":"2026-03-10T10:36:20","modified_gmt":"2026-03-10T13:36:20","slug":"sonda-lambda-hyundai-azera-39210-3c700","status":"publish","type":"product","link":"https:\/\/www.casadainjecao.com.br\/loja\/autopecas\/injecao-eletronica\/sonda-lambda\/sonda-lambda-hyundai-azera-39210-3c700\/","title":{"rendered":"Sonda Lambda Azera &#8211; 39210-3C700"},"content":{"rendered":"<h2 class=\"ui-pdp-title\">Sonda Lambda P\u00f3s Catalisador<\/h2>\n<p class=\"ui-pdp-title\">\u00a0Azera 3.3 V6 24V &#8211; 2006\u00a0 2007 2008 2009 2010<\/p>\n<p class=\"ui-pdp-title\">\u00a0Vera Cruz 3.8 V6 24V &#8211; 2007 2008 2009 2010 2011 2012<\/p>\n<p class=\"ui-pdp-title\">\u00a0Santa F\u00e9 3.5 V6 24V &#8211; 2010 2011 2012 2013<\/p>\n<p class=\"ui-pdp-title\">\u00a0Sonata 3.3 V6 &#8211; 2005 2006 2007 2008<\/p>\n<p><strong>KIA<\/strong><\/p>\n<p>Kia Sorento 3.8 &#8211; 2006 2007 2008<\/p>\n<p>Kia Opirus 3.8i V6 &#8211; 2007 2008 2009<\/p>\n<p>&nbsp;<\/p>\n<p>Comprimento do cabo: 15cm , 4 pinos , 4 cabos<\/p>\n<h4 class=\"ui-pdp-title\">C\u00f3digo de Refer\u00eancia:<\/h4>\n<p class=\"ui-pdp-title\">39210-3C700, 392103C100, 39210-3C400<\/p>\n<h4><b>O que \u00e9 e para que serve a Sonda Lambda?<\/b><\/h4>\n<p>A Sonda Lambda, tamb\u00e9m conhecida como sensor de oxig\u00eanio, \u00e9 um componente essencial no sistema de controle de emiss\u00f5es de ve\u00edculos equipados com motores a combust\u00e3o interna, especialmente os motores a gasolina. Sua principal fun\u00e7\u00e3o \u00e9 monitorar e medir a quantidade de oxig\u00eanio nos gases de escape do motor.<\/p>\n<h4><strong>Condi\u00e7\u00f5es:<\/strong><\/h4>\n<p>Novo Importado<\/p>\n<p>Marca Torken<\/p>\n<h4><strong>Garantia:<\/strong><\/h4>\n<p>3 Meses<\/p>\n<h3>ATEN\u00c7\u00c3O: Antes de efetuar a compra verifique o c\u00f3digo da sua pe\u00e7a que est\u00e1 instalada no seu ve\u00edculo.<\/h3>\n<h3>APLICA\u00c7\u00c3O:<\/h3>\n<p>Linha Hyundai \/ Kia<\/p>\n<p>&nbsp;<\/p>\n<p>A Casa da Inje\u00e7\u00e3o oferece total garantia nos produtos comprados em nosso site.<\/p>\n<ol>\n<li>Cada item \u00e9 rigorosamente testado antes do envio<\/li>\n<li>Se os itens estiverem danificados ou parcialmente defeituosos, entre em contato conosco.<\/li>\n<\/ol>\n<p>Se houver qualquer defeito, n\u00f3s lhe enviaremos uma substitui\u00e7\u00e3o ap\u00f3s receber o pacote ou devolvemos seu dinheiro.<\/p>\n<p>Leia nossa<span style=\"color: #ff0000;\">\u00a0<a style=\"color: #ff0000;\" href=\"https:\/\/www.casadainjecao.com.br\/loja\/politica-de-devolucao\">pol\u00edtica de devolu\u00e7\u00e3o aqui<\/a><\/span><\/p>\n<p>\u2014\u2014\u2014\u2014\u2014\u2014\u2014\u2014\u2014\u2014\u2014\u2014\u2014\u2014\u2014\u2014\u2014\u2014\u2014\u2013<\/p>\n<p><strong>Tem alguma d\u00favida?<\/strong><\/p>\n<p>Entre em contato que podemos ajudar!<\/p>\n<p>Confira as informa\u00e7\u00f5es adicionais abaixo:<\/p>\n<ul>\n<li>Todos os nossos produtos s\u00e3o novos, semi-novos, originais e paralelos possuem garantia.<\/li>\n<li>Todos os produtos anunciados est\u00e3o dispon\u00edveis em estoque e s\u00e3o enviados com extrema rapidez.<\/li>\n<li>O frete pode ser simulado antes de efetuar a compra, basta clicar em \u201cver custos de envio\u201d.<\/li>\n<li>Verifique o endere\u00e7o de entrega cadastrado e atualize caso necess\u00e1rio.<\/li>\n<li>Confirme se a pe\u00e7a \u00e9 correta para o seu modelo de ve\u00edculo.<\/li>\n<li>Para pe\u00e7as automotivas, recomendamos a instala\u00e7\u00e3o por um profissional especializado.<\/li>\n<\/ul>\n<p>Caso possua outras d\u00favidas, entre em contato.<\/p>\n","protected":false},"excerpt":{"rendered":"<h2>Sonda Lambda P\u00f3s Catalisador\u00a0 Azera &#8211; 39210-3C700, 392103C100, 39210-3C400<\/h2>\n","protected":false},"featured_media":44682,"template":"","meta":{"_seopress_robots_primary_cat":"none","_seopress_titles_title":"","_seopress_titles_desc":"","_seopress_robots_index":"","_seopress_analysis_target_kw":"","_kad_blocks_custom_css":"","_kad_blocks_head_custom_js":"","_kad_blocks_body_custom_js":"","_kad_blocks_footer_custom_js":"","_kadence_starter_templates_imported_post":false,"_joinchat":[]},"product_brand":[],"product_cat":[21,270],"product_tag":[288,1925,292,297,2020,1491],"berocket_brand":[386,388],"class_list":{"0":"post-21575","1":"product","2":"type-product","3":"status-publish","4":"has-post-thumbnail","6":"product_cat-injecao-eletronica","7":"product_cat-sonda-lambda","8":"product_tag-azera","9":"product_tag-opirus","10":"product_tag-santa-fe","11":"product_tag-sonata","12":"product_tag-sonento","13":"product_tag-vera-cruz","14":"berocket_brand-hyundai","15":"berocket_brand-kia","16":"thunk-woo-product-list","17":"big-store-woo-hover-zoom","18":"open-single-product-tab-horizontal","19":"open-shadow-","20":"open-shadow-hover-","22":"first","23":"instock","24":"sale","25":"taxable","26":"shipping-taxable","27":"purchasable","28":"product-type-simple"},"taxonomy_info":{"product_cat":[{"value":21,"label":"Inje\u00e7\u00e3o Eletr\u00f4nica"},{"value":270,"label":"Sonda Lambda"}],"product_tag":[{"value":288,"label":"Azera"},{"value":1925,"label":"Opirus"},{"value":292,"label":"Santa F\u00e9"},{"value":297,"label":"Sonata"},{"value":2020,"label":"Sonento"},{"value":1491,"label":"Vera Cruz"}],"berocket_brand":[{"value":386,"label":"Hyundai"},{"value":388,"label":"Kia"}]},"featured_image_src_large":["https:\/\/www.casadainjecao.com.br\/loja\/wp-content\/uploads\/2022\/11\/39210-3c700-2-1-920x920.jpg",640,640,true],"author_info":[],"comment_info":"","_links":{"self":[{"href":"https:\/\/www.casadainjecao.com.br\/loja\/wp-json\/wp\/v2\/product\/21575","targetHints":{"allow":["GET"]}}],"collection":[{"href":"https:\/\/www.casadainjecao.com.br\/loja\/wp-json\/wp\/v2\/product"}],"about":[{"href":"https:\/\/www.casadainjecao.com.br\/loja\/wp-json\/wp\/v2\/types\/product"}],"wp:featuredmedia":[{"embeddable":true,"href":"https:\/\/www.casadainjecao.com.br\/loja\/wp-json\/wp\/v2\/media\/44682"}],"wp:attachment":[{"href":"https:\/\/www.casadainjecao.com.br\/loja\/wp-json\/wp\/v2\/media?parent=21575"}],"wp:term":[{"taxonomy":"product_brand","embeddable":true,"href":"https:\/\/www.casadainjecao.com.br\/loja\/wp-json\/wp\/v2\/product_brand?post=21575"},{"taxonomy":"product_cat","embeddable":true,"href":"https:\/\/www.casadainjecao.com.br\/loja\/wp-json\/wp\/v2\/product_cat?post=21575"},{"taxonomy":"product_tag","embeddable":true,"href":"https:\/\/www.casadainjecao.com.br\/loja\/wp-json\/wp\/v2\/product_tag?post=21575"},{"taxonomy":"berocket_brand","embeddable":true,"href":"https:\/\/www.casadainjecao.com.br\/loja\/wp-json\/wp\/v2\/berocket_brand?post=21575"}],"curies":[{"name":"wp","href":"https:\/\/api.w.org\/{rel}","templated":true}]}}