{"id":21619,"date":"2022-11-10T21:02:12","date_gmt":"2022-11-11T00:02:12","guid":{"rendered":"https:\/\/www.casadainjecao.com.br\/loja\/?post_type=product&#038;p=21619"},"modified":"2026-05-06T12:20:03","modified_gmt":"2026-05-06T15:20:03","slug":"sonda-lambda-fiat-palio-uno-strada-siena-1-0-1-4-55236779","status":"publish","type":"product","link":"https:\/\/www.casadainjecao.com.br\/loja\/autopecas\/injecao-eletronica\/sonda-lambda\/sonda-lambda-fiat-palio-uno-strada-siena-1-0-1-4-55236779\/","title":{"rendered":"Sonda Lambda P\u00f3s Catalisador Fiat Uno Palio &#8211; 5523677"},"content":{"rendered":"<h1>Sonda Lambda P\u00f3s Catalisador<\/h1>\n<h3><strong>FIAT<\/strong><\/h3>\n<h3>Fiat Novo Palio 2012 a 2017<\/h3>\n<h3>Fiat Palio Fase 2 2004 a 2017<\/h3>\n<h3>Fiat Palio Fase 3 2008 a 2012<\/h3>\n<h3>Fiat Palio Weekend Fase 3 2008 a 2012<\/h3>\n<h3>Fiat Palio Weekend Fase 4 2013 a 2020<\/h3>\n<h3>Fiat Siena Fase 2 2004 a 2013<\/h3>\n<h3>Fiat Siena Fase 3 2008 a 2012<\/h3>\n<h3>Fiat Siena Fase 4 2013 a 2017<\/h3>\n<h3>Fiat Strada Fase 2 2004 a 2013<\/h3>\n<h3>Fiat Strada Fase 3 2008 a 2012<\/h3>\n<h3>Fiat Strada Fase 4 2013 a 2020<\/h3>\n<h3>Fiat Novo Uno 2011 a 2014<\/h3>\n<h3>Fiat Novo Uno Furgoneta 2011 a 2016<\/h3>\n<h3>Fiat Doblo fase 1 2010 a 2021<\/h3>\n<h3>Fiat Novo Fiorino 2011 a 2021<\/h3>\n<h3>Fiat Grand\u00a0 Sienav2010 a 2021<\/h3>\n<h3>Fiat Punto 2008 a 2012<\/h3>\n<h3>Fiat Punto Fase 1 2013 a 2017<\/h3>\n<h3>C\u00f3digo de Refer\u00eancia:<\/h3>\n<h3>55236779, OZA641-A6, ESL779, OZA641-A3, 55222112, OZA641A3, OZA641A6<\/h3>\n<h5><strong>Condi\u00e7\u00f5es:<\/strong><\/h5>\n<h5>Novo Paralelo \/ Marca Torken<\/h5>\n<h5>Especifica\u00e7\u00f5es:<\/h5>\n<h5>P\u00f3s Catalisador comprimento do cabo 30 cm\u00a0 4 pinos 4 fios (2 brancos 1preto 1 cinza)<\/h5>\n<h5><strong>Garantia:<\/strong><\/h5>\n<h5>3 Meses<strong> \u00a0<\/strong><\/h5>\n<h5>ATEN\u00c7\u00c3O: Antes de efetuar a compra verifique o c\u00f3digo da sua pe\u00e7a que est\u00e1 instalada no seu ve\u00edculo.<\/h5>\n<h5><strong>APLICA\u00c7\u00c3O:<\/strong><\/h5>\n<h5>Linha Fiat<\/h5>\n<h5>O que \u00e9 e para que serve a Sonda Lambda?<\/h5>\n<h5>A Sonda Lambda \u00e9 um componente importante em sistemas de controle de emiss\u00f5es de ve\u00edculos a combust\u00e3o interna, como carros a gasolina e diesel. Seu principal objetivo \u00e9 medir a quantidade de oxig\u00eanio nos gases de escape do motor. Essa informa\u00e7\u00e3o \u00e9 crucial para otimizar a mistura ar\/combust\u00edvel, garantindo uma combust\u00e3o mais eficiente e reduzindo as emiss\u00f5es de poluentes.<\/h5>\n<h5><\/h5>\n<h5>A Casa da Inje\u00e7\u00e3o oferece total garantia nos produtos comprados em nosso site.<\/h5>\n<ol>\n<li>\n<h5>Cada item \u00e9 rigorosamente testado antes do envio<\/h5>\n<\/li>\n<li>\n<h5>Se os itens estiverem danificados ou parcialmente defeituosos, entre em contato conosco.<\/h5>\n<\/li>\n<\/ol>\n<h5>Se houver qualquer defeito, n\u00f3s lhe enviaremos uma substitui\u00e7\u00e3o ap\u00f3s receber o pacote ou devolvemos seu dinheiro.<\/h5>\n<h5>Leia nossa\u00a0<span style=\"color: #ff0000;\"><a style=\"color: #ff0000;\" href=\"https:\/\/www.casadainjecao.com.br\/loja\/politica-de-devolucao\">pol\u00edtica de devolu\u00e7\u00e3o aqui<\/a><\/span><\/h5>\n<h5>\u2014\u2014\u2014\u2014\u2014\u2014\u2014\u2014\u2014\u2014\u2014\u2014\u2014\u2014\u2014\u2014\u2014\u2014\u2014\u2013<\/h5>\n<h5><strong>Tem alguma d\u00favida?<\/strong><\/h5>\n<h5>Entre em contato que podemos ajudar!<\/h5>\n<h5>Confira as informa\u00e7\u00f5es adicionais abaixo:<\/h5>\n<ul>\n<li>\n<h5>Todos os nossos produtos s\u00e3o novos, semi-novos, originais e paralelos possuem garantia.<\/h5>\n<\/li>\n<li>\n<h5>Todos os produtos anunciados est\u00e3o dispon\u00edveis em estoque e s\u00e3o enviados com extrema rapidez.<\/h5>\n<\/li>\n<li>\n<h5>O frete pode ser simulado antes de efetuar a compra, basta clicar em \u201cver custos de envio\u201d.<\/h5>\n<\/li>\n<li>\n<h5>Verifique o endere\u00e7o de entrega cadastrado e atualize caso necess\u00e1rio.<\/h5>\n<\/li>\n<li>\n<h5>Confirme se a pe\u00e7a \u00e9 correta para o seu modelo de ve\u00edculo.<\/h5>\n<\/li>\n<li>\n<h5>Para pe\u00e7as automotivas, recomendamos a instala\u00e7\u00e3o por um profissional especializado.<\/h5>\n<\/li>\n<\/ul>\n<h5>Caso possua outras d\u00favidas, entre em contato.<\/h5>\n","protected":false},"excerpt":{"rendered":"<h2>Sonda Lambda P\u00f3s Catalisador Fiat Uno Palio &#8211; 55236779<\/h2>\n<h3><\/h3>\n","protected":false},"featured_media":44565,"template":"","meta":{"_seopress_robots_primary_cat":"none","_seopress_titles_title":"","_seopress_titles_desc":"","_seopress_robots_index":"","_joinchat":[]},"product_cat":[21,270],"product_tag":[247,280,119,108,120,121,214],"berocket_brand":[383],"_links":{"self":[{"href":"https:\/\/www.casadainjecao.com.br\/loja\/wp-json\/wp\/v2\/product\/21619"}],"collection":[{"href":"https:\/\/www.casadainjecao.com.br\/loja\/wp-json\/wp\/v2\/product"}],"about":[{"href":"https:\/\/www.casadainjecao.com.br\/loja\/wp-json\/wp\/v2\/types\/product"}],"wp:featuredmedia":[{"embeddable":true,"href":"https:\/\/www.casadainjecao.com.br\/loja\/wp-json\/wp\/v2\/media\/44565"}],"wp:attachment":[{"href":"https:\/\/www.casadainjecao.com.br\/loja\/wp-json\/wp\/v2\/media?parent=21619"}],"wp:term":[{"taxonomy":"product_cat","embeddable":true,"href":"https:\/\/www.casadainjecao.com.br\/loja\/wp-json\/wp\/v2\/product_cat?post=21619"},{"taxonomy":"product_tag","embeddable":true,"href":"https:\/\/www.casadainjecao.com.br\/loja\/wp-json\/wp\/v2\/product_tag?post=21619"},{"taxonomy":"berocket_brand","embeddable":true,"href":"https:\/\/www.casadainjecao.com.br\/loja\/wp-json\/wp\/v2\/berocket_brand?post=21619"}],"curies":[{"name":"wp","href":"https:\/\/api.w.org\/{rel}","templated":true}]}}