{"id":21654,"date":"2022-11-11T11:19:32","date_gmt":"2022-11-11T14:19:32","guid":{"rendered":"https:\/\/www.casadainjecao.com.br\/loja\/?post_type=product&#038;p=21654"},"modified":"2026-04-09T02:03:28","modified_gmt":"2026-04-09T05:03:28","slug":"sonda-lambda-pre-catalisador-peugeot-207-0258006028","status":"publish","type":"product","link":"https:\/\/www.casadainjecao.com.br\/loja\/autopecas\/injecao-eletronica\/sonda-lambda\/sonda-lambda-pre-catalisador-peugeot-207-0258006028\/","title":{"rendered":"Sonda Lambda Pr\u00e9 Catalisador Peugeot 207 &#8211; 0258006028"},"content":{"rendered":"<h2>Sonda Lambda Planar Pr\u00e9 Catalisador<\/h2>\n<h3>Sensor de Oxigenio P\u00f3s e Pr\u00e9 Escapamento Catalisador<\/h3>\n<h3>Renault<\/h3>\n<p>Sandero 1.6 Hi-Torque Flex 2007\/ 2008\/ 2009 \/2010\/ 2011\/ 2012 (Pr\u00e9 Catalisador)<\/p>\n<h3>Peugeot<\/h3>\n<p>206 1.6 Gasolina 1999 \/2000\/ 2001\/ 2002\/ 2003 (Pr\u00e9 Catalisador)<\/p>\n<p>207 1.4 8v\/1.6 16v Flex \u00a02008\/ 2009\/ 2010\/ 201\/ 2012\/ 2013 (Pr\u00e9 Catalisador)<\/p>\n<p>306 1.6 Break Gasolina 1997\/ 1998\/ 1999\/ 2000 (Pr\u00e9 Catalisador)<\/p>\n<p>307 1.6 Gasolina 2004\/ 2005 (Pr\u00e9 Catalisador)<\/p>\n<h3>Citroen<\/h3>\n<p>Berlingo 1.6 16v Gasolina 2005 em diante (Pr\u00e9 Catalisador)<\/p>\n<p>C2 1.6 VTS Gasolina 2004\/ 2005 \/2006\/ 2007 \/2008\/ 2009 (Pr\u00e9 Catalisador)<\/p>\n<p>C4 Hatch 1.6 16v Flex 2009\/ 2010\/2011 \/2012 \/2013 (Pr\u00e9 Catalisador)<\/p>\n<p>C8 2.0 16v Gasolina 2002 \/2003\/ 2004\/ 2005\/ 2006 (Pr\u00e9 e P\u00f3s Catalisador)<\/p>\n<p>Xsara Picasso 1.6 16v Flex 2006\/2007\/ 2008\/ 2009 \/2010\/ 2011\/ 2012 (Pr\u00e9 Catalisador)<\/p>\n<p>Xantia 1.8 16v Gasolina 1997\/ 1998\/ 1999\/ 2000\/ 2001 (Pr\u00e9 Catalisador)<\/p>\n<p>Xantia 1.8 16v Break Gasolina 1997 \/1998 \/1999\/ 2000\/ 2001 (Pr\u00e9 Catalisador)<\/p>\n<p>Xsara 1.4 Break Gasolina 1998\/ 1999 \/2000 (Pr\u00e9 Catalisador)<\/p>\n<p>&nbsp;<\/p>\n<p>CONECTOR MACHO , 4 PINOS<br \/>\nCOMPRIMENTO DO CABO:<\/p>\n<p>Especifica\u00e7\u00f5es T\u00e9cnicas:<br \/>\n\u2013 Marca: TORKEN<br \/>\n\u2013 Condi\u00e7\u00e3o do item: N O V O<br \/>\n\u2013 Modelo: SONDA LAMBDA<br \/>\n\u2013 Cont\u00e9m\u00a0 1 sonda p\u00f3s catalisador<br \/>\n\u2013 Comprimento total do cabo 41cm<br \/>\n\u2013 4 pinos<br \/>\n\u2013 4 cabos<br \/>\n\u2013 4 fios ( 2 Brancos, 1 Preto, 1 Cinza)<\/p>\n<h3>C\u00d3DIGO REFER\u00caNCIA: &#8211; 0258006028, MRMK2952, 751125, 711016<\/h3>\n<h3>ATEN\u00c7\u00c3O: Antes de efetuar a compra verifique o c\u00f3digo da sua pe\u00e7a que est\u00e1 instalada no seu ve\u00edculo.<\/h3>\n<h4><strong>\u00a0O que \u00e9 e para que serve a Sonda Lambda?<\/strong><\/h4>\n<p>A Sonda Lambda \u00e9 um componente importante em sistemas de controle de emiss\u00f5es de ve\u00edculos a combust\u00e3o interna, como carros a gasolina e diesel. Seu principal objetivo \u00e9 medir a quantidade de oxig\u00eanio nos gases de escape do motor. Essa informa\u00e7\u00e3o \u00e9 crucial para otimizar a mistura ar\/combust\u00edvel, garantindo uma combust\u00e3o mais eficiente e reduzindo as emiss\u00f5es de poluentes.<\/p>\n<p>&nbsp;<\/p>\n<p>A Casa da Inje\u00e7\u00e3o oferece total garantia nos produtos comprados em nosso site.<\/p>\n<ol>\n<li>Cada item \u00e9 rigorosamente testado antes do envio<\/li>\n<li>Se os itens estiverem danificados ou parcialmente defeituosos, entre em contato conosco.<\/li>\n<\/ol>\n<p>Se houver qualquer defeito, n\u00f3s lhe enviaremos uma substitui\u00e7\u00e3o ap\u00f3s receber o pacote ou devolvemos seu dinheiro.<\/p>\n<p>Leia nossa\u00a0<a href=\"https:\/\/www.casadainjecao.com.br\/loja\/politica-de-devolucao\">pol\u00edtica de devolu\u00e7\u00e3o aqui<\/a><\/p>\n<p>\u2014\u2014\u2014\u2014\u2014\u2014\u2014\u2014\u2014\u2014\u2014\u2014\u2014\u2014\u2014\u2014\u2014\u2014\u2014\u2013<\/p>\n<p><strong>Tem alguma d\u00favida?<\/strong><\/p>\n<p>Entre em contato que podemos ajudar!<\/p>\n<p>Confira as informa\u00e7\u00f5es adicionais abaixo:<\/p>\n<ul>\n<li>Todos os nossos produtos s\u00e3o novos, semi-novos, originais e paralelos possuem garantia.<\/li>\n<li>Todos os produtos anunciados est\u00e3o dispon\u00edveis em estoque e s\u00e3o enviados com extrema rapidez.<\/li>\n<li>O frete pode ser simulado antes de efetuar a compra, basta clicar em \u201cver custos de envio\u201d.<\/li>\n<li>Verifique o endere\u00e7o de entrega cadastrado e atualize caso necess\u00e1rio.<\/li>\n<li>Confirme se a pe\u00e7a \u00e9 correta para o seu modelo de ve\u00edculo.<\/li>\n<li>Para pe\u00e7as automotivas, recomendamos a instala\u00e7\u00e3o por um profissional especializado.<\/li>\n<\/ul>\n<p>Caso possua outras d\u00favidas, entre em contato.<\/p>\n<p>&nbsp;<\/p>\n<p>&nbsp;<\/p>\n","protected":false},"excerpt":{"rendered":"<h2>Sonda Lambda Pr\u00e9 Catalisador Peugeot 207 &#8211; 0258006028<\/h2>\n<p>Especifica\u00e7\u00f5es T\u00e9cnicas:<br \/>\n\u2013 Marca: TORKEN<br \/>\n\u2013 Condi\u00e7\u00e3o do item: N O V O<br \/>\n\u2013 Modelo: SONDA LAMBDA<br \/>\n\u2013 Cont\u00e9m\u00a0 1 sonda p\u00f3s catalisador<br \/>\n\u2013 Comprimento total do cabo 41cm<br \/>\n\u2013 4 pinos<br \/>\n\u2013 4 cabos<br \/>\n\u2013 4 fios ( 2 Brancos, 1 Preto, 1 Cinza)<\/p>\n<p>C\u00d3DIGO REFER\u00caNCIA: &#8211; 0258006028, MRMK2952, 751125, 711016<\/p>\n<p>&nbsp;<\/p>\n","protected":false},"featured_media":44053,"template":"","meta":{"_seopress_robots_primary_cat":"none","_seopress_titles_title":"","_seopress_titles_desc":"","_seopress_robots_index":"","_joinchat":[]},"product_cat":[21,270],"product_tag":[1675,782,783,1676,1557,91,715,1640],"berocket_brand":[382,393,394],"_links":{"self":[{"href":"https:\/\/www.casadainjecao.com.br\/loja\/wp-json\/wp\/v2\/product\/21654"}],"collection":[{"href":"https:\/\/www.casadainjecao.com.br\/loja\/wp-json\/wp\/v2\/product"}],"about":[{"href":"https:\/\/www.casadainjecao.com.br\/loja\/wp-json\/wp\/v2\/types\/product"}],"wp:featuredmedia":[{"embeddable":true,"href":"https:\/\/www.casadainjecao.com.br\/loja\/wp-json\/wp\/v2\/media\/44053"}],"wp:attachment":[{"href":"https:\/\/www.casadainjecao.com.br\/loja\/wp-json\/wp\/v2\/media?parent=21654"}],"wp:term":[{"taxonomy":"product_cat","embeddable":true,"href":"https:\/\/www.casadainjecao.com.br\/loja\/wp-json\/wp\/v2\/product_cat?post=21654"},{"taxonomy":"product_tag","embeddable":true,"href":"https:\/\/www.casadainjecao.com.br\/loja\/wp-json\/wp\/v2\/product_tag?post=21654"},{"taxonomy":"berocket_brand","embeddable":true,"href":"https:\/\/www.casadainjecao.com.br\/loja\/wp-json\/wp\/v2\/berocket_brand?post=21654"}],"curies":[{"name":"wp","href":"https:\/\/api.w.org\/{rel}","templated":true}]}}