{"id":21668,"date":"2022-11-11T11:42:22","date_gmt":"2022-11-11T14:42:22","guid":{"rendered":"https:\/\/www.casadainjecao.com.br\/loja\/?post_type=product&#038;p=21668"},"modified":"2026-03-18T17:00:31","modified_gmt":"2026-03-18T20:00:31","slug":"sonda-lambda-vw-gol-g5-golf-polo-fox-saveiro-voyage-025801003","status":"publish","type":"product","link":"https:\/\/www.casadainjecao.com.br\/loja\/autopecas\/injecao-eletronica\/sonda-lambda\/sonda-lambda-vw-gol-g5-golf-polo-fox-saveiro-voyage-025801003\/","title":{"rendered":"Sonda Lambda Vw Gol G5 Golf Polo Fox Saveiro Voyage &#8211; "},"content":{"rendered":"<h2>Sonda Lambda<\/h2>\n<p>VW Fox 1.0\/1.6 Flex &#8211; 2005 em diante<\/p>\n<p>VW Gol G5\/G6 1.0\/1.6 Flex &#8211; 2007 2008 2009 2010 2011 2012 2013 2014 2015 2016 2017<\/p>\n<p>VW Golf 1.6 Flex &#8211; 2008 2009 2010 2011 2012 2013<\/p>\n<p>VW Kombi 1.4 Flex &#8211; 2006 2007 2008 2009 2010 2011 2012 2013<\/p>\n<p>VW Saveiro G5\/G6 1.0\/1.6 Flex &#8211; 2007 2008 2009 2010 2011 2012 2013 2014 2015 2016 2017<\/p>\n<p>VW Spacefox 1.6 Flex &#8211; 2008 em diante<\/p>\n<p>VW Parati G5\/G6 1.0\/1.6 Flex\u00a0 &#8211; 2007 2008 2009 2010 2011 2012 2013 2014 2015 2016 2017<\/p>\n<p>VW Polo 1.6 Flex &#8211; 2008 2009 2010 2011 2012 2013 2014\u00a0 2015<\/p>\n<p>VW Voyage G5\/G6 1.0\/1.6 Flex &#8211; 2007 2008 2009 2010 2011 2012 2013 2014 2015 2016 2017<\/p>\n<h3>C\u00f3digo de Refer\u00eancia:<\/h3>\n<h3>0258010013 0258010014, 6PA358103271, 030.906.262Q, 030906262Q<\/h3>\n<h5 class=\"western\"><strong>Condi\u00e7\u00f5es:<\/strong><\/h5>\n<h5 class=\"western\">Produto Novo Importado \/ Marca Torken<\/h5>\n<h5 class=\"western\"><strong>Garantia:<\/strong><\/h5>\n<h5 class=\"western\">3 Meses<\/h5>\n<h5 class=\"western\"><strong>ATEN\u00c7\u00c3O: Antes de efetuar a compra verifique o c\u00f3digo da sua pe\u00e7a que est\u00e1 instalado no seu ve\u00edculo.<\/strong><\/h5>\n<h5 class=\"western\">A Casa da Inje\u00e7\u00e3o oferece total garantia nos produtos comprados em nosso site.<\/h5>\n<h5 class=\"western\">Cada item \u00e9 rigorosamente testado antes do envio<\/h5>\n<h5 class=\"western\">Se os itens estiverem danificados ou parcialmente defeituosos, entre em contato conosco.<\/h5>\n<h5 class=\"western\">Procure um profissional devidamente licenciado para a instala\u00e7\u00e3o e fa\u00e7a revis\u00f5es periodicamente. A empresa n\u00e3o se responsabiliza por problemas oriundos da m\u00e1 instala\u00e7\u00e3o ou com a falta de cuidados peri\u00f3dicos dos componentes.<\/h5>\n<h5 class=\"western\">Se houver qualquer defeito, n\u00f3s lhe enviaremos uma substitui\u00e7\u00e3o ap\u00f3s receber o pacote ou devolvemos seu dinheiro.<\/h5>\n<h5 class=\"western\">Leia nossa\u00a0<span style=\"color: #0000ff;\"><a href=\"https:\/\/www.casadainjecao.com.br\/loja\/politica-de-devolucao\"><span style=\"color: #243f60;\">pol\u00edtica de devolu\u00e7\u00e3o aqui<\/span><\/a><\/span><\/h5>\n<h5 class=\"western\"><strong>Tem alguma d\u00favida?<\/strong><\/h5>\n<h5 class=\"western\">Entre em contato que podemos ajudar!<\/h5>\n<h5 class=\"western\">Confira as informa\u00e7\u00f5es adicionais abaixo:<\/h5>\n<h5 class=\"western\">Todos os nossos produtos s\u00e3o novos, semi-novos, originais e paralelos possuem garantia.<\/h5>\n<h5 class=\"western\">Todos os produtos anunciados est\u00e3o dispon\u00edveis em estoque e s\u00e3o enviados com extrema rapidez.<\/h5>\n<h5 class=\"western\">O frete pode ser simulado antes de efetuar a compra, basta clicar em \u201cver custos de envio\u201d.<\/h5>\n<h5 class=\"western\">Verifique o endere\u00e7o de entrega cadastrado e atualize caso necess\u00e1rio.<\/h5>\n<h5 class=\"western\">Confirme se a pe\u00e7a \u00e9 correta para o seu modelo de ve\u00edculo.<\/h5>\n<h5 class=\"western\">Para pe\u00e7as automotivas, recomendamos a instala\u00e7\u00e3o por um profissional especializado.<\/h5>\n<h5 class=\"western\">Caso possua outras d\u00favidas, entre em contato.<\/h5>\n","protected":false},"excerpt":{"rendered":"<h2>Sonda Lambda Vw Gol G5 Golf Polo Fox Saveiro Voyage &#8211; 0258010013<\/h2>\n","protected":false},"featured_media":44840,"template":"","meta":{"_seopress_robots_primary_cat":"none","_seopress_titles_title":"","_seopress_titles_desc":"","_seopress_robots_index":"","_joinchat":[]},"product_cat":[21,270],"product_tag":[76,1677,59,698,75,60,1086],"berocket_brand":[396],"_links":{"self":[{"href":"https:\/\/www.casadainjecao.com.br\/loja\/wp-json\/wp\/v2\/product\/21668"}],"collection":[{"href":"https:\/\/www.casadainjecao.com.br\/loja\/wp-json\/wp\/v2\/product"}],"about":[{"href":"https:\/\/www.casadainjecao.com.br\/loja\/wp-json\/wp\/v2\/types\/product"}],"wp:featuredmedia":[{"embeddable":true,"href":"https:\/\/www.casadainjecao.com.br\/loja\/wp-json\/wp\/v2\/media\/44840"}],"wp:attachment":[{"href":"https:\/\/www.casadainjecao.com.br\/loja\/wp-json\/wp\/v2\/media?parent=21668"}],"wp:term":[{"taxonomy":"product_cat","embeddable":true,"href":"https:\/\/www.casadainjecao.com.br\/loja\/wp-json\/wp\/v2\/product_cat?post=21668"},{"taxonomy":"product_tag","embeddable":true,"href":"https:\/\/www.casadainjecao.com.br\/loja\/wp-json\/wp\/v2\/product_tag?post=21668"},{"taxonomy":"berocket_brand","embeddable":true,"href":"https:\/\/www.casadainjecao.com.br\/loja\/wp-json\/wp\/v2\/berocket_brand?post=21668"}],"curies":[{"name":"wp","href":"https:\/\/api.w.org\/{rel}","templated":true}]}}