{"id":21686,"date":"2022-11-11T17:42:19","date_gmt":"2022-11-11T20:42:19","guid":{"rendered":"https:\/\/www.casadainjecao.com.br\/loja\/?post_type=product&#038;p=21686"},"modified":"2025-12-23T21:53:18","modified_gmt":"2025-12-24T00:53:18","slug":"sonda-lambda-bosch-citroen-c3-xsara-0258006027","status":"publish","type":"product","link":"https:\/\/www.casadainjecao.com.br\/loja\/autopecas\/injecao-eletronica\/sonda-lambda\/sonda-lambda-bosch-citroen-c3-xsara-0258006027\/","title":{"rendered":"Sonda Lambda Peugeot 206 307 1.6 16v &#8211; 0258006027"},"content":{"rendered":"<h1 style=\"font-weight: 400;\">Sonda Lambda\/Sensor de Oxig\u00eanio Pr\u00e9 Catalisador<\/h1>\n<h3 style=\"font-weight: 400;\">CITROEN<\/h3>\n<h3 style=\"font-weight: 400;\">BERLINGO 1.6I 16V GASOLINA 2005 a 2007<\/h3>\n<h3 style=\"font-weight: 400;\">C2 1.6 VTS GASOLINA 2004 a 2009<\/h3>\n<h3 style=\"font-weight: 400;\">C3-PLURIEL 1.6 16V GASOLINA 2005<\/h3>\n<h3 style=\"font-weight: 400;\">C3 1.4 8V FLEX 2005 a 2012<\/h3>\n<h3 style=\"font-weight: 400;\">C3 1.6 16V GASOLINA 2003 a 2005<\/h3>\n<h3 style=\"font-weight: 400;\">C3 1.6 16V AUTOMATIC FLEX 2008 a 2012<\/h3>\n<h3 style=\"font-weight: 400;\">C3 1.6 16V FLEX 2005 a 2012<\/h3>\n<h3 style=\"font-weight: 400;\">C5 2.0I 16V BREAK GASOLINA 2001 a 2004<\/h3>\n<h3 style=\"font-weight: 400;\">C5 3.0I GASOLINA 2001 a 2007<\/h3>\n<h3 style=\"font-weight: 400;\">C5 3.0I BREAK GASOLINA 2004 &gt; 2007<\/h3>\n<h3 style=\"font-weight: 400;\">C6 3.0 GASOLINA 2005 a 2009<\/h3>\n<h3 style=\"font-weight: 400;\">XSARA 1.6I 16V BREAK GASOLINA 2000 a 2003<\/h3>\n<h3 style=\"font-weight: 400;\">XSARA 1.6I 16V COUPE GASOLINA 2001 a 2002<\/h3>\n<h3 style=\"font-weight: 400;\">XSARA 2.0I 16V COUPE GASOLINA 2000 a 2005<\/h3>\n<h3 style=\"font-weight: 400;\">XSARA PICASSO 1.6I 16V GASOLINA 2005 a 2006<\/h3>\n<h3 style=\"font-weight: 400;\">XSARA PICASSO 1.6I 16V FLEX 2006 a 2012<\/h3>\n<h3 style=\"font-weight: 400;\">XSARA PICASSO 2.0I 16V GASOLINA 2000 a 2012<\/h3>\n<h3 style=\"font-weight: 400;\">PEUGEOT<\/h3>\n<h3 style=\"font-weight: 400;\">206 1.4I GASOLINA 2004 a 2005<\/h3>\n<h3 style=\"font-weight: 400;\">206 1.6I GASOLINA 1999 a 2003<\/h3>\n<h3 style=\"font-weight: 400;\">206 1.6I 16V GASOLINA 2001 a 2005<\/h3>\n<h3 style=\"font-weight: 400;\">206 1.6I 16V AUTOMATIC FLEX 2007 a 2008<\/h3>\n<h3 style=\"font-weight: 400;\">206 1.6I 16V FLEX 2005 a 2008<\/h3>\n<h3 style=\"font-weight: 400;\">206 CC 1.6I 16V GASOLINA 2000 a 2007<\/h3>\n<h3 style=\"font-weight: 400;\">206 SW 1.6I 16V GASOLINA 2004 a 2005<\/h3>\n<h3 style=\"font-weight: 400;\">206 SW 1.6I 16V FLEX 2005 a 2008<\/h3>\n<h3 style=\"font-weight: 400;\">306 1.8I 16V GASOLINA 1997 a 2003<\/h3>\n<h3 style=\"font-weight: 400;\">306 1.8I 16V BREAK GASOLINA 1998 a 2001<\/h3>\n<h3 style=\"font-weight: 400;\">306 1.8I 16V CABRIOLET GASOLINA 1997 a 2003<\/h3>\n<h3 style=\"font-weight: 400;\">307 1.6I GASOLINA 2001 a 2004<\/h3>\n<h3 style=\"font-weight: 400;\">307 1.6I 16V GASOLINA 2004 a 2006<\/h3>\n<h3 style=\"font-weight: 400;\">406 2.0I 16V GASOLINA 1999 a 2004<\/h3>\n<h3 style=\"font-weight: 400;\">406 3.0 I GASOLINA 1999 a 2004<\/h3>\n<h3 style=\"font-weight: 400;\">406 3.0I BREAK GASOLINA 1999 a 2004<\/h3>\n<h3 style=\"font-weight: 400;\">406 3.0I COUPE GASOLINA 1999 a 2005<\/h3>\n<h3 style=\"font-weight: 400;\">407 3.0 GASOLINA 2004 a 2006<\/h3>\n<h3 style=\"font-weight: 400;\">407 3.0 SW GASOLINA 2004 a 2006<\/h3>\n<h3 style=\"font-weight: 400;\">607 3.0I GASOLINA 2000 a 2004<\/h3>\n<h3 style=\"font-weight: 400;\">607 3.0I GASOLINA 2000 a 2004<\/h3>\n<h3 style=\"font-weight: 400;\">RENAULT<\/h3>\n<h3 style=\"font-weight: 400;\">LAGUNA 3.0 V6 24V GASOLINA 2001 &gt; 2007 LAGUNA 3.0 V6 24V GASOLINA 2001 a 2007<\/h3>\n<h3 style=\"font-weight: 400;\">C\u00f3digo de Refer\u00eancia:<\/h3>\n<h3 style=\"font-weight: 400;\">0258986615 \/ 0258006027 \/ 1628HN \/ ES1079712B1 \/ DOX0150 \/ DPL608428 \/ 963597858 \/ 6PA009165691 \/ 9635978580 \/ 882640057 \/ OZA659EE4 \/ 9635978580 \/ PSA9635978580 \/ 9635978580 \/ A2C59513173Z<\/h3>\n<h5 style=\"font-weight: 400;\">Condi\u00e7\u00f5es:<\/p>\n<p>Novo Paralelo \/ Marca Torken<\/p>\n<p>Especifica\u00e7\u00f5es:<\/p>\n<p>Comprimento do cabo 58cm \u00a04 pinos 4 fios (2 brancos 1 preto 1 cinza)<\/p>\n<p>Garantia:<\/p>\n<p>3 Meses<\/p>\n<p>O que \u00e9 e para que serve a Sonda Lambda?<\/p>\n<p>A Sonda Lambda \u00e9 um componente importante em sistemas de controle de emiss\u00f5es de ve\u00edculos a combust\u00e3o interna, como carros a gasolina e diesel. Seu principal objetivo \u00e9 medir a quantidade de oxig\u00eanio nos gases de escape do motor. Essa informa\u00e7\u00e3o \u00e9 crucial para otimizar a mistura ar\/combust\u00edvel, garantindo uma combust\u00e3o mais eficiente e reduzindo as emiss\u00f5es de poluentes.<\/h5>\n<h5>A Casa da Inje\u00e7\u00e3o oferece total garantia nos produtos comprados em nosso site.<\/h5>\n<ol>\n<li>\n<h5>Cada item \u00e9 rigorosamente testado antes do envio<\/h5>\n<\/li>\n<li>\n<h5>Se os itens estiverem danificados ou parcialmente defeituosos, entre em contato conosco.<\/h5>\n<\/li>\n<\/ol>\n<h5>Se houver qualquer defeito, n\u00f3s lhe enviaremos uma substitui\u00e7\u00e3o ap\u00f3s receber o pacote ou devolvemos seu dinheiro.<\/h5>\n<h5>Leia nossa\u00a0<span style=\"color: #ff0000;\"><a style=\"color: #ff0000;\" href=\"https:\/\/www.casadainjecao.com.br\/loja\/politica-de-devolucao\">pol\u00edtica de devolu\u00e7\u00e3o aqui<\/a><\/span><\/h5>\n<h5>\u2014\u2014\u2014\u2014\u2014\u2014\u2014\u2014\u2014\u2014\u2014\u2014\u2014\u2014\u2014\u2014\u2014\u2014\u2014\u2013<\/h5>\n<h5><strong>Tem alguma d\u00favida?<\/strong><\/h5>\n<h5>Entre em contato que podemos ajudar!<\/h5>\n<h5>Confira as informa\u00e7\u00f5es adicionais abaixo:<\/h5>\n<ul>\n<li>\n<h5>Todos os nossos produtos s\u00e3o novos, semi-novos, originais e paralelos possuem garantia.<\/h5>\n<\/li>\n<li>\n<h5>Todos os produtos anunciados est\u00e3o dispon\u00edveis em estoque e s\u00e3o enviados com extrema rapidez.<\/h5>\n<\/li>\n<li>\n<h5>O frete pode ser simulado antes de efetuar a compra, basta clicar em \u201cver custos de envio\u201d.<\/h5>\n<\/li>\n<li>\n<h5>Verifique o endere\u00e7o de entrega cadastrado e atualize caso necess\u00e1rio.<\/h5>\n<\/li>\n<li>\n<h5>Confirme se a pe\u00e7a \u00e9 correta para o seu modelo de ve\u00edculo.<\/h5>\n<\/li>\n<li>\n<h5>Para pe\u00e7as automotivas, recomendamos a instala\u00e7\u00e3o por um profissional especializado.<\/h5>\n<\/li>\n<\/ul>\n<h5>Caso possua outras d\u00favidas, entre em contato.<\/h5>\n","protected":false},"excerpt":{"rendered":"<h2>Sonda Lambda Peugeot 206 307 1.6 16v &#8211; 0258006027<\/h2>\n","protected":false},"featured_media":32153,"template":"","meta":{"_seopress_robots_primary_cat":"none","_seopress_titles_title":"","_seopress_titles_desc":"","_seopress_robots_index":"","_joinchat":[]},"product_cat":[21,270],"product_tag":[1166,1678,782,1679,1680,132,1681,245,1377,131,1640],"berocket_brand":[382,393],"_links":{"self":[{"href":"https:\/\/www.casadainjecao.com.br\/loja\/wp-json\/wp\/v2\/product\/21686"}],"collection":[{"href":"https:\/\/www.casadainjecao.com.br\/loja\/wp-json\/wp\/v2\/product"}],"about":[{"href":"https:\/\/www.casadainjecao.com.br\/loja\/wp-json\/wp\/v2\/types\/product"}],"wp:featuredmedia":[{"embeddable":true,"href":"https:\/\/www.casadainjecao.com.br\/loja\/wp-json\/wp\/v2\/media\/32153"}],"wp:attachment":[{"href":"https:\/\/www.casadainjecao.com.br\/loja\/wp-json\/wp\/v2\/media?parent=21686"}],"wp:term":[{"taxonomy":"product_cat","embeddable":true,"href":"https:\/\/www.casadainjecao.com.br\/loja\/wp-json\/wp\/v2\/product_cat?post=21686"},{"taxonomy":"product_tag","embeddable":true,"href":"https:\/\/www.casadainjecao.com.br\/loja\/wp-json\/wp\/v2\/product_tag?post=21686"},{"taxonomy":"berocket_brand","embeddable":true,"href":"https:\/\/www.casadainjecao.com.br\/loja\/wp-json\/wp\/v2\/berocket_brand?post=21686"}],"curies":[{"name":"wp","href":"https:\/\/api.w.org\/{rel}","templated":true}]}}