{"id":21692,"date":"2022-11-11T18:00:31","date_gmt":"2022-11-11T21:00:31","guid":{"rendered":"https:\/\/www.casadainjecao.com.br\/loja\/?post_type=product&#038;p=21692"},"modified":"2026-01-22T12:09:52","modified_gmt":"2026-01-22T15:09:52","slug":"sonda-lambda-vw-saveiro-fox-g5-030906262r","status":"publish","type":"product","link":"https:\/\/www.casadainjecao.com.br\/loja\/autopecas\/injecao-eletronica\/sonda-lambda\/sonda-lambda-vw-saveiro-fox-g5-030906262r\/","title":{"rendered":"Sonda Lambda Vw Saveiro Fox Pr\u00e9 Catalizador &#8211; 0258010"},"content":{"rendered":"<h2>SENSOR DE OXIG\u00caNIO \/ SONDA LAMBDA<\/h2>\n<h2>Pr\u00e9 Catalizador<\/h2>\n<h2>APLICA\u00c7\u00c3O:<\/h2>\n<h2>Volkswagen<\/h2>\n<ul>\n<li>Golf 1.8T e 2.0 8V &#8211; 1999, 2000, 2001, 2002, 2003, 2004, 2005, 2006, 2007, 2008, 2009, 2010, 2011, 2012, 2013<\/li>\n<li>Bora 2.0 &#8211; 2000, 2001, 2002, 2003, 2004, 2005, 2006, 2007, 2008, 2009, 2010, 2011<\/li>\n<li>Audi A3 1.6 \/ 1.8 Aspirada e 1.8T &#8211; 1996, 1997, 1998, 1999, 2000, 2001, 2002, 2003, 2004<\/li>\n<li>New Beetle &#8211; 1999, 2000, 2001, 2002, 2003, 2004, 2005, 2006, 2007, 2008, 2009, 2010, 2011, 2012<\/li>\n<li>Fox \/ Crossfox e Spacefox 1.6 Flex &#8211; 2005, 2006, 2007, 2008, 2009, 2010, 2011, 2012, 2013<\/li>\n<li>Fox 1.0 Flex &#8211; 2005, 2006, 2007, 2008, 2009, 2010, 2011, 2012, 2013<\/li>\n<li>Gol G4 IV 1.0 e 1.6 Flex &#8211; 2007, 2008, 2009, 2010, 2011, 2012<\/li>\n<li>Golf IV 1.6 Flex &#8211; 2005, 2006, 2007, 2008, 2009, 2010, 2011, 2012, 2013<\/li>\n<li>Kombi 1.4 Flex &#8211; 2006, 2007, 2008, 2009, 2010, 2011, 2012, 2013<\/li>\n<li>Polo 1.6 e 2.0 &#8211; 2002, 2003, 2004, 2005, 2006, 2007, 2008, 2009, 2010, 2011, 2012, 2013<\/li>\n<li>SAVEIRO G5 1.6 2009, 2010, 2011, 2012, 2013,\u00a0 2014<\/li>\n<li>SAVEIRO G6 1.6 2014, 2015, 2016<\/li>\n<li>GOL G5 1.0 2008 , 2009, 2010, 2011, 2012<\/li>\n<li>GOL G5 1.6 2008 , 2009, 2010, 2011, 2012<\/li>\n<li>GOL G5 1.6 2010, 2011, 2012<\/li>\n<\/ul>\n<p>CARACTER\u00cdSTICAS<\/p>\n<p>Marca: Bosch<br \/>\nPr\u00e9 Catalisador<br \/>\n4 fios &#8211; 2 brancos, 1 preto e 1 cinza<br \/>\nComprimento 80cm<\/p>\n<p>Refer\u00eancia: 030906262R, 0258010011\/012, 0258010011, 0258010012<\/p>\n<h3>VERIFIQUE O C\u00d3DIGO DA PE\u00c7A INSTALADA NO SEU CARRO ANTES DE EFETUAR A COMPRA.<br \/>\nPRODUTO NOVO, EXCELENTE QUALIDADE.<\/h3>\n<p>&nbsp;<\/p>\n<p>A Casa da Inje\u00e7\u00e3o oferece total garantia nos produtos comprados em nosso site.<\/p>\n<ol>\n<li>Cada item \u00e9 rigorosamente testado antes do envio<\/li>\n<li>Se os itens estiverem danificados ou parcialmente defeituosos, entre em contato conosco.<\/li>\n<\/ol>\n<p>Se houver qualquer defeito, n\u00f3s lhe enviaremos uma substitui\u00e7\u00e3o ap\u00f3s receber o pacote ou devolvemos seu dinheiro.<\/p>\n<p>Leia nossa\u00a0<a href=\"https:\/\/www.casadainjecao.com.br\/loja\/politica-de-devolucao\">pol\u00edtica de devolu\u00e7\u00e3o aqui<\/a><\/p>\n<p>\u2014\u2014\u2014\u2014\u2014\u2014\u2014\u2014\u2014\u2014\u2014\u2014\u2014\u2014\u2014\u2014\u2014\u2014\u2014\u2013<\/p>\n<p><strong>Tem alguma d\u00favida?<\/strong><\/p>\n<p>Entre em contato que podemos ajudar!<\/p>\n<p>Confira as informa\u00e7\u00f5es adicionais abaixo:<\/p>\n<ul>\n<li>Todos os nossos produtos s\u00e3o novos, semi-novos, originais e paralelos possuem garantia.<\/li>\n<li>Todos os produtos anunciados est\u00e3o dispon\u00edveis em estoque e s\u00e3o enviados com extrema rapidez.<\/li>\n<li>O frete pode ser simulado antes de efetuar a compra, basta clicar em \u201cver custos de envio\u201d.<\/li>\n<li>Verifique o endere\u00e7o de entrega cadastrado e atualize caso necess\u00e1rio.<\/li>\n<li>Confirme se a pe\u00e7a \u00e9 correta para o seu modelo de ve\u00edculo.<\/li>\n<li>Para pe\u00e7as automotivas, recomendamos a instala\u00e7\u00e3o por um profissional especializado.<\/li>\n<\/ul>\n<p>Caso possua outras d\u00favidas, entre em contato.<\/p>\n","protected":false},"excerpt":{"rendered":"<h2>Sonda Lambda Vw Saveiro Fox\u00a0 Pr\u00e9 Catalizador &#8211; 0258010011<\/h2>\n","protected":false},"featured_media":27994,"template":"","meta":{"_seopress_robots_primary_cat":"none","_seopress_titles_title":"","_seopress_titles_desc":"","_seopress_robots_index":"","_joinchat":[]},"product_cat":[21,270],"product_tag":[76,1677,60,1086],"berocket_brand":[396],"_links":{"self":[{"href":"https:\/\/www.casadainjecao.com.br\/loja\/wp-json\/wp\/v2\/product\/21692"}],"collection":[{"href":"https:\/\/www.casadainjecao.com.br\/loja\/wp-json\/wp\/v2\/product"}],"about":[{"href":"https:\/\/www.casadainjecao.com.br\/loja\/wp-json\/wp\/v2\/types\/product"}],"wp:featuredmedia":[{"embeddable":true,"href":"https:\/\/www.casadainjecao.com.br\/loja\/wp-json\/wp\/v2\/media\/27994"}],"wp:attachment":[{"href":"https:\/\/www.casadainjecao.com.br\/loja\/wp-json\/wp\/v2\/media?parent=21692"}],"wp:term":[{"taxonomy":"product_cat","embeddable":true,"href":"https:\/\/www.casadainjecao.com.br\/loja\/wp-json\/wp\/v2\/product_cat?post=21692"},{"taxonomy":"product_tag","embeddable":true,"href":"https:\/\/www.casadainjecao.com.br\/loja\/wp-json\/wp\/v2\/product_tag?post=21692"},{"taxonomy":"berocket_brand","embeddable":true,"href":"https:\/\/www.casadainjecao.com.br\/loja\/wp-json\/wp\/v2\/berocket_brand?post=21692"}],"curies":[{"name":"wp","href":"https:\/\/api.w.org\/{rel}","templated":true}]}}