{"id":21697,"date":"2022-11-11T18:23:57","date_gmt":"2022-11-11T21:23:57","guid":{"rendered":"https:\/\/www.casadainjecao.com.br\/loja\/?post_type=product&#038;p=21697"},"modified":"2026-03-06T17:01:02","modified_gmt":"2026-03-06T20:01:02","slug":"sonda-lambda-bmw-320i-120i-118i-x1-2-0-16v-pos-cataliza-0258017187","status":"publish","type":"product","link":"https:\/\/www.casadainjecao.com.br\/loja\/autopecas\/injecao-eletronica\/sonda-lambda\/sonda-lambda-bmw-320i-120i-118i-x1-2-0-16v-pos-cataliza-0258017187\/","title":{"rendered":"Sonda Lambda Bmw 320i 120i 118i X1 P\u00f3s Cataliza &#8211; 025"},"content":{"rendered":"<h2>Sonda Lambda P\u00f3s Catalizador<\/h2>\n<p>&nbsp;<\/p>\n<p>BMW<\/p>\n<p>550 i Gasolina &#8211; 03.2010 2011 2012 06.2013<\/p>\n<p>M 5 Gasolina &#8211; 09.2011 2012 2013 08.2014<\/p>\n<p>650 i Cabrio Gasolina &#8211; 03.2011 A 06.2012<br \/>\n650 i Cabrio xDrive Gasolina &#8211; 09.2011 A 06.2012<br \/>\n650 i Coupe Gasolina &#8211; 09.2011 A 06.2012<br \/>\n650 i Coupe xDrive Gasolina &#8211; 09.2011 A 06.2012<\/p>\n<p>M 6 Coupe Gasolina &#8211; 09.2012&#8230;<\/p>\n<p>750 i Gasolina &#8211; 11.2008 2009 2010 2011 06.2012<\/p>\n<p>ActiveHybrid 7 H\u00edbrido &#8211; 04.2010 2011 06.2012<\/p>\n<p>X5 M Gasolina &#8211; 09.2009 2010 2011 2012 06.2013<br \/>\nX5 xDrive 50 i Gasolina &#8211; 04.2010&#8230;<\/p>\n<p>X6 M Gasolina &#8211; 09.2009 2010 2011 2012 2013 06.2014<br \/>\nX6 xDrive 50 i Gasolina &#8211; 05.2008 2009 2010 2011 2012 2013 06.2014<\/p>\n<p>MINI (BMW)<\/p>\n<p>Cooper S Gasolina &#8211; 03.2010 2011 2012 11.2013<br \/>\nCooper S Cabrio Gasolina &#8211; 03.2010&#8230;.<br \/>\nCooper S Clubman Gasolina &#8211; 03.2010 2011 2012 2013 06.2014<br \/>\nCooper S Countryman Gasolina &#8211; 09.2010&#8230;<br \/>\nCooper S Countryman ALL4 Gasolina &#8211; 09.2010 2011 2012 2013 06.2014<br \/>\nCooper S Coupe Gasolina &#8211; 09.2011&#8230;<br \/>\nCooper S Roadster Gasolina &#8211; 02.2012&#8230;<\/p>\n<p>John Cooper Works Gasolina &#8211; 07.2012 A 11.2013<\/p>\n<h4>C\u00f3digo de Refer\u00eancia:<\/h4>\n<p>0258017187, 0258027005<\/p>\n<h4>Especifica\u00e7\u00f5es:<\/h4>\n<p>P\u00f3s Catalisador<\/p>\n<p>Comprimento total do cabo:\u00a0 23cm<\/p>\n<p>5 Pinos, 1 Vermelho, 1 Branco, 1 Cinza, 1 Preto, 1 Amarelo<\/p>\n<h4>Condi\u00e7\u00f5es:<\/h4>\n<p>Novo Importado , Marca Torken<\/p>\n<h4>Garantia:<\/h4>\n<p>3 Meses<\/p>\n<h3>ATEN\u00c7\u00c3O: Antes de efetuar a compra verifique o c\u00f3digo da pe\u00e7a que est\u00e1 instalada no seu ve\u00edculo.<\/h3>\n<h4>O que \u00e9 e para que serve a Sonda Lambda?<\/h4>\n<p>A Sonda lambda \u00e9 um componente essencial em ve\u00edculos equipados com motores a combust\u00e3o interna, especialmente em sistemas de inje\u00e7\u00e3o eletr\u00f4nica de combust\u00edvel. Sua principal fun\u00e7\u00e3o \u00e9 monitorar a quantidade de oxig\u00eanio nos gases de escape do motor.<\/p>\n<p>&nbsp;<\/p>\n<p>A Casa da Inje\u00e7\u00e3o oferece total garantia nos produtos comprados em nosso site.<\/p>\n<ol>\n<li>Cada item \u00e9 rigorosamente testado antes do envio<\/li>\n<li>Se os itens estiverem danificados ou parcialmente defeituosos, entre em contato conosco.<\/li>\n<\/ol>\n<p>Se houver qualquer defeito, n\u00f3s lhe enviaremos uma substitui\u00e7\u00e3o ap\u00f3s receber o pacote ou devolvemos seu dinheiro.<\/p>\n<p>Leia nossa\u00a0<a href=\"https:\/\/www.casadainjecao.com.br\/loja\/politica-de-devolucao\">pol\u00edtica de devolu\u00e7\u00e3o aqui<\/a><\/p>\n<p>\u2014\u2014\u2014\u2014\u2014\u2014\u2014\u2014\u2014\u2014\u2014\u2014\u2014\u2014\u2014\u2014\u2014\u2014\u2014\u2013<\/p>\n<p><strong>Tem alguma d\u00favida?<\/strong><\/p>\n<p>Entre em contato que podemos ajudar!<\/p>\n<p>Confira as informa\u00e7\u00f5es adicionais abaixo:<\/p>\n<ul>\n<li>Todos os nossos produtos s\u00e3o novos, semi-novos, originais e paralelos possuem garantia.<\/li>\n<li>Todos os produtos anunciados est\u00e3o dispon\u00edveis em estoque e s\u00e3o enviados com extrema rapidez.<\/li>\n<li>O frete pode ser simulado antes de efetuar a compra, basta clicar em \u201cver custos de envio\u201d.<\/li>\n<li>Verifique o endere\u00e7o de entrega cadastrado e atualize caso necess\u00e1rio.<\/li>\n<li>Confirme se a pe\u00e7a \u00e9 correta para o seu modelo de ve\u00edculo.<\/li>\n<li>Para pe\u00e7as automotivas, recomendamos a instala\u00e7\u00e3o por um profissional especializado.<\/li>\n<\/ul>\n<p>Caso possua outras d\u00favidas, entre em contato<\/p>\n","protected":false},"excerpt":{"rendered":"<h2>Sonda Lambda Bmw 320i 120i 118i X1 P\u00f3s Cataliza &#8211; 0258017187<\/h2>\n","protected":false},"featured_media":30231,"template":"","meta":{"_seopress_robots_primary_cat":"none","_seopress_titles_title":"","_seopress_titles_desc":"","_seopress_robots_index":"","_joinchat":[]},"product_cat":[21,270],"product_tag":[1684,1683,1682,1685],"berocket_brand":[379],"_links":{"self":[{"href":"https:\/\/www.casadainjecao.com.br\/loja\/wp-json\/wp\/v2\/product\/21697"}],"collection":[{"href":"https:\/\/www.casadainjecao.com.br\/loja\/wp-json\/wp\/v2\/product"}],"about":[{"href":"https:\/\/www.casadainjecao.com.br\/loja\/wp-json\/wp\/v2\/types\/product"}],"wp:featuredmedia":[{"embeddable":true,"href":"https:\/\/www.casadainjecao.com.br\/loja\/wp-json\/wp\/v2\/media\/30231"}],"wp:attachment":[{"href":"https:\/\/www.casadainjecao.com.br\/loja\/wp-json\/wp\/v2\/media?parent=21697"}],"wp:term":[{"taxonomy":"product_cat","embeddable":true,"href":"https:\/\/www.casadainjecao.com.br\/loja\/wp-json\/wp\/v2\/product_cat?post=21697"},{"taxonomy":"product_tag","embeddable":true,"href":"https:\/\/www.casadainjecao.com.br\/loja\/wp-json\/wp\/v2\/product_tag?post=21697"},{"taxonomy":"berocket_brand","embeddable":true,"href":"https:\/\/www.casadainjecao.com.br\/loja\/wp-json\/wp\/v2\/berocket_brand?post=21697"}],"curies":[{"name":"wp","href":"https:\/\/api.w.org\/{rel}","templated":true}]}}