{"id":21740,"date":"2022-11-11T21:27:11","date_gmt":"2022-11-12T00:27:11","guid":{"rendered":"https:\/\/www.casadainjecao.com.br\/loja\/?post_type=product&#038;p=21740"},"modified":"2026-03-04T16:00:11","modified_gmt":"2026-03-04T19:00:11","slug":"sonda-lambda-toyota-corolla-1-6-1-8-16v-89465-02360","status":"publish","type":"product","link":"https:\/\/www.casadainjecao.com.br\/loja\/autopecas\/injecao-eletronica\/sonda-lambda\/sonda-lambda-toyota-corolla-1-6-1-8-16v-89465-02360\/","title":{"rendered":"Sonda Lambda Toyota Corolla 1.6 1.8 16v &#8211; 89465-02360"},"content":{"rendered":"<h2><strong>Sonda Lambda \/ Sensor de Oxig\u00eanio Toyota<\/strong><\/h2>\n<h4><strong>Aplica\u00e7\u00e3o<\/strong>:<\/h4>\n<ul>\n<li><strong>Toyota Corolla 1.6 \/ 1.8 16V FLEX<\/strong> &#8211; 2003 2004 2005 2006 2007 2008<\/li>\n<li><strong>Toyota Corolla 1.8 16V FLEX \/ 2.0 16V FLEX<\/strong> &#8211; 2009 2010 2011 2012 2013 2014<\/li>\n<li><strong>Toyota Fielder 1.6 \/ 1.8 16V FLEX<\/strong>\u00a0 &#8211; 2003 2004 2005 2006 2007 2008<\/li>\n<\/ul>\n<h4><strong>C\u00f3digos de Refer\u00eancia<\/strong>:<\/h4>\n<ul>\n<li>89465-02360<\/li>\n<li>8946502360<\/li>\n<li>SLO2360<\/li>\n<\/ul>\n<h4><strong>Especifica\u00e7\u00f5es T\u00e9cnicas<\/strong>:<\/h4>\n<ul>\n<li><strong>Modelo<\/strong>: Sonda Lambda Pr\u00e9-Catalisador<\/li>\n<li><strong>OEM<\/strong>: 89465-02360, 8946502360,\u00a0SLO2360<\/li>\n<li><strong>Conector<\/strong>: 4 Cabos (2 pretos \/ 1 branco \/ 1 azul)<\/li>\n<li><strong>Comprimento Total<\/strong>: 17 cm<\/li>\n<\/ul>\n<h4><strong>Garantia<\/strong>:<\/h4>\n<ul>\n<li>3 Meses<\/li>\n<\/ul>\n<hr \/>\n<h3><strong>Aten\u00e7\u00e3o<\/strong>:<\/h3>\n<h3>Antes de realizar a compra, verifique o c\u00f3digo da pe\u00e7a instalada no seu ve\u00edculo para garantir a compatibilidade.<\/h3>\n<hr \/>\n<h3><strong>Garantia e Pol\u00edtica de Devolu\u00e7\u00e3o<\/strong>:<\/h3>\n<p>A Casa da Inje\u00e7\u00e3o oferece garantia total nos produtos comprados. Cada item \u00e9 rigorosamente testado antes do envio. Em caso de defeito, oferecemos substitui\u00e7\u00e3o ou reembolso.<\/p>\n<ul>\n<li>Consulte a <strong>Pol\u00edtica de Devolu\u00e7\u00e3o<\/strong> [aqui].<\/li>\n<li>\n<h5><strong>Leia nossa <\/strong><a href=\"https:\/\/www.casadainjecao.com.br\/loja\/politica-de-devolucao\">pol\u00edtica de devolu\u00e7\u00e3o aqui<\/a><\/h5>\n<\/li>\n<\/ul>\n<hr \/>\n<h3><strong>Informa\u00e7\u00f5es Adicionais<\/strong>:<\/h3>\n<ul>\n<li>Todos os produtos s\u00e3o novos, semi-novos, originais ou paralelos, e possuem garantia.<\/li>\n<li>Produtos em estoque s\u00e3o enviados rapidamente.<\/li>\n<li>Simule o frete antes da compra.<\/li>\n<li>Verifique e atualize o endere\u00e7o de entrega.<\/li>\n<li>Confirme a compatibilidade da pe\u00e7a com o seu ve\u00edculo.<\/li>\n<li>Recomendamos a <strong>instala\u00e7\u00e3o por um profissional especializado<\/strong>.<\/li>\n<\/ul>\n<hr \/>\n<h3><strong>D\u00favidas?<\/strong><\/h3>\n<p>Entre em contato conosco para mais informa\u00e7\u00f5es!<\/p>\n","protected":false},"excerpt":{"rendered":"<h2>Sonda Lambda Pr\u00e9-Catalisador<\/h2>\n<h2>Toyota Corolla 1.6 1.8 16v &#8211; 89465-02360<\/h2>\n<h2><\/h2>\n<h2><\/h2>\n","protected":false},"featured_media":36012,"template":"","meta":{"_seopress_robots_primary_cat":"none","_seopress_titles_title":"","_seopress_titles_desc":"","_seopress_robots_index":"","_joinchat":[]},"product_cat":[21,270],"product_tag":[850],"berocket_brand":[395],"_links":{"self":[{"href":"https:\/\/www.casadainjecao.com.br\/loja\/wp-json\/wp\/v2\/product\/21740"}],"collection":[{"href":"https:\/\/www.casadainjecao.com.br\/loja\/wp-json\/wp\/v2\/product"}],"about":[{"href":"https:\/\/www.casadainjecao.com.br\/loja\/wp-json\/wp\/v2\/types\/product"}],"wp:featuredmedia":[{"embeddable":true,"href":"https:\/\/www.casadainjecao.com.br\/loja\/wp-json\/wp\/v2\/media\/36012"}],"wp:attachment":[{"href":"https:\/\/www.casadainjecao.com.br\/loja\/wp-json\/wp\/v2\/media?parent=21740"}],"wp:term":[{"taxonomy":"product_cat","embeddable":true,"href":"https:\/\/www.casadainjecao.com.br\/loja\/wp-json\/wp\/v2\/product_cat?post=21740"},{"taxonomy":"product_tag","embeddable":true,"href":"https:\/\/www.casadainjecao.com.br\/loja\/wp-json\/wp\/v2\/product_tag?post=21740"},{"taxonomy":"berocket_brand","embeddable":true,"href":"https:\/\/www.casadainjecao.com.br\/loja\/wp-json\/wp\/v2\/berocket_brand?post=21740"}],"curies":[{"name":"wp","href":"https:\/\/api.w.org\/{rel}","templated":true}]}}