{"id":21760,"date":"2022-11-12T08:39:20","date_gmt":"2022-11-12T11:39:20","guid":{"rendered":"https:\/\/www.casadainjecao.com.br\/loja\/?post_type=product&#038;p=21760"},"modified":"2023-05-29T16:16:21","modified_gmt":"2023-05-29T19:16:21","slug":"chicote-do-sensor-de-rotacao-original-renault-kangoo-8200673202","status":"publish","type":"product","link":"https:\/\/www.casadainjecao.com.br\/loja\/autopecas\/injecao-eletronica\/sensor-de-rotacao\/chicote-do-sensor-de-rotacao-original-renault-kangoo-8200673202\/","title":{"rendered":"Chicote Do Sensor De Rota\u00e7\u00e3o Renault Kangoo &#8211; 820067"},"content":{"rendered":"<h1>Chicote Do Sensor De Rota\u00e7\u00e3o Renault Kangoo &#8211; 8200673202<\/h1>\n","protected":false},"excerpt":{"rendered":"<h2>Chicote Do Sensor De Rota\u00e7\u00e3o Original<\/h2>\n<h2>Renault Kangoo 1.0 1.6 8v 16v 2005 a 2008<\/h2>\n<h2>Megane 1.6 2.0 16v\u00a0 1998 a 2003<\/h2>\n<h2>Clio 1.0 1.6 8v 16v 2003 a 2008<\/h2>\n<h2>Laguna 1.6 1.8 2.0 16v 1999 a 2003<\/h2>\n<h2>Symbol\u00a0 1.6\u00a0 16v 8v\u00a0 2009 a 2013<\/h2>\n<h2>Scenic 1.6 2.0 8v 16v\u00a0 2001 a 2009<\/h2>\n<h2>C\u00f3digo: &#8211; 8200673202\u00a0 c=127<\/h2>\n","protected":false},"featured_media":21765,"template":"","meta":{"_seopress_robots_primary_cat":"none","_seopress_titles_title":"","_seopress_titles_desc":"","_seopress_robots_index":"","_joinchat":[]},"product_cat":[21,1322],"product_tag":[49,57,128,50,89],"berocket_brand":[394],"_links":{"self":[{"href":"https:\/\/www.casadainjecao.com.br\/loja\/wp-json\/wp\/v2\/product\/21760"}],"collection":[{"href":"https:\/\/www.casadainjecao.com.br\/loja\/wp-json\/wp\/v2\/product"}],"about":[{"href":"https:\/\/www.casadainjecao.com.br\/loja\/wp-json\/wp\/v2\/types\/product"}],"wp:featuredmedia":[{"embeddable":true,"href":"https:\/\/www.casadainjecao.com.br\/loja\/wp-json\/wp\/v2\/media\/21765"}],"wp:attachment":[{"href":"https:\/\/www.casadainjecao.com.br\/loja\/wp-json\/wp\/v2\/media?parent=21760"}],"wp:term":[{"taxonomy":"product_cat","embeddable":true,"href":"https:\/\/www.casadainjecao.com.br\/loja\/wp-json\/wp\/v2\/product_cat?post=21760"},{"taxonomy":"product_tag","embeddable":true,"href":"https:\/\/www.casadainjecao.com.br\/loja\/wp-json\/wp\/v2\/product_tag?post=21760"},{"taxonomy":"berocket_brand","embeddable":true,"href":"https:\/\/www.casadainjecao.com.br\/loja\/wp-json\/wp\/v2\/berocket_brand?post=21760"}],"curies":[{"name":"wp","href":"https:\/\/api.w.org\/{rel}","templated":true}]}}