{"id":21771,"date":"2022-11-15T09:28:18","date_gmt":"2022-11-15T12:28:18","guid":{"rendered":"https:\/\/www.casadainjecao.com.br\/loja\/?post_type=product&#038;p=21771"},"modified":"2026-04-10T12:11:02","modified_gmt":"2026-04-10T15:11:02","slug":"bico-injetor-gasolina-peugeot-206-1-4-8v-01f002a","status":"publish","type":"product","link":"https:\/\/www.casadainjecao.com.br\/loja\/autopecas\/injecao-eletronica\/bico-injetor\/bico-injetor-gasolina-peugeot-206-1-4-8v-01f002a\/","title":{"rendered":"Bico Injetor Peugeot 206 1.4 8v &#8211; 01f002a"},"content":{"rendered":"<h1 class=\"ui-pdp-title\">Bico Injetor<\/h1>\n<h1>Citroen<br \/>\nBerlingo 1.4 1998 A 2008<br \/>\nC3 1.4 8V 2004&#8230;<br \/>\nXsara 1.4 1998 A 2005<\/h1>\n<h1>Peugeot<br \/>\n206 1.4 8V &#8211; 2004&#8230;<br \/>\n206 SW 1.4 &#8211; 2002 A 2006<br \/>\n306 1.4 &#8211; 1998 A 2002<br \/>\n307 1.4 &#8211; 2002 A 2003<br \/>\nPartner 1.4 -1998 A 2008<\/h1>\n<h1 class=\"ui-pdp-title\">C\u00f3digo: &#8211; 01f002a\/H001\/701071<\/h1>\n<h1><\/h1>\n<h1>NCM:- 84099969<\/h1>\n<h1>Bico Injetor tamb\u00e9m chamado de v\u00e1lvula injetora de combust\u00edvel, o bico injetor <b>\u00e9 respons\u00e1vel por pulverizar o combust\u00edvel de maneira estequiom\u00e9trica na c\u00e2mara de combust\u00e3o<\/b>. Isso \u00e9 feito atrav\u00e9s de pulsos el\u00e9tricos comandados pelo m\u00f3dulo de inje\u00e7\u00e3o (ECU).<\/h1>\n<h1><\/h1>\n<h1><\/h1>\n<p>&nbsp;<\/p>\n","protected":false},"excerpt":{"rendered":"<h2>Bico Injetor Gasolina Peugeot 206 1.4 8v &#8211; 01f002a<\/h2>\n","protected":false},"featured_media":25420,"template":"","meta":{"_seopress_robots_primary_cat":"none","_seopress_titles_title":"","_seopress_titles_desc":"","_seopress_robots_index":"","_joinchat":[]},"product_cat":[256,21],"product_tag":[246,132],"berocket_brand":[382,393],"_links":{"self":[{"href":"https:\/\/www.casadainjecao.com.br\/loja\/wp-json\/wp\/v2\/product\/21771"}],"collection":[{"href":"https:\/\/www.casadainjecao.com.br\/loja\/wp-json\/wp\/v2\/product"}],"about":[{"href":"https:\/\/www.casadainjecao.com.br\/loja\/wp-json\/wp\/v2\/types\/product"}],"wp:featuredmedia":[{"embeddable":true,"href":"https:\/\/www.casadainjecao.com.br\/loja\/wp-json\/wp\/v2\/media\/25420"}],"wp:attachment":[{"href":"https:\/\/www.casadainjecao.com.br\/loja\/wp-json\/wp\/v2\/media?parent=21771"}],"wp:term":[{"taxonomy":"product_cat","embeddable":true,"href":"https:\/\/www.casadainjecao.com.br\/loja\/wp-json\/wp\/v2\/product_cat?post=21771"},{"taxonomy":"product_tag","embeddable":true,"href":"https:\/\/www.casadainjecao.com.br\/loja\/wp-json\/wp\/v2\/product_tag?post=21771"},{"taxonomy":"berocket_brand","embeddable":true,"href":"https:\/\/www.casadainjecao.com.br\/loja\/wp-json\/wp\/v2\/berocket_brand?post=21771"}],"curies":[{"name":"wp","href":"https:\/\/api.w.org\/{rel}","templated":true}]}}