{"id":21990,"date":"2022-11-22T16:16:16","date_gmt":"2022-11-22T19:16:16","guid":{"rendered":"https:\/\/www.casadainjecao.com.br\/loja\/?post_type=product&#038;p=21990"},"modified":"2024-06-07T16:13:47","modified_gmt":"2024-06-07T19:13:47","slug":"correia-alternador-dayco-vw-gol-6pk1200","status":"publish","type":"product","link":"https:\/\/www.casadainjecao.com.br\/loja\/autopecas\/motor\/correias\/correia-alternador-dayco-vw-gol-6pk1200\/","title":{"rendered":"Correia Alternador Dayco VW Gol 6pk1200"},"content":{"rendered":"<h2>Correia Alternador Dayco 6pk1200<\/h2>\n<p><strong>VOLKSWAGEN<\/strong><\/p>\n<p>Volkswagen Gol 1.0 1.6 8V &#8211; 2008 (GIR \/ DH \/ ACD C \/ S) (EL\u00c1STICA ) MOTOR EA111<\/p>\n<p>Volkswagen Voyage 1.0 1.6 8V &#8211; 2008 (GIR \/ DH \/ ACD C \/ S) (EL\u00c1STICA ) MOTOR EA111<\/p>\n<p>Volkswagen Saveiro 1.0 1.6 8V &#8211; 2008 (GIR \/ DH \/ ACD C \/ S) (EL\u00c1STICA ) MOTOR EA111<\/p>\n<p>Volkswagen Fox 1.0 1.6 8V &#8211; 2008 (GIR \/ DH \/ ACD C \/ S) (EL\u00c1STICA ) MOTOR EA111<\/p>\n<p>Volkswagen Crossfox 1.0 1.6 8V &#8211; 2008 (GIR \/ DH \/ ACD C \/ S) (EL\u00c1STICA ) MOTOR EA111<\/p>\n<p>Volkswagen Spacefox 1.0 1.6 8V &#8211; 2008 (GIR \/ DH \/ ACD C \/ S) (EL\u00c1STICA ) MOTOR EA111<\/p>\n<p>Volkswagem Polo 1.0 1.6 8V &#8211; 2008 (GIR \/ DH \/ ACD C \/ S) (EL\u00c1STICA ) MOTOR EA111<\/p>\n<p><strong>RENAULT\u00a0<\/strong><\/p>\n<p>Megane Grandtour 1.6 16v<\/p>\n<h4>C\u00f3digo de Refer\u00eancia:<\/h4>\n<p>6PK1200<\/p>\n<h4>Condi\u00e7\u00f5es:<\/h4>\n<p>Nova Original \/ Marca Renault<\/p>\n<h4><strong>Garantia:<\/strong><\/h4>\n<p>3 Meses<strong>\u00a0<\/strong><\/p>\n<h3>ATEN\u00c7\u00c3O: Antes de efetuar a compra verifique o c\u00f3digo da sua pe\u00e7a que est\u00e1 instalada no seu ve\u00edculo.<\/h3>\n<h3><strong>APLICA\u00c7\u00c3O:<\/strong><\/h3>\n<p>Linha Renault<\/p>\n<h4><strong>O que \u00e9 e para que serve a Correia do Alternador?<\/strong><\/h4>\n<p>A Correia do Alternador, muitas vezes referida como correia de acess\u00f3rios ou correia serpentina, desempenha um papel crucial no sistema de acionamento de v\u00e1rios componentes em um ve\u00edculo. A fun\u00e7\u00e3o espec\u00edfica da correia do alternador \u00e9 transmitir a energia do virabrequim do motor para o alternador, permitindo assim a gera\u00e7\u00e3o de eletricidade.<\/p>\n<p>&nbsp;<\/p>\n<p>A Casa da Inje\u00e7\u00e3o oferece total garantia nos produtos comprados em nosso site.<\/p>\n<ol>\n<li>Cada item \u00e9 rigorosamente testado antes do envio<\/li>\n<li>Se os itens estiverem danificados ou parcialmente defeituosos, entre em contato conosco.<\/li>\n<\/ol>\n<p>Se houver qualquer defeito, n\u00f3s lhe enviaremos uma substitui\u00e7\u00e3o ap\u00f3s receber o pacote ou devolvemos seu dinheiro.<\/p>\n<p>Leia nossa\u00a0<a href=\"https:\/\/www.casadainjecao.com.br\/loja\/politica-de-devolucao\">pol\u00edtica de devolu\u00e7\u00e3o aqui<\/a><\/p>\n<p>\u2014\u2014\u2014\u2014\u2014\u2014\u2014\u2014\u2014\u2014\u2014\u2014\u2014\u2014\u2014\u2014\u2014\u2014\u2014\u2013<\/p>\n<p><strong>Tem alguma d\u00favida?<\/strong><\/p>\n<p>Entre em contato que podemos ajudar!<\/p>\n<p>Confira as informa\u00e7\u00f5es adicionais abaixo:<\/p>\n<ul>\n<li>Todos os nossos produtos s\u00e3o novos, semi-novos, originais e paralelos possuem garantia.<\/li>\n<li>Todos os produtos anunciados est\u00e3o dispon\u00edveis em estoque e s\u00e3o enviados com extrema rapidez.<\/li>\n<li>O frete pode ser simulado antes de efetuar a compra, basta clicar em \u201cver custos de envio\u201d.<\/li>\n<li>Verifique o endere\u00e7o de entrega cadastrado e atualize caso necess\u00e1rio.<\/li>\n<li>Confirme se a pe\u00e7a \u00e9 correta para o seu modelo de ve\u00edculo.<\/li>\n<li>Para pe\u00e7as automotivas, recomendamos a instala\u00e7\u00e3o por um profissional especializado.<\/li>\n<\/ul>\n<p>Caso possua outras d\u00favidas, entre em contato.<\/p>\n","protected":false},"excerpt":{"rendered":"<h2>Correia Alternador Dayco\u00a0VW Gol 6pk1200<\/h2>\n<p>&nbsp;<\/p>\n","protected":false},"featured_media":21999,"template":"","meta":{"_seopress_robots_primary_cat":"none","_seopress_titles_title":"","_seopress_titles_desc":"","_seopress_robots_index":"","_seopress_analysis_target_kw":"","_kad_blocks_custom_css":"","_kad_blocks_head_custom_js":"","_kad_blocks_body_custom_js":"","_kad_blocks_footer_custom_js":"","_kadence_starter_templates_imported_post":false,"_joinchat":[]},"product_brand":[],"product_cat":[213,22],"product_tag":[1477,76,59,50,1496,1476,1086],"berocket_brand":[381,394],"class_list":{"0":"post-21990","1":"product","2":"type-product","3":"status-publish","4":"has-post-thumbnail","6":"product_cat-correias","7":"product_cat-motor","8":"product_tag-crossfox","9":"product_tag-fox","10":"product_tag-gol","11":"product_tag-megane","12":"product_tag-savero","13":"product_tag-spacefox","14":"product_tag-voyage","15":"berocket_brand-chevrolet","16":"berocket_brand-renault","17":"thunk-woo-product-list","18":"big-store-woo-hover-zoom","19":"open-single-product-tab-horizontal","20":"open-shadow-","21":"open-shadow-hover-","23":"first","24":"instock","25":"sale","26":"taxable","27":"shipping-taxable","28":"purchasable","29":"product-type-simple"},"taxonomy_info":{"product_cat":[{"value":213,"label":"Correias"},{"value":22,"label":"Motor"}],"product_tag":[{"value":1477,"label":"Crossfox"},{"value":76,"label":"fox"},{"value":59,"label":"gol"},{"value":50,"label":"Megane"},{"value":1496,"label":"Savero"},{"value":1476,"label":"Spacefox"},{"value":1086,"label":"Voyage"}],"berocket_brand":[{"value":381,"label":"Chevrolet"},{"value":394,"label":"Renault"}]},"featured_image_src_large":["https:\/\/www.casadainjecao.com.br\/loja\/wp-content\/uploads\/2022\/11\/Correia-Alternador-6pk1200-900x676.jpg",640,481,true],"author_info":[],"comment_info":"","_links":{"self":[{"href":"https:\/\/www.casadainjecao.com.br\/loja\/wp-json\/wp\/v2\/product\/21990","targetHints":{"allow":["GET"]}}],"collection":[{"href":"https:\/\/www.casadainjecao.com.br\/loja\/wp-json\/wp\/v2\/product"}],"about":[{"href":"https:\/\/www.casadainjecao.com.br\/loja\/wp-json\/wp\/v2\/types\/product"}],"wp:featuredmedia":[{"embeddable":true,"href":"https:\/\/www.casadainjecao.com.br\/loja\/wp-json\/wp\/v2\/media\/21999"}],"wp:attachment":[{"href":"https:\/\/www.casadainjecao.com.br\/loja\/wp-json\/wp\/v2\/media?parent=21990"}],"wp:term":[{"taxonomy":"product_brand","embeddable":true,"href":"https:\/\/www.casadainjecao.com.br\/loja\/wp-json\/wp\/v2\/product_brand?post=21990"},{"taxonomy":"product_cat","embeddable":true,"href":"https:\/\/www.casadainjecao.com.br\/loja\/wp-json\/wp\/v2\/product_cat?post=21990"},{"taxonomy":"product_tag","embeddable":true,"href":"https:\/\/www.casadainjecao.com.br\/loja\/wp-json\/wp\/v2\/product_tag?post=21990"},{"taxonomy":"berocket_brand","embeddable":true,"href":"https:\/\/www.casadainjecao.com.br\/loja\/wp-json\/wp\/v2\/berocket_brand?post=21990"}],"curies":[{"name":"wp","href":"https:\/\/api.w.org\/{rel}","templated":true}]}}